{"id":423,"date":"2013-07-03T23:49:37","date_gmt":"2013-07-03T21:49:37","guid":{"rendered":"http:\/\/www.chile-reise.com\/wordpress\/?page_id=423"},"modified":"2015-04-10T20:07:32","modified_gmt":"2015-04-10T18:07:32","slug":"las-torres-patagonia","status":"publish","type":"page","link":"https:\/\/www.chile-reise.com\/de\/hotels\/patagonien\/las-torres-patagonia\/","title":{"rendered":"Hotel Las Torres Patagonia ****"},"content":{"rendered":"<p>\r\n        <style type='text\/css'>\r\n            #gallery-1 {\r\n                margin: auto;\r\n            }\r\n            #gallery-1 .gallery-item {\r\n                float: left;\r\n                margin-top: 10px;\r\n                text-align: center;\r\n                width: 33%;           }\r\n            #gallery-1 img {\r\n                border: 2px solid #cfcfcf;\r\n            }\r\n            #gallery-1 .gallery-caption {\r\n                margin-left: 0;\r\n            }\r\n        <\/style>\r\n        <!-- see gallery_shortcode() in wp-includes\/media.php -->\r\n        <div id='gallery-1' class='gallery-images gallery galleryid-423'><dl class='gallery-item'>\r\n            <dt class='gallery-icon'>\r\n                <a href='https:\/\/www.chile-reise.com\/wp-content\/uploads\/Las-Torres-afuera-small.jpg'><img loading=\"lazy\" decoding=\"async\" width=\"240\" height=\"140\" src=\"https:\/\/www.chile-reise.com\/wp-content\/uploads\/Las-Torres-afuera-small-240x140.jpg\" class=\"attachment-thumbnail size-thumbnail\" alt=\"Las Torres afuera small\" \/><\/a>\r\n            <\/dt>\r\n                <dd class='gallery-caption'>\r\n                Hotel Las Torres Patagonia\r\n                <\/dd><\/dl><dl class='gallery-item'>\r\n            <dt class='gallery-icon'>\r\n                <a href='https:\/\/www.chile-reise.com\/wp-content\/uploads\/Las-Torres-Dbl-Sup-3-small.jpg'><img loading=\"lazy\" decoding=\"async\" width=\"240\" height=\"140\" src=\"https:\/\/www.chile-reise.com\/wp-content\/uploads\/Las-Torres-Dbl-Sup-3-small-240x140.jpg\" class=\"attachment-thumbnail size-thumbnail\" alt=\"Las Torres Dbl Sup 3 small\" \/><\/a>\r\n            <\/dt>\r\n                <dd class='gallery-caption'>\r\n                Hotel Las Torres Patagonia Room\r\n                <\/dd><\/dl>\r\n            <br style='clear: both;' \/>\r\n        <\/div>\n\n<div class=\"clear\"><\/div><div class=\"divider\"><\/div>\n<p>Das Hotel Las Torres Patagonia ist eine komfortable Lodge, die sich direkt am Fu\u00df der Torres Spitzen befindet, wo mehrere sch\u00f6ne Wanderwege beginnen. Die Geb\u00e4ude sind Teil einer ehemaligen Schaffarm, die mit gro\u00dfem Aufwand umgebaut wurden. Die Zimmer sind gem\u00fctllich eingerichtet, und das Wohnzimmer mit Kamin l\u00e4dt dazu ein, am Abend nach einer Wanderung im Nationalpark zu relaxen. Auch das Spa mit seinen verschiedenen Massageangeboten verspricht Entspannung. Ein gutes Restaurant verw\u00f6hnt mit patagonischer und internationaler K\u00fcche. Das verwendete Obst und Gem\u00fcse kommt aus eigenem, organischen Anbau und das Fleisch stammt aus eigener Haltung.<\/p>\n<p><strong>Zimmer:<\/strong> 84<br \/>\n<strong>Ausstattung:<\/strong> Heizung, Haartrockner, Telefon, Restaurant, Bar, Souvenirshop, Geldwechsel, Versammlungsr\u00e4ume, Garten, Spa mit Sauna und Massageservice, Pferde, W\u00e4scheservice, Parkpl\u00e4tze<br \/>\n<strong>Aktivit\u00e4ten:<\/strong> All-inclusive-Programme mit Exkursionen<br \/>\n<strong>Internet:<\/strong> Wi-Fi<br \/>\n<em>Ausgezeichnet mit \u201eSello S\u201c, dem chilenischen Nachhaltigkeitssiegel.<\/em><br \/>\n<\/p>","protected":false},"excerpt":{"rendered":"<p>Das Hotel Las Torres Patagonia ist eine komfortable Lodge, die sich direkt am Fu\u00df der Torres Spitzen befindet, wo mehrere sch\u00f6ne Wanderwege beginnen. Die Geb\u00e4ude sind Teil einer ehemaligen Schaffarm, die mit gro\u00dfem Aufwand umgebaut wurden. Die Zimmer sind gem\u00fctllich &#8230;<\/p>\n","protected":false},"author":16,"featured_media":0,"parent":221,"menu_order":0,"comment_status":"open","ping_status":"open","template":"","meta":{"slim_seo":{"title":"Hotel Las Torres Patagonia **** Hotel Las Torres Patagonia **** - travelArt","description":"Hotel Las Torres Patagonia Hotel Las Torres Patagonia Room Das Hotel Las Torres Patagonia ist eine komfortable Lodge, die sich direkt am Fu\u00df der Torres Spitzen"},"footnotes":""},"class_list":["post-423","page","type-page","status-publish","hentry"],"_links":{"self":[{"href":"https:\/\/www.chile-reise.com\/de\/wp-json\/wp\/v2\/pages\/423","targetHints":{"allow":["GET"]}}],"collection":[{"href":"https:\/\/www.chile-reise.com\/de\/wp-json\/wp\/v2\/pages"}],"about":[{"href":"https:\/\/www.chile-reise.com\/de\/wp-json\/wp\/v2\/types\/page"}],"author":[{"embeddable":true,"href":"https:\/\/www.chile-reise.com\/de\/wp-json\/wp\/v2\/users\/16"}],"replies":[{"embeddable":true,"href":"https:\/\/www.chile-reise.com\/de\/wp-json\/wp\/v2\/comments?post=423"}],"version-history":[{"count":0,"href":"https:\/\/www.chile-reise.com\/de\/wp-json\/wp\/v2\/pages\/423\/revisions"}],"up":[{"embeddable":true,"href":"https:\/\/www.chile-reise.com\/de\/wp-json\/wp\/v2\/pages\/221"}],"wp:attachment":[{"href":"https:\/\/www.chile-reise.com\/de\/wp-json\/wp\/v2\/media?parent=423"}],"curies":[{"name":"wp","href":"https:\/\/api.w.org\/{rel}","templated":true}]}}