{"id":422,"date":"2013-07-03T23:48:34","date_gmt":"2013-07-03T21:48:34","guid":{"rendered":"http:\/\/www.chile-reise.com\/wordpress\/?page_id=422"},"modified":"2014-02-28T20:34:43","modified_gmt":"2014-02-28T18:34:43","slug":"hotel-cabanas-del-paine","status":"publish","type":"page","link":"https:\/\/www.chile-reise.com\/de\/hotels\/patagonien\/hotel-cabanas-del-paine\/","title":{"rendered":"Hotel Caba\u00f1as del Paine ***"},"content":{"rendered":"<p>\r\n        <style type='text\/css'>\r\n            #gallery-1 {\r\n                margin: auto;\r\n            }\r\n            #gallery-1 .gallery-item {\r\n                float: left;\r\n                margin-top: 10px;\r\n                text-align: center;\r\n                width: 33%;           }\r\n            #gallery-1 img {\r\n                border: 2px solid #cfcfcf;\r\n            }\r\n            #gallery-1 .gallery-caption {\r\n                margin-left: 0;\r\n            }\r\n        <\/style>\r\n        <!-- see gallery_shortcode() in wp-includes\/media.php -->\r\n        <div id='gallery-1' class='gallery-images gallery galleryid-422'><dl class='gallery-item'>\r\n            <dt class='gallery-icon'>\r\n                <a href='https:\/\/www.chile-reise.com\/wp-content\/uploads\/CDP_exterior_klein.jpg'><img loading=\"lazy\" decoding=\"async\" width=\"240\" height=\"140\" src=\"https:\/\/www.chile-reise.com\/wp-content\/uploads\/CDP_exterior_klein-240x140.jpg\" class=\"attachment-thumbnail size-thumbnail\" alt=\"CDP exterior klein\" \/><\/a>\r\n            <\/dt>\r\n                <dd class='gallery-caption'>\r\n                Caba\u00f1as del Paine\r\n                <\/dd><\/dl><dl class='gallery-item'>\r\n            <dt class='gallery-icon'>\r\n                <a href='https:\/\/www.chile-reise.com\/wp-content\/uploads\/Fachada_klein6.jpg'><img loading=\"lazy\" decoding=\"async\" width=\"240\" height=\"140\" src=\"https:\/\/www.chile-reise.com\/wp-content\/uploads\/Fachada_klein6-240x140.jpg\" class=\"attachment-thumbnail size-thumbnail\" alt=\"Fachada klein\" \/><\/a>\r\n            <\/dt>\r\n                <dd class='gallery-caption'>\r\n                Caba\u00f1as del Paine\r\n                <\/dd><\/dl><dl class='gallery-item'>\r\n            <dt class='gallery-icon'>\r\n                <a href='https:\/\/www.chile-reise.com\/wp-content\/uploads\/CDP_habitacion-mat_klein.jpg'><img loading=\"lazy\" decoding=\"async\" width=\"240\" height=\"140\" src=\"https:\/\/www.chile-reise.com\/wp-content\/uploads\/CDP_habitacion-mat_klein-240x140.jpg\" class=\"attachment-thumbnail size-thumbnail\" alt=\"CDP habitacion mat klein\" \/><\/a>\r\n            <\/dt>\r\n                <dd class='gallery-caption'>\r\n                Caba\u00f1as del Paine Room\r\n                <\/dd><\/dl><br style=\"clear: both\" \/><dl class='gallery-item'>\r\n            <dt class='gallery-icon'>\r\n                <a href='https:\/\/www.chile-reise.com\/wp-content\/uploads\/Caba\u00f1as-del-Paine_-area-comun_klein.jpg'><img loading=\"lazy\" decoding=\"async\" width=\"240\" height=\"140\" src=\"https:\/\/www.chile-reise.com\/wp-content\/uploads\/Caba\u00f1as-del-Paine_-area-comun_klein-240x140.jpg\" class=\"attachment-thumbnail size-thumbnail\" alt=\"Caba\u00f1as del Paine area comun klein\" \/><\/a>\r\n            <\/dt>\r\n                <dd class='gallery-caption'>\r\n                Caba\u00f1as del Paine Lobby\r\n                <\/dd><\/dl>\r\n            <br style='clear: both;' \/>\r\n        <\/div>\n<div class=\"clear\"><\/div><div class=\"divider\"><\/div>\n<p>Die Caba\u00f1as del Paine liegen am Ufer des t\u00fcrkisfarbenen Serrano-Flusses am Rande des Nationalparks Torres del Paine. Das Paine-Massiv ist vom Speisesaal aus durch die gro\u00dfen Fenster zu sehen. Die einfachen, aber gem\u00fctlichen Zimmer sind auf mehrere Holzh\u00fctten (\u201eCaba\u00f1as\u201c), sowie ein neueres Hotelgeb\u00e4ude. Im Restaurant werden die G\u00e4ste mit patagonischer und internationaler K\u00fcche verw\u00f6hnt, Fleisch und Fisch kommen vom Holzkohle-Grill und Backwaren werden stets frisch vor Ort zubereitet.<\/p>\n<p><strong>Zimmer:<\/strong> 44<br \/>\n<strong>Ausstattung:<\/strong> Heizung, Haartrockner, Kinderbetten auf Anfrage, Restaurant, TV im Aufenthaltsraum,Telefon und Safe an der Rezeption, Quincho-Grill, Hot-Tub, W\u00e4scheservice, Parkpl\u00e4tze<br \/>\n<strong>Internet:<\/strong> Wi-Fi <\/p>","protected":false},"excerpt":{"rendered":"<p>Die Caba\u00f1as del Paine liegen am Ufer des t\u00fcrkisfarbenen Serrano-Flusses am Rande des Nationalparks Torres del Paine. Das Paine-Massiv ist vom Speisesaal aus durch die gro\u00dfen Fenster zu sehen. Die einfachen, aber gem\u00fctlichen Zimmer sind auf mehrere Holzh\u00fctten (\u201eCaba\u00f1as\u201c), sowie &#8230;<\/p>\n","protected":false},"author":16,"featured_media":0,"parent":221,"menu_order":0,"comment_status":"open","ping_status":"open","template":"","meta":{"slim_seo":{"title":"Hotel Caba\u00f1as del Paine *** Hotel Caba\u00f1as del Paine *** - travelArt","description":"Caba\u00f1as del Paine Caba\u00f1as del Paine Caba\u00f1as del Paine Room Caba\u00f1as del Paine Lobby Die Caba\u00f1as del Paine liegen am Ufer des t\u00fcrkisfarbenen Serrano-Flusses am Ra"},"footnotes":""},"class_list":["post-422","page","type-page","status-publish","hentry"],"_links":{"self":[{"href":"https:\/\/www.chile-reise.com\/de\/wp-json\/wp\/v2\/pages\/422","targetHints":{"allow":["GET"]}}],"collection":[{"href":"https:\/\/www.chile-reise.com\/de\/wp-json\/wp\/v2\/pages"}],"about":[{"href":"https:\/\/www.chile-reise.com\/de\/wp-json\/wp\/v2\/types\/page"}],"author":[{"embeddable":true,"href":"https:\/\/www.chile-reise.com\/de\/wp-json\/wp\/v2\/users\/16"}],"replies":[{"embeddable":true,"href":"https:\/\/www.chile-reise.com\/de\/wp-json\/wp\/v2\/comments?post=422"}],"version-history":[{"count":0,"href":"https:\/\/www.chile-reise.com\/de\/wp-json\/wp\/v2\/pages\/422\/revisions"}],"up":[{"embeddable":true,"href":"https:\/\/www.chile-reise.com\/de\/wp-json\/wp\/v2\/pages\/221"}],"wp:attachment":[{"href":"https:\/\/www.chile-reise.com\/de\/wp-json\/wp\/v2\/media?parent=422"}],"curies":[{"name":"wp","href":"https:\/\/api.w.org\/{rel}","templated":true}]}}