{"id":421,"date":"2013-07-03T23:47:28","date_gmt":"2013-07-03T21:47:28","guid":{"rendered":"http:\/\/www.chile-reise.com\/wordpress\/?page_id=421"},"modified":"2014-02-28T20:53:48","modified_gmt":"2014-02-28T18:53:48","slug":"hotel-lago-grey","status":"publish","type":"page","link":"https:\/\/www.chile-reise.com\/de\/hotels\/patagonien\/hotel-lago-grey\/","title":{"rendered":"Hotel Lago Grey ****"},"content":{"rendered":"<p>\r\n        <style type='text\/css'>\r\n            #gallery-1 {\r\n                margin: auto;\r\n            }\r\n            #gallery-1 .gallery-item {\r\n                float: left;\r\n                margin-top: 10px;\r\n                text-align: center;\r\n                width: 33%;           }\r\n            #gallery-1 img {\r\n                border: 2px solid #cfcfcf;\r\n            }\r\n            #gallery-1 .gallery-caption {\r\n                margin-left: 0;\r\n            }\r\n        <\/style>\r\n        <!-- see gallery_shortcode() in wp-includes\/media.php -->\r\n        <div id='gallery-1' class='gallery-images gallery galleryid-421'><dl class='gallery-item'>\r\n            <dt class='gallery-icon'>\r\n                <a href='https:\/\/www.chile-reise.com\/wp-content\/uploads\/Lago-Grey_klein-Webseite.jpg'><img loading=\"lazy\" decoding=\"async\" width=\"240\" height=\"140\" src=\"https:\/\/www.chile-reise.com\/wp-content\/uploads\/Lago-Grey_klein-Webseite-240x140.jpg\" class=\"attachment-thumbnail size-thumbnail\" alt=\"Lago Grey klein Webseite\" \/><\/a>\r\n            <\/dt>\r\n                <dd class='gallery-caption'>\r\n                Hotel Lago Grey\r\n                <\/dd><\/dl><dl class='gallery-item'>\r\n            <dt class='gallery-icon'>\r\n                <a href='https:\/\/www.chile-reise.com\/wp-content\/uploads\/Lago-Grey-SUP-nuevo_klein-Webseite.jpg'><img loading=\"lazy\" decoding=\"async\" width=\"240\" height=\"140\" src=\"https:\/\/www.chile-reise.com\/wp-content\/uploads\/Lago-Grey-SUP-nuevo_klein-Webseite-240x140.jpg\" class=\"attachment-thumbnail size-thumbnail\" alt=\"Lago Grey SUP nuevo klein Webseite\" \/><\/a>\r\n            <\/dt>\r\n                <dd class='gallery-caption'>\r\n                Hotel Lago Grey Room\r\n                <\/dd><\/dl>\r\n            <br style='clear: both;' \/>\r\n        <\/div>\n<div class=\"clear\"><\/div><div class=\"divider\"><\/div>\n<p>Das Hotel Lago Grey liegt wundersch\u00f6n in einem Waldst\u00fcck am Ufer des Grey-Sees, mitten im Nationalpark Torres del Paine. Die Zimmer sind komfortabel und angenehm. Restaurant und Bar, die durch Holzstege mit den anderen Geb\u00e4uden verbunden sind, bieten durch ihre gro\u00dfen Fenster einen sch\u00f6nen Blick auf den Grey-See und den gleichnamigen Gletscher, der den See immer wieder mit kleinen Eisbergen schm\u00fcckt. Highlight in der Bar sind neben der Aussicht die mit jahrtausende altem Gletschereis zubereiteten Drinks. An der Hoster\u00eda Lago Grey beginnen mehrere Wanderwege und auch die Bootsexkursion zum Gletscher startet hier.<\/p>\n<p><strong>Zimmer:<\/strong> 60<br \/>\n<strong>Ausstattung:<\/strong> Heizung, Telefon, Safe, Restaurant, Bar, Konferenzr\u00e4ume, W\u00e4scheservice, Parkpl\u00e4tze<br \/>\n<strong>Internet:<\/strong> Wi-Fi<\/p>","protected":false},"excerpt":{"rendered":"<p>Das Hotel Lago Grey liegt wundersch\u00f6n in einem Waldst\u00fcck am Ufer des Grey-Sees, mitten im Nationalpark Torres del Paine. Die Zimmer sind komfortabel und angenehm. Restaurant und Bar, die durch Holzstege mit den anderen Geb\u00e4uden verbunden sind, bieten durch ihre &#8230;<\/p>\n","protected":false},"author":16,"featured_media":0,"parent":221,"menu_order":0,"comment_status":"open","ping_status":"open","template":"","meta":{"slim_seo":{"title":"Hotel Lago Grey **** Hotel Lago Grey **** - travelArt","description":"Hotel Lago Grey Hotel Lago Grey Room Das Hotel Lago Grey liegt wundersch\u00f6n in einem Waldst\u00fcck am Ufer des Grey-Sees, mitten im Nationalpark Torres del Paine. Di"},"footnotes":""},"class_list":["post-421","page","type-page","status-publish","hentry"],"_links":{"self":[{"href":"https:\/\/www.chile-reise.com\/de\/wp-json\/wp\/v2\/pages\/421","targetHints":{"allow":["GET"]}}],"collection":[{"href":"https:\/\/www.chile-reise.com\/de\/wp-json\/wp\/v2\/pages"}],"about":[{"href":"https:\/\/www.chile-reise.com\/de\/wp-json\/wp\/v2\/types\/page"}],"author":[{"embeddable":true,"href":"https:\/\/www.chile-reise.com\/de\/wp-json\/wp\/v2\/users\/16"}],"replies":[{"embeddable":true,"href":"https:\/\/www.chile-reise.com\/de\/wp-json\/wp\/v2\/comments?post=421"}],"version-history":[{"count":0,"href":"https:\/\/www.chile-reise.com\/de\/wp-json\/wp\/v2\/pages\/421\/revisions"}],"up":[{"embeddable":true,"href":"https:\/\/www.chile-reise.com\/de\/wp-json\/wp\/v2\/pages\/221"}],"wp:attachment":[{"href":"https:\/\/www.chile-reise.com\/de\/wp-json\/wp\/v2\/media?parent=421"}],"curies":[{"name":"wp","href":"https:\/\/api.w.org\/{rel}","templated":true}]}}