{"id":419,"date":"2013-07-03T23:46:19","date_gmt":"2013-07-03T21:46:19","guid":{"rendered":"http:\/\/www.chile-reise.com\/wordpress\/?page_id=419"},"modified":"2014-02-28T22:28:44","modified_gmt":"2014-02-28T20:28:44","slug":"patagonia-camp","status":"publish","type":"page","link":"https:\/\/www.chile-reise.com\/de\/hotels\/patagonien\/patagonia-camp\/","title":{"rendered":"Patagonia Camp ****"},"content":{"rendered":"<p>\r\n        <style type='text\/css'>\r\n            #gallery-1 {\r\n                margin: auto;\r\n            }\r\n            #gallery-1 .gallery-item {\r\n                float: left;\r\n                margin-top: 10px;\r\n                text-align: center;\r\n                width: 33%;           }\r\n            #gallery-1 img {\r\n                border: 2px solid #cfcfcf;\r\n            }\r\n            #gallery-1 .gallery-caption {\r\n                margin-left: 0;\r\n            }\r\n        <\/style>\r\n        <!-- see gallery_shortcode() in wp-includes\/media.php -->\r\n        <div id='gallery-1' class='gallery-images gallery galleryid-419'><dl class='gallery-item'>\r\n            <dt class='gallery-icon'>\r\n                <a href='https:\/\/www.chile-reise.com\/wp-content\/uploads\/exterior2_klein.jpg'><img loading=\"lazy\" decoding=\"async\" width=\"240\" height=\"140\" src=\"https:\/\/www.chile-reise.com\/wp-content\/uploads\/exterior2_klein-240x140.jpg\" class=\"attachment-thumbnail size-thumbnail\" alt=\"Exterior2 klein\" \/><\/a>\r\n            <\/dt>\r\n                <dd class='gallery-caption'>\r\n                Hotel Patagonia Camp\r\n                <\/dd><\/dl><dl class='gallery-item'>\r\n            <dt class='gallery-icon'>\r\n                <a href='https:\/\/www.chile-reise.com\/wp-content\/uploads\/Patagonia_Camp_5.jpg'><img loading=\"lazy\" decoding=\"async\" width=\"240\" height=\"140\" src=\"https:\/\/www.chile-reise.com\/wp-content\/uploads\/Patagonia_Camp_5-240x140.jpg\" class=\"attachment-thumbnail size-thumbnail\" alt=\"Patagonia Camp\" \/><\/a>\r\n            <\/dt>\r\n                <dd class='gallery-caption'>\r\n                Hotel Patagonia Camp\r\n                <\/dd><\/dl><dl class='gallery-item'>\r\n            <dt class='gallery-icon'>\r\n                <a href='https:\/\/www.chile-reise.com\/wp-content\/uploads\/Habitaci\u00f3n_klein9.jpg'><img loading=\"lazy\" decoding=\"async\" width=\"240\" height=\"140\" src=\"https:\/\/www.chile-reise.com\/wp-content\/uploads\/Habitaci\u00f3n_klein9-240x140.jpg\" class=\"attachment-thumbnail size-thumbnail\" alt=\"Habitaci\u00f3n klein\" \/><\/a>\r\n            <\/dt>\r\n                <dd class='gallery-caption'>\r\n                Hotel Patagonia Camp Room\r\n                <\/dd><\/dl><br style=\"clear: both\" \/><dl class='gallery-item'>\r\n            <dt class='gallery-icon'>\r\n                <a href='https:\/\/www.chile-reise.com\/wp-content\/uploads\/Twin-Tarde_klein.jpg'><img loading=\"lazy\" decoding=\"async\" width=\"240\" height=\"140\" src=\"https:\/\/www.chile-reise.com\/wp-content\/uploads\/Twin-Tarde_klein-240x140.jpg\" class=\"attachment-thumbnail size-thumbnail\" alt=\"Twin Tarde klein\" \/><\/a>\r\n            <\/dt>\r\n                <dd class='gallery-caption'>\r\n                Hotel Patagonia Camp Room\r\n                <\/dd><\/dl><dl class='gallery-item'>\r\n            <dt class='gallery-icon'>\r\n                <a href='https:\/\/www.chile-reise.com\/wp-content\/uploads\/recepcin_klein.jpg'><img loading=\"lazy\" decoding=\"async\" width=\"240\" height=\"140\" src=\"https:\/\/www.chile-reise.com\/wp-content\/uploads\/recepcin_klein-240x140.jpg\" class=\"attachment-thumbnail size-thumbnail\" alt=\"Recepcin klein\" \/><\/a>\r\n            <\/dt>\r\n                <dd class='gallery-caption'>\r\n                Hotel Patagonia Camp Reception\r\n                <\/dd><\/dl>\r\n            <br style='clear: both;' \/>\r\n        <\/div>\n<div class=\"clear\"><\/div><div class=\"divider\"><\/div>\n<p>Unter dem klaren Sternenhimmel des S\u00fcdens schlafen, und auf keinerlei Komfort verzichten &#8211; das ist die Idee des Patagonia Camps. Es liegt am Rand des Nationalparks Torres del Paine, am Ufer des Toro-Sees und gegen\u00fcber dem Paine-Massiv. In den  ger\u00e4umigen Jurten gibt es ein Privatbad, Parkettfu\u00dfboden, gro\u00dfe bequeme Betten und eine eigene Terrasse mit Berg- und Seeblick. Die Einrichtung und Dekoration im patagonischen Stil sind geschmackvoll und hochwertig; ein ausgekl\u00fcgeltes Heizungs- und Ventilationssystem sorgt f\u00fcr behagliche W\u00e4rme &#8211; Camping deluxe! Am Abend laden Lounge und Restaurant ein, die Abenteuer des Tages bei patagonischen Spezialit\u00e4ten Revue passieren zu lassen.<\/p>\n<p><strong>Zimmer:<\/strong> 18 Jurten<br \/>\n<strong>Ausstattung:<\/strong> Zentralheizung, Haartrockner, Telefon, Terrasse, Restaurant, Lounge, W\u00e4scheservice<br \/>\n<strong>Aktivit\u00e4ten:<\/strong> All-inclusive-Programme mit Exkursionen<br \/>\n<strong>Internet:<\/strong> Wi-Fi in der Lounge<\/p>","protected":false},"excerpt":{"rendered":"<p>Unter dem klaren Sternenhimmel des S\u00fcdens schlafen, und auf keinerlei Komfort verzichten &#8211; das ist die Idee des Patagonia Camps. Es liegt am Rand des Nationalparks Torres del Paine, am Ufer des Toro-Sees und gegen\u00fcber dem Paine-Massiv. In den ger\u00e4umigen &#8230;<\/p>\n","protected":false},"author":16,"featured_media":0,"parent":221,"menu_order":0,"comment_status":"open","ping_status":"open","template":"","meta":{"slim_seo":{"title":"Patagonia Camp **** Patagonia Camp **** - travelArt","description":"Hotel Patagonia Camp Hotel Patagonia Camp Hotel Patagonia Camp Room Hotel Patagonia Camp Room Hotel Patagonia Camp Reception Unter dem klaren Sternenhimmel des"},"footnotes":""},"class_list":["post-419","page","type-page","status-publish","hentry"],"_links":{"self":[{"href":"https:\/\/www.chile-reise.com\/de\/wp-json\/wp\/v2\/pages\/419","targetHints":{"allow":["GET"]}}],"collection":[{"href":"https:\/\/www.chile-reise.com\/de\/wp-json\/wp\/v2\/pages"}],"about":[{"href":"https:\/\/www.chile-reise.com\/de\/wp-json\/wp\/v2\/types\/page"}],"author":[{"embeddable":true,"href":"https:\/\/www.chile-reise.com\/de\/wp-json\/wp\/v2\/users\/16"}],"replies":[{"embeddable":true,"href":"https:\/\/www.chile-reise.com\/de\/wp-json\/wp\/v2\/comments?post=419"}],"version-history":[{"count":0,"href":"https:\/\/www.chile-reise.com\/de\/wp-json\/wp\/v2\/pages\/419\/revisions"}],"up":[{"embeddable":true,"href":"https:\/\/www.chile-reise.com\/de\/wp-json\/wp\/v2\/pages\/221"}],"wp:attachment":[{"href":"https:\/\/www.chile-reise.com\/de\/wp-json\/wp\/v2\/media?parent=419"}],"curies":[{"name":"wp","href":"https:\/\/api.w.org\/{rel}","templated":true}]}}