{"id":417,"date":"2013-07-03T23:45:17","date_gmt":"2013-07-03T21:45:17","guid":{"rendered":"http:\/\/www.chile-reise.com\/wordpress\/?page_id=417"},"modified":"2014-02-28T21:07:38","modified_gmt":"2014-02-28T19:07:38","slug":"hotel-rio-serrano","status":"publish","type":"page","link":"https:\/\/www.chile-reise.com\/de\/hotels\/patagonien\/hotel-rio-serrano\/","title":{"rendered":"Hotel Rio Serrano ****"},"content":{"rendered":"<p>\r\n        <style type='text\/css'>\r\n            #gallery-1 {\r\n                margin: auto;\r\n            }\r\n            #gallery-1 .gallery-item {\r\n                float: left;\r\n                margin-top: 10px;\r\n                text-align: center;\r\n                width: 33%;           }\r\n            #gallery-1 img {\r\n                border: 2px solid #cfcfcf;\r\n            }\r\n            #gallery-1 .gallery-caption {\r\n                margin-left: 0;\r\n            }\r\n        <\/style>\r\n        <!-- see gallery_shortcode() in wp-includes\/media.php -->\r\n        <div id='gallery-1' class='gallery-images gallery galleryid-417'><dl class='gallery-item'>\r\n            <dt class='gallery-icon'>\r\n                <a href='https:\/\/www.chile-reise.com\/wp-content\/uploads\/HOTEL-RIO-SERRANO_fachada_klein.jpg'><img loading=\"lazy\" decoding=\"async\" width=\"240\" height=\"140\" src=\"https:\/\/www.chile-reise.com\/wp-content\/uploads\/HOTEL-RIO-SERRANO_fachada_klein-240x140.jpg\" class=\"attachment-thumbnail size-thumbnail\" alt=\"HOTEL RIO SERRANO fachada klein\" \/><\/a>\r\n            <\/dt>\r\n                <dd class='gallery-caption'>\r\n                Hotel Rio Serrano\r\n                <\/dd><\/dl><dl class='gallery-item'>\r\n            <dt class='gallery-icon'>\r\n                <a href='https:\/\/www.chile-reise.com\/wp-content\/uploads\/HOTEL-RIO-SERRANO_klein.jpg'><img loading=\"lazy\" decoding=\"async\" width=\"240\" height=\"140\" src=\"https:\/\/www.chile-reise.com\/wp-content\/uploads\/HOTEL-RIO-SERRANO_klein-240x140.jpg\" class=\"attachment-thumbnail size-thumbnail\" alt=\"HOTEL RIO SERRANO klein\" \/><\/a>\r\n            <\/dt>\r\n                <dd class='gallery-caption'>\r\n                Hotel Rio Serrano Room\r\n                <\/dd><\/dl><dl class='gallery-item'>\r\n            <dt class='gallery-icon'>\r\n                <a href='https:\/\/www.chile-reise.com\/wp-content\/uploads\/HOTEL-RIO-SERRANO_restaurante_klein.jpg'><img loading=\"lazy\" decoding=\"async\" width=\"240\" height=\"140\" src=\"https:\/\/www.chile-reise.com\/wp-content\/uploads\/HOTEL-RIO-SERRANO_restaurante_klein-240x140.jpg\" class=\"attachment-thumbnail size-thumbnail\" alt=\"HOTEL RIO SERRANO restaurante klein\" \/><\/a>\r\n            <\/dt>\r\n                <dd class='gallery-caption'>\r\n                Hotel Rio Serrano Restaurant\r\n                <\/dd><\/dl><br style=\"clear: both\" \/>\r\n            <br style='clear: both;' \/>\r\n        <\/div>\n<div class=\"clear\"><\/div><div class=\"divider\"><\/div>\n<p>Das komfortable Hotel Rio Serrano liegt direkt am Fluss Serrano, der sich dort idyllisch durch gr\u00fcne Wiesen schl\u00e4ngelt. Die Superiorzimmer, die Aufenthaltsbereiche und das Restaurant haben gro\u00dfe Panoramafenster und bieten einen spektakul\u00e4ren Blick auf die Torres del Paine, die dem Hotel gegen\u00fcber liegen. Die Aufenhaltsbereiche des Hotels sind \u00fcberaus gem\u00fctlich, ein offener Kamin l\u00e4dt zum abendlichen Zusammensein mit Wohnzimmer-Atmosph\u00e4re ein.<\/p>\n<p><strong>Zimmer:<\/strong> 95<br \/>\n<strong>Ausstattung:<\/strong> Zentralheizung, Telefon, Haartrockner, Minibar, Safe, Restaurant, Bar mit TV, Bibliothek, sechs Leses\u00e4le, Kamin, Garten Eventsalons, Souvenir- und Ausr\u00fcstungsshop, Kinderbetreuung, W\u00e4scheservice, Parkpl\u00e4tze<br \/>\n<strong>Internet:<\/strong> Wi-Fi<\/p>","protected":false},"excerpt":{"rendered":"<p>Das komfortable Hotel Rio Serrano liegt direkt am Fluss Serrano, der sich dort idyllisch durch gr\u00fcne Wiesen schl\u00e4ngelt. Die Superiorzimmer, die Aufenthaltsbereiche und das Restaurant haben gro\u00dfe Panoramafenster und bieten einen spektakul\u00e4ren Blick auf die Torres del Paine, die dem &#8230;<\/p>\n","protected":false},"author":16,"featured_media":0,"parent":221,"menu_order":0,"comment_status":"open","ping_status":"open","template":"","meta":{"slim_seo":{"title":"Hotel Rio Serrano **** Hotel Rio Serrano **** - travelArt","description":"Hotel Rio Serrano Hotel Rio Serrano Room Hotel Rio Serrano Restaurant Das komfortable Hotel Rio Serrano liegt direkt am Fluss Serrano, der sich dort idyllisch d"},"footnotes":""},"class_list":["post-417","page","type-page","status-publish","hentry"],"_links":{"self":[{"href":"https:\/\/www.chile-reise.com\/de\/wp-json\/wp\/v2\/pages\/417","targetHints":{"allow":["GET"]}}],"collection":[{"href":"https:\/\/www.chile-reise.com\/de\/wp-json\/wp\/v2\/pages"}],"about":[{"href":"https:\/\/www.chile-reise.com\/de\/wp-json\/wp\/v2\/types\/page"}],"author":[{"embeddable":true,"href":"https:\/\/www.chile-reise.com\/de\/wp-json\/wp\/v2\/users\/16"}],"replies":[{"embeddable":true,"href":"https:\/\/www.chile-reise.com\/de\/wp-json\/wp\/v2\/comments?post=417"}],"version-history":[{"count":0,"href":"https:\/\/www.chile-reise.com\/de\/wp-json\/wp\/v2\/pages\/417\/revisions"}],"up":[{"embeddable":true,"href":"https:\/\/www.chile-reise.com\/de\/wp-json\/wp\/v2\/pages\/221"}],"wp:attachment":[{"href":"https:\/\/www.chile-reise.com\/de\/wp-json\/wp\/v2\/media?parent=417"}],"curies":[{"name":"wp","href":"https:\/\/api.w.org\/{rel}","templated":true}]}}