{"id":416,"date":"2013-07-03T23:43:13","date_gmt":"2013-07-03T21:43:13","guid":{"rendered":"http:\/\/www.chile-reise.com\/wordpress\/?page_id=416"},"modified":"2014-02-28T21:20:05","modified_gmt":"2014-02-28T19:20:05","slug":"hotel-tierra-patagonia","status":"publish","type":"page","link":"https:\/\/www.chile-reise.com\/de\/hotels\/patagonien\/hotel-tierra-patagonia\/","title":{"rendered":"Hotel Tierra Patagonia *****"},"content":{"rendered":"<p>\r\n        <style type='text\/css'>\r\n            #gallery-1 {\r\n                margin: auto;\r\n            }\r\n            #gallery-1 .gallery-item {\r\n                float: left;\r\n                margin-top: 10px;\r\n                text-align: center;\r\n                width: 33%;           }\r\n            #gallery-1 img {\r\n                border: 2px solid #cfcfcf;\r\n            }\r\n            #gallery-1 .gallery-caption {\r\n                margin-left: 0;\r\n            }\r\n        <\/style>\r\n        <!-- see gallery_shortcode() in wp-includes\/media.php -->\r\n        <div id='gallery-1' class='gallery-images gallery galleryid-416'><dl class='gallery-item'>\r\n            <dt class='gallery-icon'>\r\n                <a href='https:\/\/www.chile-reise.com\/wp-content\/uploads\/Fachada_klein9.jpg'><img loading=\"lazy\" decoding=\"async\" width=\"240\" height=\"140\" src=\"https:\/\/www.chile-reise.com\/wp-content\/uploads\/Fachada_klein9-240x140.jpg\" class=\"attachment-thumbnail size-thumbnail\" alt=\"Fachada klein\" \/><\/a>\r\n            <\/dt>\r\n                <dd class='gallery-caption'>\r\n                Hotel Tierra Patagonia\r\n                <\/dd><\/dl><dl class='gallery-item'>\r\n            <dt class='gallery-icon'>\r\n                <a href='https:\/\/www.chile-reise.com\/wp-content\/uploads\/Habitaci\u00f3n2_klein.jpg'><img loading=\"lazy\" decoding=\"async\" width=\"240\" height=\"140\" src=\"https:\/\/www.chile-reise.com\/wp-content\/uploads\/Habitaci\u00f3n2_klein-240x140.jpg\" class=\"attachment-thumbnail size-thumbnail\" alt=\"Habitaci\u00f3n2 klein\" \/><\/a>\r\n            <\/dt>\r\n                <dd class='gallery-caption'>\r\n                Hotel Tierra Patagonia Room\r\n                <\/dd><\/dl><dl class='gallery-item'>\r\n            <dt class='gallery-icon'>\r\n                <a href='https:\/\/www.chile-reise.com\/wp-content\/uploads\/Habitaci\u00f3n_klein1.png'><img loading=\"lazy\" decoding=\"async\" width=\"240\" height=\"140\" src=\"https:\/\/www.chile-reise.com\/wp-content\/uploads\/Habitaci\u00f3n_klein1-240x140.png\" class=\"attachment-thumbnail size-thumbnail\" alt=\"Habitaci\u00f3n klein\" \/><\/a>\r\n            <\/dt>\r\n                <dd class='gallery-caption'>\r\n                Hotel Tierra Patagonia Room\r\n                <\/dd><\/dl><br style=\"clear: both\" \/><dl class='gallery-item'>\r\n            <dt class='gallery-icon'>\r\n                <a href='https:\/\/www.chile-reise.com\/wp-content\/uploads\/Tierra2_klein.jpg'><img loading=\"lazy\" decoding=\"async\" width=\"240\" height=\"140\" src=\"https:\/\/www.chile-reise.com\/wp-content\/uploads\/Tierra2_klein-240x140.jpg\" class=\"attachment-thumbnail size-thumbnail\" alt=\"Tierra2 klein\" \/><\/a>\r\n            <\/dt>\r\n                <dd class='gallery-caption'>\r\n                Hotel Tierra Patagonia Restaurant\r\n                <\/dd><\/dl><dl class='gallery-item'>\r\n            <dt class='gallery-icon'>\r\n                <a href='https:\/\/www.chile-reise.com\/wp-content\/uploads\/Tierra3_klein.jpg'><img loading=\"lazy\" decoding=\"async\" width=\"240\" height=\"140\" src=\"https:\/\/www.chile-reise.com\/wp-content\/uploads\/Tierra3_klein-240x140.jpg\" class=\"attachment-thumbnail size-thumbnail\" alt=\"Tierra3 klein\" \/><\/a>\r\n            <\/dt>\r\n                <dd class='gallery-caption'>\r\n                Hotel Tierra Patagonia \r\n                <\/dd><\/dl><dl class='gallery-item'>\r\n            <dt class='gallery-icon'>\r\n                <a href='https:\/\/www.chile-reise.com\/wp-content\/uploads\/Tierra_klein.jpg'><img loading=\"lazy\" decoding=\"async\" width=\"240\" height=\"140\" src=\"https:\/\/www.chile-reise.com\/wp-content\/uploads\/Tierra_klein-240x140.jpg\" class=\"attachment-thumbnail size-thumbnail\" alt=\"Tierra klein\" \/><\/a>\r\n            <\/dt>\r\n                <dd class='gallery-caption'>\r\n                Hotel Tierra Patagonia \r\n                <\/dd><\/dl><br style=\"clear: both\" \/>\r\n            <br style='clear: both;' \/>\r\n        <\/div>\n<div class=\"clear\"><\/div><div class=\"divider\"><\/div>\n<p>In einer geschwungenen Linie passt sich das langgestreckte Geb\u00e4ude perfekt in die Landschaft am Ufer des Sarmiento-Sees ein und erm\u00f6glicht, dass alle G\u00e4stezimmer und auch die Gemeinschaftsr\u00e4ume einen Blick \u00fcber das Wasser zu den Bergen des Torres del Paine Nationalparks bieten. In der Eingangshalle werden die G\u00e4ste durch einen stets brennenden, offenen Kamin begr\u00fc\u00dft. Das voll ausgestattete \u201eUma\u201c-Spa verspricht Erholung nach einem erlebnisreichen Tag. Das umfassende Exkursionsangebot schlie\u00dft alle Attraktionen der Region ein.<\/p>\n<p><strong>Zimmer:<\/strong> 40<br \/>\n<strong>Ausstattung:<\/strong> Heizung, Haartrockner, Safe, Wohnzimmer, Bar, Restaurant, Bibliothek, TV-Lounge, Schwimmbecken, Spa mit Dampfbad, Whirlpool und Massageservice, Ipads, W\u00e4scheservice, Parkpl\u00e4tze<br \/>\n<strong>Internet:<\/strong> Wi-Fi<\/p>","protected":false},"excerpt":{"rendered":"<p>In einer geschwungenen Linie passt sich das langgestreckte Geb\u00e4ude perfekt in die Landschaft am Ufer des Sarmiento-Sees ein und erm\u00f6glicht, dass alle G\u00e4stezimmer und auch die Gemeinschaftsr\u00e4ume einen Blick \u00fcber das Wasser zu den Bergen des Torres del Paine Nationalparks &#8230;<\/p>\n","protected":false},"author":16,"featured_media":0,"parent":221,"menu_order":0,"comment_status":"open","ping_status":"open","template":"","meta":{"slim_seo":{"title":"Hotel Tierra Patagonia ***** Hotel Tierra Patagonia ***** - travelArt","description":"Hotel Tierra Patagonia Hotel Tierra Patagonia Room Hotel Tierra Patagonia Room Hotel Tierra Patagonia Restaurant Hotel Tierra Patagonia Hotel Tierra Patagonia I"},"footnotes":""},"class_list":["post-416","page","type-page","status-publish","hentry"],"_links":{"self":[{"href":"https:\/\/www.chile-reise.com\/de\/wp-json\/wp\/v2\/pages\/416","targetHints":{"allow":["GET"]}}],"collection":[{"href":"https:\/\/www.chile-reise.com\/de\/wp-json\/wp\/v2\/pages"}],"about":[{"href":"https:\/\/www.chile-reise.com\/de\/wp-json\/wp\/v2\/types\/page"}],"author":[{"embeddable":true,"href":"https:\/\/www.chile-reise.com\/de\/wp-json\/wp\/v2\/users\/16"}],"replies":[{"embeddable":true,"href":"https:\/\/www.chile-reise.com\/de\/wp-json\/wp\/v2\/comments?post=416"}],"version-history":[{"count":0,"href":"https:\/\/www.chile-reise.com\/de\/wp-json\/wp\/v2\/pages\/416\/revisions"}],"up":[{"embeddable":true,"href":"https:\/\/www.chile-reise.com\/de\/wp-json\/wp\/v2\/pages\/221"}],"wp:attachment":[{"href":"https:\/\/www.chile-reise.com\/de\/wp-json\/wp\/v2\/media?parent=416"}],"curies":[{"name":"wp","href":"https:\/\/api.w.org\/{rel}","templated":true}]}}