{"id":414,"date":"2013-07-03T23:41:48","date_gmt":"2013-07-03T21:41:48","guid":{"rendered":"http:\/\/www.chile-reise.com\/wordpress\/?page_id=414"},"modified":"2014-02-28T21:43:12","modified_gmt":"2014-02-28T19:43:12","slug":"explora-patagonia","status":"publish","type":"page","link":"https:\/\/www.chile-reise.com\/de\/hotels\/patagonien\/explora-patagonia\/","title":{"rendered":"Explora Patagonia *****"},"content":{"rendered":"<p>\r\n        <style type='text\/css'>\r\n            #gallery-1 {\r\n                margin: auto;\r\n            }\r\n            #gallery-1 .gallery-item {\r\n                float: left;\r\n                margin-top: 10px;\r\n                text-align: center;\r\n                width: 33%;           }\r\n            #gallery-1 img {\r\n                border: 2px solid #cfcfcf;\r\n            }\r\n            #gallery-1 .gallery-caption {\r\n                margin-left: 0;\r\n            }\r\n        <\/style>\r\n        <!-- see gallery_shortcode() in wp-includes\/media.php -->\r\n        <div id='gallery-1' class='gallery-images gallery galleryid-414'><dl class='gallery-item'>\r\n            <dt class='gallery-icon'>\r\n                <a href='https:\/\/www.chile-reise.com\/wp-content\/uploads\/Fachada_klein11.jpg'><img loading=\"lazy\" decoding=\"async\" width=\"240\" height=\"140\" src=\"https:\/\/www.chile-reise.com\/wp-content\/uploads\/Fachada_klein11-240x140.jpg\" class=\"attachment-thumbnail size-thumbnail\" alt=\"Fachada klein\" \/><\/a>\r\n            <\/dt>\r\n                <dd class='gallery-caption'>\r\n                Hotel Explora Patagonia \r\n                <\/dd><\/dl><dl class='gallery-item'>\r\n            <dt class='gallery-icon'>\r\n                <a href='https:\/\/www.chile-reise.com\/wp-content\/uploads\/Habitaci\u00f3n_klein12.jpg'><img loading=\"lazy\" decoding=\"async\" width=\"240\" height=\"140\" src=\"https:\/\/www.chile-reise.com\/wp-content\/uploads\/Habitaci\u00f3n_klein12-240x140.jpg\" class=\"attachment-thumbnail size-thumbnail\" alt=\"Habitaci\u00f3n klein\" \/><\/a>\r\n            <\/dt>\r\n                <dd class='gallery-caption'>\r\n                Hotel Explora Patagonia Room\r\n                <\/dd><\/dl><dl class='gallery-item'>\r\n            <dt class='gallery-icon'>\r\n                <a href='https:\/\/www.chile-reise.com\/wp-content\/uploads\/Comedor_klein4.jpg'><img loading=\"lazy\" decoding=\"async\" width=\"240\" height=\"140\" src=\"https:\/\/www.chile-reise.com\/wp-content\/uploads\/Comedor_klein4-240x140.jpg\" class=\"attachment-thumbnail size-thumbnail\" alt=\"Comedor klein\" \/><\/a>\r\n            <\/dt>\r\n                <dd class='gallery-caption'>\r\n                Hotel Explora Patagonia Restaurant\r\n                <\/dd><\/dl><br style=\"clear: both\" \/>\r\n            <br style='clear: both;' \/>\r\n        <\/div>\n<div class=\"clear\"><\/div><div class=\"divider\"><\/div>\n<p>Das Hotel Explora Patagonia mit seiner schlichten Holzsilhouette im Bauhausstil liegt im Torres del Paine Nationalpark, direkt am Wasserfall Salto Chico. Der Ausblick umfasst alle Sch\u00f6nheiten des Parks, \u00fcber den Pehoe See direkt auf die ber\u00fchmten \u00abCuernos del Paine\u00bb \u2013 das gesamte Paine Bergmassiv t\u00fcrmt sich vor der breiten Fensterfront auf. Innen sorgen warme Holzt\u00f6ne, geschwungene W\u00e4nde, kuschelige Sitzecken und Kamine f\u00fcr ein Ambiente zum Wohlf\u00fchlen. Auch die schlicht, aber elegant eingerichteten Zimmer haben einen tollen Ausblick. Nach einem Exkursionstag im Park empfiehlt sich ein Besuch im Badehaus \u00abOna\u00bb mit Sauna und Schwimmbecken &#8230;<\/p>\n<p><strong>Zimmer:<\/strong> 50<br \/>\n<strong>Ausstattung:<\/strong> Heizung, Telefon, F\u00f6n, Zimmersafe, Restaurant, Bar, Explora-Shop, Schwimmbecken, Sauna, Whirlpools (au\u00dfen), Fitnessraum, Kamin, W\u00e4scheservice, Parkpl\u00e4tze<br \/>\n<strong>Aktivit\u00e4ten:<\/strong> All-inclusive-Programme mit Exkursionen und Transfer<br \/>\n<strong>Internet:<\/strong> Wi-Fi<\/p>","protected":false},"excerpt":{"rendered":"<p>Das Hotel Explora Patagonia mit seiner schlichten Holzsilhouette im Bauhausstil liegt im Torres del Paine Nationalpark, direkt am Wasserfall Salto Chico. Der Ausblick umfasst alle Sch\u00f6nheiten des Parks, \u00fcber den Pehoe See direkt auf die ber\u00fchmten \u00abCuernos del Paine\u00bb \u2013 &#8230;<\/p>\n","protected":false},"author":16,"featured_media":0,"parent":221,"menu_order":0,"comment_status":"open","ping_status":"open","template":"","meta":{"slim_seo":{"title":"Explora Patagonia ***** Explora Patagonia ***** - travelArt","description":"Hotel Explora Patagonia Hotel Explora Patagonia Room Hotel Explora Patagonia Restaurant Das Hotel Explora Patagonia mit seiner schlichten Holzsilhouette im Bauh"},"footnotes":""},"class_list":["post-414","page","type-page","status-publish","hentry"],"_links":{"self":[{"href":"https:\/\/www.chile-reise.com\/de\/wp-json\/wp\/v2\/pages\/414","targetHints":{"allow":["GET"]}}],"collection":[{"href":"https:\/\/www.chile-reise.com\/de\/wp-json\/wp\/v2\/pages"}],"about":[{"href":"https:\/\/www.chile-reise.com\/de\/wp-json\/wp\/v2\/types\/page"}],"author":[{"embeddable":true,"href":"https:\/\/www.chile-reise.com\/de\/wp-json\/wp\/v2\/users\/16"}],"replies":[{"embeddable":true,"href":"https:\/\/www.chile-reise.com\/de\/wp-json\/wp\/v2\/comments?post=414"}],"version-history":[{"count":0,"href":"https:\/\/www.chile-reise.com\/de\/wp-json\/wp\/v2\/pages\/414\/revisions"}],"up":[{"embeddable":true,"href":"https:\/\/www.chile-reise.com\/de\/wp-json\/wp\/v2\/pages\/221"}],"wp:attachment":[{"href":"https:\/\/www.chile-reise.com\/de\/wp-json\/wp\/v2\/media?parent=414"}],"curies":[{"name":"wp","href":"https:\/\/api.w.org\/{rel}","templated":true}]}}