{"id":412,"date":"2013-07-03T23:39:50","date_gmt":"2013-07-03T21:39:50","guid":{"rendered":"http:\/\/www.chile-reise.com\/wordpress\/?page_id=412"},"modified":"2015-04-10T20:05:32","modified_gmt":"2015-04-10T18:05:32","slug":"hotel-martin-gusinde","status":"publish","type":"page","link":"https:\/\/www.chile-reise.com\/de\/hotels\/patagonien\/hotel-martin-gusinde\/","title":{"rendered":"Hotel Mart\u00edn Gusinde ***"},"content":{"rendered":"<p>\r\n        <style type='text\/css'>\r\n            #gallery-1 {\r\n                margin: auto;\r\n            }\r\n            #gallery-1 .gallery-item {\r\n                float: left;\r\n                margin-top: 10px;\r\n                text-align: center;\r\n                width: 33%;           }\r\n            #gallery-1 img {\r\n                border: 2px solid #cfcfcf;\r\n            }\r\n            #gallery-1 .gallery-caption {\r\n                margin-left: 0;\r\n            }\r\n        <\/style>\r\n        <!-- see gallery_shortcode() in wp-includes\/media.php -->\r\n        <div id='gallery-1' class='gallery-images gallery galleryid-412'><dl class='gallery-item'>\r\n            <dt class='gallery-icon'>\r\n                <a href='https:\/\/www.chile-reise.com\/wp-content\/uploads\/Fachada_klein1.png'><img loading=\"lazy\" decoding=\"async\" width=\"240\" height=\"140\" src=\"https:\/\/www.chile-reise.com\/wp-content\/uploads\/Fachada_klein1-240x140.png\" class=\"attachment-thumbnail size-thumbnail\" alt=\"Fachada klein\" srcset=\"https:\/\/www.chile-reise.com\/wp-content\/uploads\/Fachada_klein1-240x140.png 240w, https:\/\/www.chile-reise.com\/wp-content\/uploads\/Fachada_klein1-561x330.png 561w, https:\/\/www.chile-reise.com\/wp-content\/uploads\/Fachada_klein1.png 694w\" sizes=\"auto, (max-width: 240px) 100vw, 240px\" \/><\/a>\r\n            <\/dt>\r\n                <dd class='gallery-caption'>\r\n                Hotel Martin Gusinde\r\n                <\/dd><\/dl><dl class='gallery-item'>\r\n            <dt class='gallery-icon'>\r\n                <a href='https:\/\/www.chile-reise.com\/wp-content\/uploads\/Habitaci\u00f3n_klein.png'><img loading=\"lazy\" decoding=\"async\" width=\"240\" height=\"140\" src=\"https:\/\/www.chile-reise.com\/wp-content\/uploads\/Habitaci\u00f3n_klein-240x140.png\" class=\"attachment-thumbnail size-thumbnail\" alt=\"Habitaci\u00f3n klein\" \/><\/a>\r\n            <\/dt>\r\n                <dd class='gallery-caption'>\r\n                Hotel Martin Gusinde Room\r\n                <\/dd><\/dl><dl class='gallery-item'>\r\n            <dt class='gallery-icon'>\r\n                <a href='https:\/\/www.chile-reise.com\/wp-content\/uploads\/Lobby_klein.png'><img loading=\"lazy\" decoding=\"async\" width=\"240\" height=\"140\" src=\"https:\/\/www.chile-reise.com\/wp-content\/uploads\/Lobby_klein-240x140.png\" class=\"attachment-thumbnail size-thumbnail\" alt=\"Lobby klein\" srcset=\"https:\/\/www.chile-reise.com\/wp-content\/uploads\/Lobby_klein-240x140.png 240w, https:\/\/www.chile-reise.com\/wp-content\/uploads\/Lobby_klein-562x330.png 562w, https:\/\/www.chile-reise.com\/wp-content\/uploads\/Lobby_klein.png 697w\" sizes=\"auto, (max-width: 240px) 100vw, 240px\" \/><\/a>\r\n            <\/dt>\r\n                <dd class='gallery-caption'>\r\n                Hotel Martin Gusinde Lobby\r\n                <\/dd><\/dl><br style=\"clear: both\" \/>\r\n            <br style='clear: both;' \/>\r\n        <\/div>\n<div class=\"clear\"><\/div><div class=\"divider\"><\/div>\n<p>Das Hotel Mart\u00edn Gusinde befindet sich in g\u00fcnstiger Lage, zwischen der Uferpromenade und dem zentralen Platz von Puerto Natales. Die geschmackvolle Einrichtung ist modern und zur Region passend gew\u00e4hlt. Das Hotel ist eine gute Option f\u00fcr preisbewusste G\u00e4ste, die Wert auf Qualit\u00e4t legen.<\/p>\n<p><strong>Zimmer:<\/strong> 28<br \/>\n<strong>Ausstattung:<\/strong> Zentralheizung, Haartrockner, Telefon, Safe, Restaurant, Kabel-TV im Aufenthaltsbereich, Souvenirshop, Schwimmbecken, W\u00e4scheservice, Parkpl\u00e4tze<br \/>\n<strong>Internet:<\/strong> Wi-Fi <\/p>","protected":false},"excerpt":{"rendered":"<p>Das Hotel Mart\u00edn Gusinde befindet sich in g\u00fcnstiger Lage, zwischen der Uferpromenade und dem zentralen Platz von Puerto Natales. Die geschmackvolle Einrichtung ist modern und zur Region passend gew\u00e4hlt. Das Hotel ist eine gute Option f\u00fcr preisbewusste G\u00e4ste, die Wert &#8230;<\/p>\n","protected":false},"author":16,"featured_media":0,"parent":221,"menu_order":0,"comment_status":"open","ping_status":"open","template":"","meta":{"slim_seo":{"title":"Hotel Mart\u00edn Gusinde *** Hotel Mart\u00edn Gusinde *** - travelArt","description":"Hotel Martin Gusinde Hotel Martin Gusinde Room Hotel Martin Gusinde Lobby Das Hotel Mart\u00edn Gusinde befindet sich in g\u00fcnstiger Lage, zwischen der Uferpromenade u"},"footnotes":""},"class_list":["post-412","page","type-page","status-publish","hentry"],"_links":{"self":[{"href":"https:\/\/www.chile-reise.com\/de\/wp-json\/wp\/v2\/pages\/412","targetHints":{"allow":["GET"]}}],"collection":[{"href":"https:\/\/www.chile-reise.com\/de\/wp-json\/wp\/v2\/pages"}],"about":[{"href":"https:\/\/www.chile-reise.com\/de\/wp-json\/wp\/v2\/types\/page"}],"author":[{"embeddable":true,"href":"https:\/\/www.chile-reise.com\/de\/wp-json\/wp\/v2\/users\/16"}],"replies":[{"embeddable":true,"href":"https:\/\/www.chile-reise.com\/de\/wp-json\/wp\/v2\/comments?post=412"}],"version-history":[{"count":0,"href":"https:\/\/www.chile-reise.com\/de\/wp-json\/wp\/v2\/pages\/412\/revisions"}],"up":[{"embeddable":true,"href":"https:\/\/www.chile-reise.com\/de\/wp-json\/wp\/v2\/pages\/221"}],"wp:attachment":[{"href":"https:\/\/www.chile-reise.com\/de\/wp-json\/wp\/v2\/media?parent=412"}],"curies":[{"name":"wp","href":"https:\/\/api.w.org\/{rel}","templated":true}]}}