{"id":410,"date":"2013-07-03T23:38:23","date_gmt":"2013-07-03T21:38:23","guid":{"rendered":"http:\/\/www.chile-reise.com\/wordpress\/?page_id=410"},"modified":"2014-09-29T15:39:25","modified_gmt":"2014-09-29T13:39:25","slug":"weskar-lodge","status":"publish","type":"page","link":"https:\/\/www.chile-reise.com\/de\/hotels\/patagonien\/weskar-lodge\/","title":{"rendered":"Weskar Lodge ***"},"content":{"rendered":"<p>\r\n        <style type='text\/css'>\r\n            #gallery-1 {\r\n                margin: auto;\r\n            }\r\n            #gallery-1 .gallery-item {\r\n                float: left;\r\n                margin-top: 10px;\r\n                text-align: center;\r\n                width: 33%;           }\r\n            #gallery-1 img {\r\n                border: 2px solid #cfcfcf;\r\n            }\r\n            #gallery-1 .gallery-caption {\r\n                margin-left: 0;\r\n            }\r\n        <\/style>\r\n        <!-- see gallery_shortcode() in wp-includes\/media.php -->\r\n        <div id='gallery-1' class='gallery-images gallery galleryid-410'><dl class='gallery-item'>\r\n            <dt class='gallery-icon'>\r\n                <a href='https:\/\/www.chile-reise.com\/wp-content\/uploads\/fachada-main-lodge_klein.jpg'><img loading=\"lazy\" decoding=\"async\" width=\"240\" height=\"140\" src=\"https:\/\/www.chile-reise.com\/wp-content\/uploads\/fachada-main-lodge_klein-240x140.jpg\" class=\"attachment-thumbnail size-thumbnail\" alt=\"Fachada main lodge klein\" \/><\/a>\r\n            <\/dt>\r\n                <dd class='gallery-caption'>\r\n                Hotel Weskar Lodge\r\n                <\/dd><\/dl><dl class='gallery-item'>\r\n            <dt class='gallery-icon'>\r\n                <a href='https:\/\/www.chile-reise.com\/wp-content\/uploads\/Habitaci\u00f3n_klein10.jpg'><img loading=\"lazy\" decoding=\"async\" width=\"240\" height=\"140\" src=\"https:\/\/www.chile-reise.com\/wp-content\/uploads\/Habitaci\u00f3n_klein10-240x140.jpg\" class=\"attachment-thumbnail size-thumbnail\" alt=\"Habitaci\u00f3n klein\" \/><\/a>\r\n            <\/dt>\r\n                <dd class='gallery-caption'>\r\n                Hotel Weskar Lodge Room\r\n                <\/dd><\/dl>\r\n            <br style='clear: both;' \/>\r\n        <\/div>\n<div class=\"clear\"><\/div><div class=\"divider\"><\/div>\n<p>Die freundliche, gem\u00fctliche Weskar Lodge besteht aus zwei Geb\u00e4uden: Die Lodge und die Deluxe Lodge, wo sich die Superiorzimmer befinden. Alle Zimmer sind ger\u00e4umig, hell und farbenfroh, viele bieten einen sch\u00f6nen Blick auf den Fjord. Im Restaurant mit Blick auf den Fjord verw\u00f6hnen zwei junge, kreative Patagonier mit lokalen Gerichte.<\/p>\n<p><strong>Zimmer:<\/strong> 30<br \/>\n<strong>Ausstattung:<\/strong> Zentralheizung, Safe, schall- und temperaturisolierte Fenster, Haartrockner, Bademantel in Superiorzimmern, Restaurant, Bar, Kabel-TV im Aufenthaltsbereich, Wohnzimmer mit Kamin, Lesesaal, Spielesaal, Souvenirshop, W\u00e4scheservice, Parkpl\u00e4tze<br \/>\n<strong>Internet:<\/strong> Wi-Fi<\/p>","protected":false},"excerpt":{"rendered":"<p>Die freundliche, gem\u00fctliche Weskar Lodge besteht aus zwei Geb\u00e4uden: Die Lodge und die Deluxe Lodge, wo sich die Superiorzimmer befinden. Alle Zimmer sind ger\u00e4umig, hell und farbenfroh, viele bieten einen sch\u00f6nen Blick auf den Fjord. Im Restaurant mit Blick auf &#8230;<\/p>\n","protected":false},"author":16,"featured_media":0,"parent":221,"menu_order":0,"comment_status":"open","ping_status":"open","template":"","meta":{"slim_seo":{"title":"Weskar Lodge *** Weskar Lodge *** - travelArt","description":"Hotel Weskar Lodge Hotel Weskar Lodge Room Die freundliche, gem\u00fctliche Weskar Lodge besteht aus zwei Geb\u00e4uden: Die Lodge und die Deluxe Lodge, wo sich die Super"},"footnotes":""},"class_list":["post-410","page","type-page","status-publish","hentry"],"_links":{"self":[{"href":"https:\/\/www.chile-reise.com\/de\/wp-json\/wp\/v2\/pages\/410","targetHints":{"allow":["GET"]}}],"collection":[{"href":"https:\/\/www.chile-reise.com\/de\/wp-json\/wp\/v2\/pages"}],"about":[{"href":"https:\/\/www.chile-reise.com\/de\/wp-json\/wp\/v2\/types\/page"}],"author":[{"embeddable":true,"href":"https:\/\/www.chile-reise.com\/de\/wp-json\/wp\/v2\/users\/16"}],"replies":[{"embeddable":true,"href":"https:\/\/www.chile-reise.com\/de\/wp-json\/wp\/v2\/comments?post=410"}],"version-history":[{"count":0,"href":"https:\/\/www.chile-reise.com\/de\/wp-json\/wp\/v2\/pages\/410\/revisions"}],"up":[{"embeddable":true,"href":"https:\/\/www.chile-reise.com\/de\/wp-json\/wp\/v2\/pages\/221"}],"wp:attachment":[{"href":"https:\/\/www.chile-reise.com\/de\/wp-json\/wp\/v2\/media?parent=410"}],"curies":[{"name":"wp","href":"https:\/\/api.w.org\/{rel}","templated":true}]}}