{"id":408,"date":"2013-07-03T23:35:38","date_gmt":"2013-07-03T21:35:38","guid":{"rendered":"http:\/\/www.chile-reise.com\/wordpress\/?page_id=408"},"modified":"2015-04-10T20:00:09","modified_gmt":"2015-04-10T18:00:09","slug":"hotel-altiplanico-sur","status":"publish","type":"page","link":"https:\/\/www.chile-reise.com\/de\/hotels\/patagonien\/hotel-altiplanico-sur\/","title":{"rendered":"Altiplanico Sur (B)"},"content":{"rendered":"<p>\r\n        <style type='text\/css'>\r\n            #gallery-1 {\r\n                margin: auto;\r\n            }\r\n            #gallery-1 .gallery-item {\r\n                float: left;\r\n                margin-top: 10px;\r\n                text-align: center;\r\n                width: 33%;           }\r\n            #gallery-1 img {\r\n                border: 2px solid #cfcfcf;\r\n            }\r\n            #gallery-1 .gallery-caption {\r\n                margin-left: 0;\r\n            }\r\n        <\/style>\r\n        <!-- see gallery_shortcode() in wp-includes\/media.php -->\r\n        <div id='gallery-1' class='gallery-images gallery galleryid-408'><dl class='gallery-item'>\r\n            <dt class='gallery-icon'>\r\n                <a href='https:\/\/www.chile-reise.com\/wp-content\/uploads\/Hotel-Altiplanico-Puerto-Natales_01.jpg'><img loading=\"lazy\" decoding=\"async\" width=\"240\" height=\"140\" src=\"https:\/\/www.chile-reise.com\/wp-content\/uploads\/Hotel-Altiplanico-Puerto-Natales_01-240x140.jpg\" class=\"attachment-thumbnail size-thumbnail\" alt=\"Hotel Altiplanico Puerto Natales\" \/><\/a>\r\n            <\/dt>\r\n                <dd class='gallery-caption'>\r\n                Hotel Altiplanico Sur\r\n                <\/dd><\/dl><dl class='gallery-item'>\r\n            <dt class='gallery-icon'>\r\n                <a href='https:\/\/www.chile-reise.com\/wp-content\/uploads\/Hotel-Altiplanico-Puerto-Natales_10.jpg'><img loading=\"lazy\" decoding=\"async\" width=\"240\" height=\"140\" src=\"https:\/\/www.chile-reise.com\/wp-content\/uploads\/Hotel-Altiplanico-Puerto-Natales_10-240x140.jpg\" class=\"attachment-thumbnail size-thumbnail\" alt=\"Hotel Altiplanico Puerto Natales\" \/><\/a>\r\n            <\/dt>\r\n                <dd class='gallery-caption'>\r\n                Hotel Altiplanico Sur\r\n                <\/dd><\/dl><dl class='gallery-item'>\r\n            <dt class='gallery-icon'>\r\n                <a href='https:\/\/www.chile-reise.com\/wp-content\/uploads\/Hotel-Altiplanico-Puerto-Natales_29.jpg'><img loading=\"lazy\" decoding=\"async\" width=\"240\" height=\"140\" src=\"https:\/\/www.chile-reise.com\/wp-content\/uploads\/Hotel-Altiplanico-Puerto-Natales_29-240x140.jpg\" class=\"attachment-thumbnail size-thumbnail\" alt=\"Hotel Altiplanico Puerto Natales\" \/><\/a>\r\n            <\/dt>\r\n                <dd class='gallery-caption'>\r\n                Hotel Altiplanico Sur Room\r\n                <\/dd><\/dl><br style=\"clear: both\" \/><dl class='gallery-item'>\r\n            <dt class='gallery-icon'>\r\n                <a href='https:\/\/www.chile-reise.com\/wp-content\/uploads\/Hotel-Altiplanico-Puerto-Natales_14.jpg'><img loading=\"lazy\" decoding=\"async\" width=\"240\" height=\"140\" src=\"https:\/\/www.chile-reise.com\/wp-content\/uploads\/Hotel-Altiplanico-Puerto-Natales_14-240x140.jpg\" class=\"attachment-thumbnail size-thumbnail\" alt=\"Hotel Altiplanico Puerto Natales\" \/><\/a>\r\n            <\/dt>\r\n                <dd class='gallery-caption'>\r\n                Hotel Altiplanico Sur Lobby\r\n                <\/dd><\/dl><dl class='gallery-item'>\r\n            <dt class='gallery-icon'>\r\n                <a href='https:\/\/www.chile-reise.com\/wp-content\/uploads\/Hotel-Altiplanico-Puerto-Natales_15.jpg'><img loading=\"lazy\" decoding=\"async\" width=\"240\" height=\"140\" src=\"https:\/\/www.chile-reise.com\/wp-content\/uploads\/Hotel-Altiplanico-Puerto-Natales_15-240x140.jpg\" class=\"attachment-thumbnail size-thumbnail\" alt=\"Hotel Altiplanico Puerto Natales\" \/><\/a>\r\n            <\/dt>\r\n                <dd class='gallery-caption'>\r\n                Hotel Altiplanico Sur Restaurant\r\n                <\/dd><\/dl><dl class='gallery-item'>\r\n            <dt class='gallery-icon'>\r\n                <a href='https:\/\/www.chile-reise.com\/wp-content\/uploads\/Hotel-Altiplanico-Puerto-Natales_17.jpg'><img loading=\"lazy\" decoding=\"async\" width=\"240\" height=\"140\" src=\"https:\/\/www.chile-reise.com\/wp-content\/uploads\/Hotel-Altiplanico-Puerto-Natales_17-240x140.jpg\" class=\"attachment-thumbnail size-thumbnail\" alt=\"Hotel Altiplanico Puerto Natales\" \/><\/a>\r\n            <\/dt>\r\n                <dd class='gallery-caption'>\r\n                Hotel Altiplanico Sur Pool\r\n                <\/dd><\/dl><br style=\"clear: both\" \/>\r\n            <br style='clear: both;' \/>\r\n        <\/div>\n\n<div class=\"clear\"><\/div><div class=\"divider\"><\/div>\n<p>Das flache Geb\u00e4ude dieses Hotels mit mit Grasdach und Grassodenw\u00e4nden scheint sich in einem H\u00fcgel zu verstecken. Innen sorgen gro\u00dfe Fensterfronten f\u00fcr Tageslicht und das Gef\u00fchl, sich auch im Hotel mitten in der patagonischen Landschaft zu befinden. Das Hotel Altiplanico ist sehr modern eingerichtet, klare Formen und minimalistisches Design herrschen vor. Viel Naturstein und Holz unterstreichen das warme und einladende Ambiente. Alle Zimmer des Hotels sowie das Restaurant haben einen wunderbaren Blick auf den \u00daltima Esperanza Fjord (\u201eFjord der letzten Hoffnung\u201c).<\/p>\n<p><strong>Zimmer:<\/strong> 22<br \/>\n<strong>Ausstattung:<\/strong> Zentralheizung, Haartrockner, Telefon, Safe, Restaurant, Kabel-TV im Aufenthaltsbereich, Souvenirshop, Schwimmbecken, W\u00e4scheservice, Parkpl\u00e4tze<br \/>\n<strong>Internet:<\/strong> Wi-Fi<\/p>","protected":false},"excerpt":{"rendered":"<p>Das flache Geb\u00e4ude dieses Hotels mit mit Grasdach und Grassodenw\u00e4nden scheint sich in einem H\u00fcgel zu verstecken. Innen sorgen gro\u00dfe Fensterfronten f\u00fcr Tageslicht und das Gef\u00fchl, sich auch im Hotel mitten in der patagonischen Landschaft zu befinden. Das Hotel Altiplanico &#8230;<\/p>\n","protected":false},"author":16,"featured_media":0,"parent":221,"menu_order":0,"comment_status":"open","ping_status":"open","template":"","meta":{"slim_seo":{"title":"Altiplanico Sur (B) Altiplanico Sur (B) - travelArt","description":"Hotel Altiplanico Sur Hotel Altiplanico Sur Hotel Altiplanico Sur Room Hotel Altiplanico Sur Lobby Hotel Altiplanico Sur Restaurant Hotel Altiplanico Sur Pool D"},"footnotes":""},"class_list":["post-408","page","type-page","status-publish","hentry"],"_links":{"self":[{"href":"https:\/\/www.chile-reise.com\/de\/wp-json\/wp\/v2\/pages\/408","targetHints":{"allow":["GET"]}}],"collection":[{"href":"https:\/\/www.chile-reise.com\/de\/wp-json\/wp\/v2\/pages"}],"about":[{"href":"https:\/\/www.chile-reise.com\/de\/wp-json\/wp\/v2\/types\/page"}],"author":[{"embeddable":true,"href":"https:\/\/www.chile-reise.com\/de\/wp-json\/wp\/v2\/users\/16"}],"replies":[{"embeddable":true,"href":"https:\/\/www.chile-reise.com\/de\/wp-json\/wp\/v2\/comments?post=408"}],"version-history":[{"count":0,"href":"https:\/\/www.chile-reise.com\/de\/wp-json\/wp\/v2\/pages\/408\/revisions"}],"up":[{"embeddable":true,"href":"https:\/\/www.chile-reise.com\/de\/wp-json\/wp\/v2\/pages\/221"}],"wp:attachment":[{"href":"https:\/\/www.chile-reise.com\/de\/wp-json\/wp\/v2\/media?parent=408"}],"curies":[{"name":"wp","href":"https:\/\/api.w.org\/{rel}","templated":true}]}}