{"id":406,"date":"2013-07-03T23:34:13","date_gmt":"2013-07-03T21:34:13","guid":{"rendered":"http:\/\/www.chile-reise.com\/wordpress\/?page_id=406"},"modified":"2015-04-10T20:04:42","modified_gmt":"2015-04-10T18:04:42","slug":"hotel-indigo","status":"publish","type":"page","link":"https:\/\/www.chile-reise.com\/de\/hotels\/patagonien\/hotel-indigo\/","title":{"rendered":"Hotel Indigo (B)"},"content":{"rendered":"<p>\r\n        <style type='text\/css'>\r\n            #gallery-1 {\r\n                margin: auto;\r\n            }\r\n            #gallery-1 .gallery-item {\r\n                float: left;\r\n                margin-top: 10px;\r\n                text-align: center;\r\n                width: 33%;           }\r\n            #gallery-1 img {\r\n                border: 2px solid #cfcfcf;\r\n            }\r\n            #gallery-1 .gallery-caption {\r\n                margin-left: 0;\r\n            }\r\n        <\/style>\r\n        <!-- see gallery_shortcode() in wp-includes\/media.php -->\r\n        <div id='gallery-1' class='gallery-images gallery galleryid-406'><dl class='gallery-item'>\r\n            <dt class='gallery-icon'>\r\n                <a href='https:\/\/www.chile-reise.com\/wp-content\/uploads\/Fachada_klein7.jpg'><img loading=\"lazy\" decoding=\"async\" width=\"240\" height=\"140\" src=\"https:\/\/www.chile-reise.com\/wp-content\/uploads\/Fachada_klein7-240x140.jpg\" class=\"attachment-thumbnail size-thumbnail\" alt=\"Fachada klein\" srcset=\"https:\/\/www.chile-reise.com\/wp-content\/uploads\/Fachada_klein7-240x140.jpg 240w, https:\/\/www.chile-reise.com\/wp-content\/uploads\/Fachada_klein7-560x330.jpg 560w, https:\/\/www.chile-reise.com\/wp-content\/uploads\/Fachada_klein7.jpg 700w\" sizes=\"auto, (max-width: 240px) 100vw, 240px\" \/><\/a>\r\n            <\/dt>\r\n                <dd class='gallery-caption'>\r\n                Hotel Indigo\r\n                <\/dd><\/dl><dl class='gallery-item'>\r\n            <dt class='gallery-icon'>\r\n                <a href='https:\/\/www.chile-reise.com\/wp-content\/uploads\/Habitaci\u00f3n_klein7.jpg'><img loading=\"lazy\" decoding=\"async\" width=\"240\" height=\"140\" src=\"https:\/\/www.chile-reise.com\/wp-content\/uploads\/Habitaci\u00f3n_klein7-240x140.jpg\" class=\"attachment-thumbnail size-thumbnail\" alt=\"Habitaci\u00f3n klein\" \/><\/a>\r\n            <\/dt>\r\n                <dd class='gallery-caption'>\r\n                Hotel Indigo Room\r\n                <\/dd><\/dl><dl class='gallery-item'>\r\n            <dt class='gallery-icon'>\r\n                <a href='https:\/\/www.chile-reise.com\/wp-content\/uploads\/Restaurante_klein1.jpg'><img loading=\"lazy\" decoding=\"async\" width=\"240\" height=\"140\" src=\"https:\/\/www.chile-reise.com\/wp-content\/uploads\/Restaurante_klein1-240x140.jpg\" class=\"attachment-thumbnail size-thumbnail\" alt=\"Restaurante klein\" \/><\/a>\r\n            <\/dt>\r\n                <dd class='gallery-caption'>\r\n                Hotel Indigo Restaurant\r\n                <\/dd><\/dl><br style=\"clear: both\" \/><dl class='gallery-item'>\r\n            <dt class='gallery-icon'>\r\n                <a href='https:\/\/www.chile-reise.com\/wp-content\/uploads\/Salar-comun_klein.jpg'><img loading=\"lazy\" decoding=\"async\" width=\"240\" height=\"140\" src=\"https:\/\/www.chile-reise.com\/wp-content\/uploads\/Salar-comun_klein-240x140.jpg\" class=\"attachment-thumbnail size-thumbnail\" alt=\"Salar comun klein\" \/><\/a>\r\n            <\/dt>\r\n                <dd class='gallery-caption'>\r\n                Hotel Indigo Lobby\r\n                <\/dd><\/dl>\r\n            <br style='clear: both;' \/>\r\n        <\/div>\n<div class=\"clear\"><\/div><div class=\"divider\"><\/div>\n<p>Das von au\u00dfen recht unscheinbare Hotel Indigo, gelegen an Puerto Natales\u00b4 Seeseite, ist von innen ein modernes architektonisches Kunstwerk. Ein kreatives System aus Treppen, Br\u00fccken und Rampen f\u00fchrt die G\u00e4ste durch das weitl\u00e4ufige Geb\u00e4ude, wo Naturstein, Holz und Glas sich zu futuristischen R\u00e4umen zusammenf\u00fcgen. Gro\u00dfe Fenster im ganzen Hotel geben stets den Blick auf die gro\u00dfartige Landschaft vor der T\u00fcr frei. Die Zimmer sind ger\u00e4umig und modern und verstr\u00f6men eine warme Atmosph\u00e4re. Auch hier ist Platz f\u00fcr ein architektonisches Experiment: Die Badezimmer sind ohne T\u00fcr direkt in die Zimmer integriert. Auf dem Dach des Hotels befindet sich der Spabereich mit beheizten Au\u00dfenpools, in denen man mit Blick auf den Fjord entspannen kann.<\/p>\n<p><strong>Zimmer:<\/strong> 29<br \/>\n<strong>Ausstattung:<\/strong> Telefon, Haartrockner, Safe, Restaurant, Bar, Souvenirshop, Spa mit  Whirlpools, Massager\u00e4umen und Sauna, Terrasse, Kamin, W\u00e4scheservice<br \/>\n<strong>Internet:<\/strong> Wi-Fi<\/p>","protected":false},"excerpt":{"rendered":"<p>Das von au\u00dfen recht unscheinbare Hotel Indigo, gelegen an Puerto Natales\u00b4 Seeseite, ist von innen ein modernes architektonisches Kunstwerk. Ein kreatives System aus Treppen, Br\u00fccken und Rampen f\u00fchrt die G\u00e4ste durch das weitl\u00e4ufige Geb\u00e4ude, wo Naturstein, Holz und Glas sich &#8230;<\/p>\n","protected":false},"author":16,"featured_media":0,"parent":221,"menu_order":0,"comment_status":"open","ping_status":"open","template":"","meta":{"slim_seo":{"title":"Hotel Indigo (B) Hotel Indigo (B) - travelArt","description":"Hotel Indigo Hotel Indigo Room Hotel Indigo Restaurant Hotel Indigo Lobby Das von au\u00dfen recht unscheinbare Hotel Indigo, gelegen an Puerto Natales\u00b4 Seeseite, is"},"footnotes":""},"class_list":["post-406","page","type-page","status-publish","hentry"],"_links":{"self":[{"href":"https:\/\/www.chile-reise.com\/de\/wp-json\/wp\/v2\/pages\/406","targetHints":{"allow":["GET"]}}],"collection":[{"href":"https:\/\/www.chile-reise.com\/de\/wp-json\/wp\/v2\/pages"}],"about":[{"href":"https:\/\/www.chile-reise.com\/de\/wp-json\/wp\/v2\/types\/page"}],"author":[{"embeddable":true,"href":"https:\/\/www.chile-reise.com\/de\/wp-json\/wp\/v2\/users\/16"}],"replies":[{"embeddable":true,"href":"https:\/\/www.chile-reise.com\/de\/wp-json\/wp\/v2\/comments?post=406"}],"version-history":[{"count":0,"href":"https:\/\/www.chile-reise.com\/de\/wp-json\/wp\/v2\/pages\/406\/revisions"}],"up":[{"embeddable":true,"href":"https:\/\/www.chile-reise.com\/de\/wp-json\/wp\/v2\/pages\/221"}],"wp:attachment":[{"href":"https:\/\/www.chile-reise.com\/de\/wp-json\/wp\/v2\/media?parent=406"}],"curies":[{"name":"wp","href":"https:\/\/api.w.org\/{rel}","templated":true}]}}