{"id":405,"date":"2013-07-03T23:30:10","date_gmt":"2013-07-03T21:30:10","guid":{"rendered":"http:\/\/www.chile-reise.com\/wordpress\/?page_id=405"},"modified":"2014-02-28T20:42:32","modified_gmt":"2014-02-28T18:42:32","slug":"hotel-costaustralis","status":"publish","type":"page","link":"https:\/\/www.chile-reise.com\/de\/hotels\/patagonien\/hotel-costaustralis\/","title":{"rendered":"Hotel CostAustralis ****"},"content":{"rendered":"<p>\r\n        <style type='text\/css'>\r\n            #gallery-1 {\r\n                margin: auto;\r\n            }\r\n            #gallery-1 .gallery-item {\r\n                float: left;\r\n                margin-top: 10px;\r\n                text-align: center;\r\n                width: 33%;           }\r\n            #gallery-1 img {\r\n                border: 2px solid #cfcfcf;\r\n            }\r\n            #gallery-1 .gallery-caption {\r\n                margin-left: 0;\r\n            }\r\n        <\/style>\r\n        <!-- see gallery_shortcode() in wp-includes\/media.php -->\r\n        <div id='gallery-1' class='gallery-images gallery galleryid-405'><dl class='gallery-item'>\r\n            <dt class='gallery-icon'>\r\n                <a href='https:\/\/www.chile-reise.com\/wp-content\/uploads\/Fachada-post-incendio_klein.jpg'><img loading=\"lazy\" decoding=\"async\" width=\"240\" height=\"140\" src=\"https:\/\/www.chile-reise.com\/wp-content\/uploads\/Fachada-post-incendio_klein-240x140.jpg\" class=\"attachment-thumbnail size-thumbnail\" alt=\"Fachada post incendio klein\" \/><\/a>\r\n            <\/dt>\r\n                <dd class='gallery-caption'>\r\n                Hotel CostAustralis\r\n                <\/dd><\/dl><dl class='gallery-item'>\r\n            <dt class='gallery-icon'>\r\n                <a href='https:\/\/www.chile-reise.com\/wp-content\/uploads\/CostAustralis_Matrimonial_klein.jpg'><img loading=\"lazy\" decoding=\"async\" width=\"240\" height=\"140\" src=\"https:\/\/www.chile-reise.com\/wp-content\/uploads\/CostAustralis_Matrimonial_klein-240x140.jpg\" class=\"attachment-thumbnail size-thumbnail\" alt=\"CostAustralis Matrimonial klein\" \/><\/a>\r\n            <\/dt>\r\n                <dd class='gallery-caption'>\r\n                Hotel CostAustralis Room\r\n                <\/dd><\/dl><dl class='gallery-item'>\r\n            <dt class='gallery-icon'>\r\n                <a href='https:\/\/www.chile-reise.com\/wp-content\/uploads\/Restaurante_klein.jpg'><img loading=\"lazy\" decoding=\"async\" width=\"240\" height=\"140\" src=\"https:\/\/www.chile-reise.com\/wp-content\/uploads\/Restaurante_klein-240x140.jpg\" class=\"attachment-thumbnail size-thumbnail\" alt=\"Restaurante klein\" \/><\/a>\r\n            <\/dt>\r\n                <dd class='gallery-caption'>\r\n                Hotel CostAustralis Restaurant\r\n                <\/dd><\/dl><br style=\"clear: both\" \/><dl class='gallery-item'>\r\n            <dt class='gallery-icon'>\r\n                <a href='https:\/\/www.chile-reise.com\/wp-content\/uploads\/CostAustralis_Lobby_klein.jpg'><img loading=\"lazy\" decoding=\"async\" width=\"240\" height=\"140\" src=\"https:\/\/www.chile-reise.com\/wp-content\/uploads\/CostAustralis_Lobby_klein-240x140.jpg\" class=\"attachment-thumbnail size-thumbnail\" alt=\"CostAustralis Lobby klein\" \/><\/a>\r\n            <\/dt>\r\n                <dd class='gallery-caption'>\r\n                Hotel CostAustralis Lobby\r\n                <\/dd><\/dl>\r\n            <br style='clear: both;' \/>\r\n        <\/div>\n<div class=\"clear\"><\/div><div class=\"divider\"><\/div>\n<p>Das sehr empfehlenswerte Hotel CostAustralis liegt sehr zentral und direkt am Meer. Modern und geschmackvoll \u00fcberzeugen die Zimmer mit hohem Komfort. Als Zimmerkategorien werden Meer- oder Stadtsicht angeboten. Das Hotelrestaurant z\u00e4hlt zu den besten Patagoniens und bietet, genau wie die Bar, einen sch\u00f6nen Panoramablick. Besonderes Highlight ist hier ein Indoor-Quincho-Grill, auf dem das ber\u00fchmte \u201eAsado Patagonico\u201c (Lamm) vor den Augen der G\u00e4ste zubereitet werden kann.<\/p>\n<p><strong>Zimmer:<\/strong> 110<br \/>\n<strong>Ausstattung:<\/strong> Heizung, Telefon, Haartrockner, Safe, Kabel-TV, schall- und temperaturisolierte Fenster, Restaurant, Bar, Cafeteria, Parkpl\u00e4tze, Quincho-Grill<br \/>\n<strong>Internet:<\/strong> Wi-Fi <\/p>","protected":false},"excerpt":{"rendered":"<p>Das sehr empfehlenswerte Hotel CostAustralis liegt sehr zentral und direkt am Meer. Modern und geschmackvoll \u00fcberzeugen die Zimmer mit hohem Komfort. Als Zimmerkategorien werden Meer- oder Stadtsicht angeboten. Das Hotelrestaurant z\u00e4hlt zu den besten Patagoniens und bietet, genau wie die &#8230;<\/p>\n","protected":false},"author":16,"featured_media":0,"parent":221,"menu_order":0,"comment_status":"open","ping_status":"open","template":"","meta":{"slim_seo":{"title":"Hotel CostAustralis **** Hotel CostAustralis **** - travelArt","description":"Hotel CostAustralis Hotel CostAustralis Room Hotel CostAustralis Restaurant Hotel CostAustralis Lobby Das sehr empfehlenswerte Hotel CostAustralis liegt sehr ze"},"footnotes":""},"class_list":["post-405","page","type-page","status-publish","hentry"],"_links":{"self":[{"href":"https:\/\/www.chile-reise.com\/de\/wp-json\/wp\/v2\/pages\/405","targetHints":{"allow":["GET"]}}],"collection":[{"href":"https:\/\/www.chile-reise.com\/de\/wp-json\/wp\/v2\/pages"}],"about":[{"href":"https:\/\/www.chile-reise.com\/de\/wp-json\/wp\/v2\/types\/page"}],"author":[{"embeddable":true,"href":"https:\/\/www.chile-reise.com\/de\/wp-json\/wp\/v2\/users\/16"}],"replies":[{"embeddable":true,"href":"https:\/\/www.chile-reise.com\/de\/wp-json\/wp\/v2\/comments?post=405"}],"version-history":[{"count":0,"href":"https:\/\/www.chile-reise.com\/de\/wp-json\/wp\/v2\/pages\/405\/revisions"}],"up":[{"embeddable":true,"href":"https:\/\/www.chile-reise.com\/de\/wp-json\/wp\/v2\/pages\/221"}],"wp:attachment":[{"href":"https:\/\/www.chile-reise.com\/de\/wp-json\/wp\/v2\/media?parent=405"}],"curies":[{"name":"wp","href":"https:\/\/api.w.org\/{rel}","templated":true}]}}