{"id":404,"date":"2013-07-03T23:28:53","date_gmt":"2013-07-03T21:28:53","guid":{"rendered":"http:\/\/www.chile-reise.com\/wordpress\/?page_id=404"},"modified":"2014-02-28T21:10:50","modified_gmt":"2014-02-28T19:10:50","slug":"hotel-the-singular-patagonia","status":"publish","type":"page","link":"https:\/\/www.chile-reise.com\/de\/hotels\/patagonien\/hotel-the-singular-patagonia\/","title":{"rendered":"Hotel The Singular Patagonia *****"},"content":{"rendered":"<p>\r\n        <style type='text\/css'>\r\n            #gallery-1 {\r\n                margin: auto;\r\n            }\r\n            #gallery-1 .gallery-item {\r\n                float: left;\r\n                margin-top: 10px;\r\n                text-align: center;\r\n                width: 33%;           }\r\n            #gallery-1 img {\r\n                border: 2px solid #cfcfcf;\r\n            }\r\n            #gallery-1 .gallery-caption {\r\n                margin-left: 0;\r\n            }\r\n        <\/style>\r\n        <!-- see gallery_shortcode() in wp-includes\/media.php -->\r\n        <div id='gallery-1' class='gallery-images gallery galleryid-404'><dl class='gallery-item'>\r\n            <dt class='gallery-icon'>\r\n                <a href='https:\/\/www.chile-reise.com\/wp-content\/uploads\/VISTA-GENERAL_SOLEADA_klein.jpg'><img loading=\"lazy\" decoding=\"async\" width=\"240\" height=\"140\" src=\"https:\/\/www.chile-reise.com\/wp-content\/uploads\/VISTA-GENERAL_SOLEADA_klein-240x140.jpg\" class=\"attachment-thumbnail size-thumbnail\" alt=\"VISTA GENERAL SOLEADA klein\" \/><\/a>\r\n            <\/dt>\r\n                <dd class='gallery-caption'>\r\n                Hotel The Singular \r\n                <\/dd><\/dl><dl class='gallery-item'>\r\n            <dt class='gallery-icon'>\r\n                <a href='https:\/\/www.chile-reise.com\/wp-content\/uploads\/DORMITORIO_klein.jpg'><img loading=\"lazy\" decoding=\"async\" width=\"240\" height=\"140\" src=\"https:\/\/www.chile-reise.com\/wp-content\/uploads\/DORMITORIO_klein-240x140.jpg\" class=\"attachment-thumbnail size-thumbnail\" alt=\"DORMITORIO klein\" \/><\/a>\r\n            <\/dt>\r\n                <dd class='gallery-caption'>\r\n                Hotel The Singular Room\r\n                <\/dd><\/dl>\r\n            <br style='clear: both;' \/>\r\n        <\/div>\n<div class=\"clear\"><\/div><div class=\"divider\"><\/div>\n<p>\u201eThe Singular Patagonia\u201c gibt den Hotelg\u00e4sten die M\u00f6glichkeit, in die Geschichte Patagoniens einzutauchen und gleichzeitig den Komfort eines erstklassigen Hotels zu genie\u00dfen. Im Jahr 1915 wurde das K\u00fchlhaus in Puerto Bories nahe Puerto Natales erbaut; nun erlebt der Geb\u00e4udekomplex als Hotel eine Auferstehung.Dem Komplex wurde ein moderner Anbau hinzugef\u00fcgt, der die G\u00e4stezimmer beherbergt. Das Restaurant, die Aufenthaltsr\u00e4ume sowie das private Museum wurden in den sorgsam restaurierten historischen Geb\u00e4uden untergebracht. Das Hotel befindet sich direkt am \u201eGolf der letzten Hoffnung\u201c (Seno de \u00daltima Esperanza) nur wenige Minuten von Puerto Natales entfernt.<\/p>\n<p><strong>Zimmer:<\/strong> 57<br \/>\n<strong>Ausstattung:<\/strong> Kabel-TV auf Wunsch, Zentralheizung, Spa mit beheiztem Pool, privates Museum<br \/>\n<strong>Internet:<\/strong> Wi-Fi <\/p>","protected":false},"excerpt":{"rendered":"<p>\u201eThe Singular Patagonia\u201c gibt den Hotelg\u00e4sten die M\u00f6glichkeit, in die Geschichte Patagoniens einzutauchen und gleichzeitig den Komfort eines erstklassigen Hotels zu genie\u00dfen. Im Jahr 1915 wurde das K\u00fchlhaus in Puerto Bories nahe Puerto Natales erbaut; nun erlebt der Geb\u00e4udekomplex als &#8230;<\/p>\n","protected":false},"author":16,"featured_media":0,"parent":221,"menu_order":0,"comment_status":"open","ping_status":"open","template":"","meta":{"slim_seo":{"title":"Hotel The Singular Patagonia ***** Hotel The Singular Patagonia ***** - travelArt","description":"Hotel The Singular Hotel The Singular Room \u201eThe Singular Patagonia\u201c gibt den Hotelg\u00e4sten die M\u00f6glichkeit, in die Geschichte Patagoniens einzutauchen und gleichz"},"footnotes":""},"class_list":["post-404","page","type-page","status-publish","hentry"],"_links":{"self":[{"href":"https:\/\/www.chile-reise.com\/de\/wp-json\/wp\/v2\/pages\/404","targetHints":{"allow":["GET"]}}],"collection":[{"href":"https:\/\/www.chile-reise.com\/de\/wp-json\/wp\/v2\/pages"}],"about":[{"href":"https:\/\/www.chile-reise.com\/de\/wp-json\/wp\/v2\/types\/page"}],"author":[{"embeddable":true,"href":"https:\/\/www.chile-reise.com\/de\/wp-json\/wp\/v2\/users\/16"}],"replies":[{"embeddable":true,"href":"https:\/\/www.chile-reise.com\/de\/wp-json\/wp\/v2\/comments?post=404"}],"version-history":[{"count":0,"href":"https:\/\/www.chile-reise.com\/de\/wp-json\/wp\/v2\/pages\/404\/revisions"}],"up":[{"embeddable":true,"href":"https:\/\/www.chile-reise.com\/de\/wp-json\/wp\/v2\/pages\/221"}],"wp:attachment":[{"href":"https:\/\/www.chile-reise.com\/de\/wp-json\/wp\/v2\/media?parent=404"}],"curies":[{"name":"wp","href":"https:\/\/api.w.org\/{rel}","templated":true}]}}