{"id":403,"date":"2013-07-03T23:27:33","date_gmt":"2013-07-03T21:27:33","guid":{"rendered":"http:\/\/www.chile-reise.com\/wordpress\/?page_id=403"},"modified":"2014-02-28T21:01:27","modified_gmt":"2014-02-28T19:01:27","slug":"hotel-remota","status":"publish","type":"page","link":"https:\/\/www.chile-reise.com\/de\/hotels\/patagonien\/hotel-remota\/","title":{"rendered":"Hotel Remota *****"},"content":{"rendered":"<p>\r\n        <style type='text\/css'>\r\n            #gallery-1 {\r\n                margin: auto;\r\n            }\r\n            #gallery-1 .gallery-item {\r\n                float: left;\r\n                margin-top: 10px;\r\n                text-align: center;\r\n                width: 33%;           }\r\n            #gallery-1 img {\r\n                border: 2px solid #cfcfcf;\r\n            }\r\n            #gallery-1 .gallery-caption {\r\n                margin-left: 0;\r\n            }\r\n        <\/style>\r\n        <!-- see gallery_shortcode() in wp-includes\/media.php -->\r\n        <div id='gallery-1' class='gallery-images gallery galleryid-403'><dl class='gallery-item'>\r\n            <dt class='gallery-icon'>\r\n                <a href='https:\/\/www.chile-reise.com\/wp-content\/uploads\/Remota-Exterior_klein.jpg'><img loading=\"lazy\" decoding=\"async\" width=\"240\" height=\"140\" src=\"https:\/\/www.chile-reise.com\/wp-content\/uploads\/Remota-Exterior_klein-240x140.jpg\" class=\"attachment-thumbnail size-thumbnail\" alt=\"Remota Exterior klein\" \/><\/a>\r\n            <\/dt>\r\n                <dd class='gallery-caption'>\r\n                Hotel Remota\r\n                <\/dd><\/dl><dl class='gallery-item'>\r\n            <dt class='gallery-icon'>\r\n                <a href='https:\/\/www.chile-reise.com\/wp-content\/uploads\/Remota-002-Pablo-Negri-Edwards-\u00a9_klein.jpg'><img loading=\"lazy\" decoding=\"async\" width=\"240\" height=\"140\" src=\"https:\/\/www.chile-reise.com\/wp-content\/uploads\/Remota-002-Pablo-Negri-Edwards-\u00a9_klein-240x140.jpg\" class=\"attachment-thumbnail size-thumbnail\" alt=\"Remota 002 Pablo Negri Edwards \u00a9 klein\" \/><\/a>\r\n            <\/dt>\r\n                <dd class='gallery-caption'>\r\n                Hotel Remota Room\r\n                <\/dd><\/dl><dl class='gallery-item'>\r\n            <dt class='gallery-icon'>\r\n                <a href='https:\/\/www.chile-reise.com\/wp-content\/uploads\/Remota_klein.jpg'><img loading=\"lazy\" decoding=\"async\" width=\"240\" height=\"140\" src=\"https:\/\/www.chile-reise.com\/wp-content\/uploads\/Remota_klein-240x140.jpg\" class=\"attachment-thumbnail size-thumbnail\" alt=\"Remota klein\" \/><\/a>\r\n            <\/dt>\r\n                <dd class='gallery-caption'>\r\n                Hotel Remota Lobby\r\n                <\/dd><\/dl><br style=\"clear: both\" \/><dl class='gallery-item'>\r\n            <dt class='gallery-icon'>\r\n                <a href='https:\/\/www.chile-reise.com\/wp-content\/uploads\/Remota_Lobby_klein.jpg'><img loading=\"lazy\" decoding=\"async\" width=\"240\" height=\"140\" src=\"https:\/\/www.chile-reise.com\/wp-content\/uploads\/Remota_Lobby_klein-240x140.jpg\" class=\"attachment-thumbnail size-thumbnail\" alt=\"Remota Lobby klein\" \/><\/a>\r\n            <\/dt>\r\n                <dd class='gallery-caption'>\r\n                Hotel Remota\r\n                <\/dd><\/dl>\r\n            <br style='clear: both;' \/>\r\n        <\/div>\n<div class=\"clear\"><\/div><div class=\"divider\"><\/div>\n<p>Das exklusive Hotel Remota liegt ein wenig n\u00f6rdlich von Puerto Natales am \u00daltima Esperanza Fjord (\u00abFjord der letzten Hoffnung\u00bb). Das lange Geb\u00e4ude f\u00fcgt sich mit seinem flachen Grasdach harmonisch in die Landschaft ein \u2013 fast k\u00f6nnte man es \u00fcbersehen. Innen bietet das Hotel modernen Komfort in angenehmer Atmosph\u00e4re: Gro\u00dfe Fenster lassen die wilde Landschaft immer pr\u00e4sent sein; klare einfache Linien bestimmen Einrichtung und Dekoration und gleichzeitig geben Holz und Naturstein dem Hotel eine warme Note. Im Aufenthaltsbereich l\u00e4dt eine offene Feuerstelle zum gem\u00fctlichen Zusammensein am Abend ein.<\/p>\n<p><strong>Zimmer:<\/strong> 72<br \/>\n<strong>Ausstattung:<\/strong> Telefon, Haartrockner, Safe, Bademantel, Pantoffeln, Restaurant, Bar, TV-Lounge, Schwimmbecken, Spa mit Sauna, Whirlpool und Massageraum, Feuerstelle, Souvenirshop, W\u00e4scheservice, Parkpl\u00e4tze<br \/>\n<strong>Aktivit\u00e4ten:<\/strong>  All-inclusive-Pakete mit Transfer und Exkursionen<br \/>\n<strong>Internet:<\/strong> Wi-Fi<br \/>\n<\/p>","protected":false},"excerpt":{"rendered":"<p>Das exklusive Hotel Remota liegt ein wenig n\u00f6rdlich von Puerto Natales am \u00daltima Esperanza Fjord (\u00abFjord der letzten Hoffnung\u00bb). Das lange Geb\u00e4ude f\u00fcgt sich mit seinem flachen Grasdach harmonisch in die Landschaft ein \u2013 fast k\u00f6nnte man es \u00fcbersehen. Innen &#8230;<\/p>\n","protected":false},"author":16,"featured_media":0,"parent":221,"menu_order":0,"comment_status":"open","ping_status":"open","template":"","meta":{"slim_seo":{"title":"Hotel Remota ***** Hotel Remota ***** - travelArt","description":"Hotel Remota Hotel Remota Room Hotel Remota Lobby Hotel Remota Das exklusive Hotel Remota liegt ein wenig n\u00f6rdlich von Puerto Natales am \u00daltima Esperanza Fjord"},"footnotes":""},"class_list":["post-403","page","type-page","status-publish","hentry"],"_links":{"self":[{"href":"https:\/\/www.chile-reise.com\/de\/wp-json\/wp\/v2\/pages\/403","targetHints":{"allow":["GET"]}}],"collection":[{"href":"https:\/\/www.chile-reise.com\/de\/wp-json\/wp\/v2\/pages"}],"about":[{"href":"https:\/\/www.chile-reise.com\/de\/wp-json\/wp\/v2\/types\/page"}],"author":[{"embeddable":true,"href":"https:\/\/www.chile-reise.com\/de\/wp-json\/wp\/v2\/users\/16"}],"replies":[{"embeddable":true,"href":"https:\/\/www.chile-reise.com\/de\/wp-json\/wp\/v2\/comments?post=403"}],"version-history":[{"count":0,"href":"https:\/\/www.chile-reise.com\/de\/wp-json\/wp\/v2\/pages\/403\/revisions"}],"up":[{"embeddable":true,"href":"https:\/\/www.chile-reise.com\/de\/wp-json\/wp\/v2\/pages\/221"}],"wp:attachment":[{"href":"https:\/\/www.chile-reise.com\/de\/wp-json\/wp\/v2\/media?parent=403"}],"curies":[{"name":"wp","href":"https:\/\/api.w.org\/{rel}","templated":true}]}}