{"id":402,"date":"2013-07-03T23:26:20","date_gmt":"2013-07-03T21:26:20","guid":{"rendered":"http:\/\/www.chile-reise.com\/wordpress\/?page_id=402"},"modified":"2014-07-15T18:04:40","modified_gmt":"2014-07-15T16:04:40","slug":"hotel-dreams-del-estrecho","status":"publish","type":"page","link":"https:\/\/www.chile-reise.com\/de\/hotels\/patagonien\/hotel-dreams-del-estrecho\/","title":{"rendered":"Hotel Dreams del Estrecho *****"},"content":{"rendered":"<p>\r\n        <style type='text\/css'>\r\n            #gallery-1 {\r\n                margin: auto;\r\n            }\r\n            #gallery-1 .gallery-item {\r\n                float: left;\r\n                margin-top: 10px;\r\n                text-align: center;\r\n                width: 33%;           }\r\n            #gallery-1 img {\r\n                border: 2px solid #cfcfcf;\r\n            }\r\n            #gallery-1 .gallery-caption {\r\n                margin-left: 0;\r\n            }\r\n        <\/style>\r\n        <!-- see gallery_shortcode() in wp-includes\/media.php -->\r\n        <div id='gallery-1' class='gallery-images gallery galleryid-402'><dl class='gallery-item'>\r\n            <dt class='gallery-icon'>\r\n                <a href='https:\/\/www.chile-reise.com\/wp-content\/uploads\/fachada-Punta-Arenas-2.jpg'><img loading=\"lazy\" decoding=\"async\" width=\"240\" height=\"140\" src=\"https:\/\/www.chile-reise.com\/wp-content\/uploads\/fachada-Punta-Arenas-2-240x140.jpg\" class=\"attachment-thumbnail size-thumbnail\" alt=\"Fachada Punta Arenas (2)\" \/><\/a>\r\n            <\/dt>\r\n                <dd class='gallery-caption'>\r\n                Hotel Dreams del Estrecho\r\n                <\/dd><\/dl><dl class='gallery-item'>\r\n            <dt class='gallery-icon'>\r\n                <a href='https:\/\/www.chile-reise.com\/wp-content\/uploads\/086F1208.jpg'><img loading=\"lazy\" decoding=\"async\" width=\"240\" height=\"140\" src=\"https:\/\/www.chile-reise.com\/wp-content\/uploads\/086F1208-240x140.jpg\" class=\"attachment-thumbnail size-thumbnail\" alt=\"086F1208\" \/><\/a>\r\n            <\/dt>\r\n                <dd class='gallery-caption'>\r\n                Hotel Dreams del Estrecho Room\r\n                <\/dd><\/dl>\r\n            <br style='clear: both;' \/>\r\n        <\/div>\n\n<div class=\"clear\"><\/div><div class=\"divider\"><\/div>\n<p>Das 5-Sterne-Hotel Dreams del Estrecho Punta Arenas befindet sich an der K\u00fcste der Magellanstra\u00dfe und ist somit ein idealer Ausgangspunkt f\u00fcr Ausfl\u00fcge in die Region. Die moderne Architektur und elegant eingerichtete Zimmer gen\u00fcgen h\u00f6chsten Anspr\u00fcchen. Das Hotel verf\u00fcgt \u00fcber ein Spa-Zentrum in dem die G\u00e4ste stilvoll entspannen k\u00f6nnen. Verschiedene anspruchsvolle Restaurants verw\u00f6hnen mit abwechslungsreichen Menus. Unterhaltung finden die G\u00e4ste im Casino mit Lifeshows, sowie der Sky Bar mit Panoramablick.<\/p>\n<p><strong>Zimmer:<\/strong> 88<br \/>\n<strong>Ausstattung:<\/strong> Klimaanlage, Safe, TV, Telefon, Radiowecker, Minibar, Eismaschine, Haartrockner, Caf\u00e9, Restaurants, Sky Bar, Schwimmbecken, Fitnessraum, Spa mit Dampfbad und Massageraum, Casino, Veranstaltungsr\u00e4ume, Fris\u00f6r-\/Kosmetiksalon, Drogerie\/Apotheke, Geschenke-\/Zeitungsstand, Parkpl\u00e4tze, Ein behindertengerechtes Zimmer steht zur Verf\u00fcgung<br \/>\n<strong>Internet:<\/strong> Wi-Fi<\/p>","protected":false},"excerpt":{"rendered":"<p>Das 5-Sterne-Hotel Dreams del Estrecho Punta Arenas befindet sich an der K\u00fcste der Magellanstra\u00dfe und ist somit ein idealer Ausgangspunkt f\u00fcr Ausfl\u00fcge in die Region. Die moderne Architektur und elegant eingerichtete Zimmer gen\u00fcgen h\u00f6chsten Anspr\u00fcchen. Das Hotel verf\u00fcgt \u00fcber ein &#8230;<\/p>\n","protected":false},"author":16,"featured_media":0,"parent":221,"menu_order":0,"comment_status":"open","ping_status":"open","template":"","meta":{"slim_seo":{"title":"Hotel Dreams del Estrecho ***** Hotel Dreams del Estrecho ***** - travelArt","description":"Hotel Dreams del Estrecho Hotel Dreams del Estrecho Room Das 5-Sterne-Hotel Dreams del Estrecho Punta Arenas befindet sich an der K\u00fcste der Magellanstra\u00dfe und i"},"footnotes":""},"class_list":["post-402","page","type-page","status-publish","hentry"],"_links":{"self":[{"href":"https:\/\/www.chile-reise.com\/de\/wp-json\/wp\/v2\/pages\/402","targetHints":{"allow":["GET"]}}],"collection":[{"href":"https:\/\/www.chile-reise.com\/de\/wp-json\/wp\/v2\/pages"}],"about":[{"href":"https:\/\/www.chile-reise.com\/de\/wp-json\/wp\/v2\/types\/page"}],"author":[{"embeddable":true,"href":"https:\/\/www.chile-reise.com\/de\/wp-json\/wp\/v2\/users\/16"}],"replies":[{"embeddable":true,"href":"https:\/\/www.chile-reise.com\/de\/wp-json\/wp\/v2\/comments?post=402"}],"version-history":[{"count":0,"href":"https:\/\/www.chile-reise.com\/de\/wp-json\/wp\/v2\/pages\/402\/revisions"}],"up":[{"embeddable":true,"href":"https:\/\/www.chile-reise.com\/de\/wp-json\/wp\/v2\/pages\/221"}],"wp:attachment":[{"href":"https:\/\/www.chile-reise.com\/de\/wp-json\/wp\/v2\/media?parent=402"}],"curies":[{"name":"wp","href":"https:\/\/api.w.org\/{rel}","templated":true}]}}