{"id":401,"date":"2013-07-03T23:25:01","date_gmt":"2013-07-03T21:25:01","guid":{"rendered":"http:\/\/www.chile-reise.com\/wordpress\/?page_id=401"},"modified":"2014-02-28T21:04:37","modified_gmt":"2014-02-28T19:04:37","slug":"hotel-rey-don-felipe","status":"publish","type":"page","link":"https:\/\/www.chile-reise.com\/de\/hotels\/patagonien\/hotel-rey-don-felipe\/","title":{"rendered":"Hotel Rey Don Felipe ****"},"content":{"rendered":"<p>\r\n        <style type='text\/css'>\r\n            #gallery-1 {\r\n                margin: auto;\r\n            }\r\n            #gallery-1 .gallery-item {\r\n                float: left;\r\n                margin-top: 10px;\r\n                text-align: center;\r\n                width: 33%;           }\r\n            #gallery-1 img {\r\n                border: 2px solid #cfcfcf;\r\n            }\r\n            #gallery-1 .gallery-caption {\r\n                margin-left: 0;\r\n            }\r\n        <\/style>\r\n        <!-- see gallery_shortcode() in wp-includes\/media.php -->\r\n        <div id='gallery-1' class='gallery-images gallery galleryid-401'><dl class='gallery-item'>\r\n            <dt class='gallery-icon'>\r\n                <a href='https:\/\/www.chile-reise.com\/wp-content\/uploads\/Fachada_klein8.jpg'><img loading=\"lazy\" decoding=\"async\" width=\"240\" height=\"140\" src=\"https:\/\/www.chile-reise.com\/wp-content\/uploads\/Fachada_klein8-240x140.jpg\" class=\"attachment-thumbnail size-thumbnail\" alt=\"Fachada klein\" \/><\/a>\r\n            <\/dt>\r\n                <dd class='gallery-caption'>\r\n                Hotel Rey Don Felipe\r\n                <\/dd><\/dl><dl class='gallery-item'>\r\n            <dt class='gallery-icon'>\r\n                <a href='https:\/\/www.chile-reise.com\/wp-content\/uploads\/Rey-Don-Felipe_-Habitaci\u00f3n-Std_klein.jpg'><img loading=\"lazy\" decoding=\"async\" width=\"240\" height=\"140\" src=\"https:\/\/www.chile-reise.com\/wp-content\/uploads\/Rey-Don-Felipe_-Habitaci\u00f3n-Std_klein-240x140.jpg\" class=\"attachment-thumbnail size-thumbnail\" alt=\"Rey Don Felipe Habitaci\u00f3n Std klein\" \/><\/a>\r\n            <\/dt>\r\n                <dd class='gallery-caption'>\r\n                Hotel Rey Don Felipe Room\r\n                <\/dd><\/dl><dl class='gallery-item'>\r\n            <dt class='gallery-icon'>\r\n                <a href='https:\/\/www.chile-reise.com\/wp-content\/uploads\/Lobby_klein.jpg'><img loading=\"lazy\" decoding=\"async\" width=\"240\" height=\"140\" src=\"https:\/\/www.chile-reise.com\/wp-content\/uploads\/Lobby_klein-240x140.jpg\" class=\"attachment-thumbnail size-thumbnail\" alt=\"Lobby klein\" \/><\/a>\r\n            <\/dt>\r\n                <dd class='gallery-caption'>\r\n                Hotel Rey Don Felipe Lobby\r\n                <\/dd><\/dl><br style=\"clear: both\" \/><dl class='gallery-item'>\r\n            <dt class='gallery-icon'>\r\n                <a href='https:\/\/www.chile-reise.com\/wp-content\/uploads\/Restaurante_klein3.jpg'><img loading=\"lazy\" decoding=\"async\" width=\"240\" height=\"140\" src=\"https:\/\/www.chile-reise.com\/wp-content\/uploads\/Restaurante_klein3-240x140.jpg\" class=\"attachment-thumbnail size-thumbnail\" alt=\"Restaurante klein\" \/><\/a>\r\n            <\/dt>\r\n                <dd class='gallery-caption'>\r\n                Hotel Rey Don Felipe Restaurant\r\n                <\/dd><\/dl>\r\n            <br style='clear: both;' \/>\r\n        <\/div>\n<div class=\"clear\"><\/div><div class=\"divider\"><\/div>\n<p>Das komfortable Hotel Rey Don Felipe liegt im Stadtzentrum von Punta Arenas, nur drei H\u00e4userblocks von der Plaza de Armas entfernt. Die Einrichtung ist modern und strahlt durch warme Farbt\u00f6ne und Naturmaterialien eine angenehme Atmosph\u00e4re aus, in der man sich nach ausgedehnten Touren in die wilden Landschaften Patagoniens entspannen kann.<\/p>\n<p><strong>Zimmer:<\/strong> 45<br \/>\n<strong>Ausstattung:<\/strong> Heizung, Telefon, Haartrockner, Safe, Kabel-TV, Minibar, Restaurant, Cafeteria, Parkpl\u00e4tze, Kamin in der Lobby, Fitnessraum, Versammlungsr\u00e4ume, W\u00e4scheservice, Zwei behindertengerechte Zimmer stehen zur Verf\u00fcgung eingerichtet<br \/>\n<strong>Internet:<\/strong> Wi-Fi, Kabelanschluss auf den Zimmern<\/p>","protected":false},"excerpt":{"rendered":"<p>Das komfortable Hotel Rey Don Felipe liegt im Stadtzentrum von Punta Arenas, nur drei H\u00e4userblocks von der Plaza de Armas entfernt. Die Einrichtung ist modern und strahlt durch warme Farbt\u00f6ne und Naturmaterialien eine angenehme Atmosph\u00e4re aus, in der man sich &#8230;<\/p>\n","protected":false},"author":16,"featured_media":0,"parent":221,"menu_order":0,"comment_status":"open","ping_status":"open","template":"","meta":{"slim_seo":{"title":"Hotel Rey Don Felipe **** Hotel Rey Don Felipe **** - travelArt","description":"Hotel Rey Don Felipe Hotel Rey Don Felipe Room Hotel Rey Don Felipe Lobby Hotel Rey Don Felipe Restaurant Das komfortable Hotel Rey Don Felipe liegt im Stadtzen"},"footnotes":""},"class_list":["post-401","page","type-page","status-publish","hentry"],"_links":{"self":[{"href":"https:\/\/www.chile-reise.com\/de\/wp-json\/wp\/v2\/pages\/401","targetHints":{"allow":["GET"]}}],"collection":[{"href":"https:\/\/www.chile-reise.com\/de\/wp-json\/wp\/v2\/pages"}],"about":[{"href":"https:\/\/www.chile-reise.com\/de\/wp-json\/wp\/v2\/types\/page"}],"author":[{"embeddable":true,"href":"https:\/\/www.chile-reise.com\/de\/wp-json\/wp\/v2\/users\/16"}],"replies":[{"embeddable":true,"href":"https:\/\/www.chile-reise.com\/de\/wp-json\/wp\/v2\/comments?post=401"}],"version-history":[{"count":0,"href":"https:\/\/www.chile-reise.com\/de\/wp-json\/wp\/v2\/pages\/401\/revisions"}],"up":[{"embeddable":true,"href":"https:\/\/www.chile-reise.com\/de\/wp-json\/wp\/v2\/pages\/221"}],"wp:attachment":[{"href":"https:\/\/www.chile-reise.com\/de\/wp-json\/wp\/v2\/media?parent=401"}],"curies":[{"name":"wp","href":"https:\/\/api.w.org\/{rel}","templated":true}]}}