{"id":400,"date":"2013-07-03T23:20:26","date_gmt":"2013-07-03T21:20:26","guid":{"rendered":"http:\/\/www.chile-reise.com\/wordpress\/?page_id=400"},"modified":"2014-02-28T20:50:46","modified_gmt":"2014-02-28T18:50:46","slug":"hotel-jose-nogueira","status":"publish","type":"page","link":"https:\/\/www.chile-reise.com\/de\/hotels\/patagonien\/hotel-jose-nogueira\/","title":{"rendered":"Hotel Jos\u00e9 Nogueira ****"},"content":{"rendered":"<p>\r\n        <style type='text\/css'>\r\n            #gallery-1 {\r\n                margin: auto;\r\n            }\r\n            #gallery-1 .gallery-item {\r\n                float: left;\r\n                margin-top: 10px;\r\n                text-align: center;\r\n                width: 33%;           }\r\n            #gallery-1 img {\r\n                border: 2px solid #cfcfcf;\r\n            }\r\n            #gallery-1 .gallery-caption {\r\n                margin-left: 0;\r\n            }\r\n        <\/style>\r\n        <!-- see gallery_shortcode() in wp-includes\/media.php -->\r\n        <div id='gallery-1' class='gallery-images gallery galleryid-400'><dl class='gallery-item'>\r\n            <dt class='gallery-icon'>\r\n                <a href='https:\/\/www.chile-reise.com\/wp-content\/uploads\/Fachada-Htl.-Jos\u00e9-Nogueira_klein.jpg'><img loading=\"lazy\" decoding=\"async\" width=\"240\" height=\"140\" src=\"https:\/\/www.chile-reise.com\/wp-content\/uploads\/Fachada-Htl.-Jos\u00e9-Nogueira_klein-240x140.jpg\" class=\"attachment-thumbnail size-thumbnail\" alt=\"Fachada Htl. Jos\u00e9 Nogueira klein\" \/><\/a>\r\n            <\/dt>\r\n                <dd class='gallery-caption'>\r\n                Hotel Jose Nogueira\r\n                <\/dd><\/dl><dl class='gallery-item'>\r\n            <dt class='gallery-icon'>\r\n                <a href='https:\/\/www.chile-reise.com\/wp-content\/uploads\/Habitaci\u00f3n_klein8.jpg'><img loading=\"lazy\" decoding=\"async\" width=\"240\" height=\"140\" src=\"https:\/\/www.chile-reise.com\/wp-content\/uploads\/Habitaci\u00f3n_klein8-240x140.jpg\" class=\"attachment-thumbnail size-thumbnail\" alt=\"Habitaci\u00f3n klein\" \/><\/a>\r\n            <\/dt>\r\n                <dd class='gallery-caption'>\r\n                Hotel Jose Nogueira Room\r\n                <\/dd><\/dl><dl class='gallery-item'>\r\n            <dt class='gallery-icon'>\r\n                <a href='https:\/\/www.chile-reise.com\/wp-content\/uploads\/Restaurante_klein2.jpg'><img loading=\"lazy\" decoding=\"async\" width=\"240\" height=\"140\" src=\"https:\/\/www.chile-reise.com\/wp-content\/uploads\/Restaurante_klein2-240x140.jpg\" class=\"attachment-thumbnail size-thumbnail\" alt=\"Restaurante klein\" \/><\/a>\r\n            <\/dt>\r\n                <dd class='gallery-caption'>\r\n                Hotel Jose Nogueira Restaurant\r\n                <\/dd><\/dl><br style=\"clear: both\" \/>\r\n            <br style='clear: both;' \/>\r\n        <\/div>\n<div class=\"clear\"><\/div><div class=\"divider\"><\/div>\n<p>In diesem Hotel mit sehr pers\u00f6nlichem Service weht der Geist der Geschichte von Punta Arenas: Es befindet sich im Zentrum der Stadt, im ehemaligen Herrenhaus des Seefahrers und Pioniers Don Jos\u00e9 Nogueira und Do\u00f1a Sara Braun, zweier Pers\u00f6nlichkeiten, die die Geschichte von Punta Arenas bedeutend mitgestaltet haben. Das Haus wurde sorgf\u00e4ltig restauriert und eingerichtet. In den beiden Speiser\u00e4umen des erstklassigen Restaurants befindet sich noch heute das Originalmobiliar aus dem 19. Jh. und im sch\u00f6nen Wintergarten kann man in den Sommermonaten zwischen Pflanzen und Blumen bei Sonnenlicht zu Abend essen &#8211; bis 23:00 Uhr!<\/p>\n<p><strong>Zimmer:<\/strong> 22<br \/>\n<strong>Ausstattung:<\/strong> Heizung, Telefon, F\u00f6n, Safe, Kabel-TV, Minibar, Restaurant mit Wintergarten, Patio, Cafeteria, W\u00e4scheservice, Schuhputzservice, Parkpl\u00e4tze, Kamin, Bibliothek<br \/>\n<strong>Internet:<\/strong> Wi-Fi<\/p>","protected":false},"excerpt":{"rendered":"<p>In diesem Hotel mit sehr pers\u00f6nlichem Service weht der Geist der Geschichte von Punta Arenas: Es befindet sich im Zentrum der Stadt, im ehemaligen Herrenhaus des Seefahrers und Pioniers Don Jos\u00e9 Nogueira und Do\u00f1a Sara Braun, zweier Pers\u00f6nlichkeiten, die die &#8230;<\/p>\n","protected":false},"author":16,"featured_media":0,"parent":221,"menu_order":0,"comment_status":"open","ping_status":"open","template":"","meta":{"slim_seo":{"title":"Hotel Jos\u00e9 Nogueira **** Hotel Jos\u00e9 Nogueira **** - travelArt","description":"Hotel Jose Nogueira Hotel Jose Nogueira Room Hotel Jose Nogueira Restaurant In diesem Hotel mit sehr pers\u00f6nlichem Service weht der Geist der Geschichte von Punt"},"footnotes":""},"class_list":["post-400","page","type-page","status-publish","hentry"],"_links":{"self":[{"href":"https:\/\/www.chile-reise.com\/de\/wp-json\/wp\/v2\/pages\/400","targetHints":{"allow":["GET"]}}],"collection":[{"href":"https:\/\/www.chile-reise.com\/de\/wp-json\/wp\/v2\/pages"}],"about":[{"href":"https:\/\/www.chile-reise.com\/de\/wp-json\/wp\/v2\/types\/page"}],"author":[{"embeddable":true,"href":"https:\/\/www.chile-reise.com\/de\/wp-json\/wp\/v2\/users\/16"}],"replies":[{"embeddable":true,"href":"https:\/\/www.chile-reise.com\/de\/wp-json\/wp\/v2\/comments?post=400"}],"version-history":[{"count":0,"href":"https:\/\/www.chile-reise.com\/de\/wp-json\/wp\/v2\/pages\/400\/revisions"}],"up":[{"embeddable":true,"href":"https:\/\/www.chile-reise.com\/de\/wp-json\/wp\/v2\/pages\/221"}],"wp:attachment":[{"href":"https:\/\/www.chile-reise.com\/de\/wp-json\/wp\/v2\/media?parent=400"}],"curies":[{"name":"wp","href":"https:\/\/api.w.org\/{rel}","templated":true}]}}