{"id":398,"date":"2013-07-03T23:17:25","date_gmt":"2013-07-03T21:17:25","guid":{"rendered":"http:\/\/www.chile-reise.com\/wordpress\/?page_id=398"},"modified":"2013-10-23T16:41:41","modified_gmt":"2013-10-23T14:41:41","slug":"lodge-robinson-crusoe-deep-patagonia","status":"publish","type":"page","link":"https:\/\/www.chile-reise.com\/de\/hotels\/carretera-austral\/lodge-robinson-crusoe-deep-patagonia\/","title":{"rendered":"Lodge Robinson Crusoe Deep Patagonia ****"},"content":{"rendered":"<p>\r\n        <style type='text\/css'>\r\n            #gallery-1 {\r\n                margin: auto;\r\n            }\r\n            #gallery-1 .gallery-item {\r\n                float: left;\r\n                margin-top: 10px;\r\n                text-align: center;\r\n                width: 33%;           }\r\n            #gallery-1 img {\r\n                border: 2px solid #cfcfcf;\r\n            }\r\n            #gallery-1 .gallery-caption {\r\n                margin-left: 0;\r\n            }\r\n        <\/style>\r\n        <!-- see gallery_shortcode() in wp-includes\/media.php -->\r\n        <div id='gallery-1' class='gallery-images gallery galleryid-398'><dl class='gallery-item'>\r\n            <dt class='gallery-icon'>\r\n                <a href='https:\/\/www.chile-reise.com\/wp-content\/uploads\/Robinson-Crusoe-Deep-Patagonia.jpg'><img loading=\"lazy\" decoding=\"async\" width=\"240\" height=\"140\" src=\"https:\/\/www.chile-reise.com\/wp-content\/uploads\/Robinson-Crusoe-Deep-Patagonia-240x140.jpg\" class=\"attachment-thumbnail size-thumbnail\" alt=\"Robinson Crusoe Deep Patagonia\" \/><\/a>\r\n            <\/dt>\r\n                <dd class='gallery-caption'>\r\n                Robinson Crusoe Deep Patagonia\r\n                <\/dd><\/dl><dl class='gallery-item'>\r\n            <dt class='gallery-icon'>\r\n                <a href='https:\/\/www.chile-reise.com\/wp-content\/uploads\/Robinson-Crusoe-Deep-Patagonia-Double-Room.jpg'><img loading=\"lazy\" decoding=\"async\" width=\"240\" height=\"140\" src=\"https:\/\/www.chile-reise.com\/wp-content\/uploads\/Robinson-Crusoe-Deep-Patagonia-Double-Room-240x140.jpg\" class=\"attachment-thumbnail size-thumbnail\" alt=\"Robinson Crusoe Deep Patagonia Double Room\" \/><\/a>\r\n            <\/dt>\r\n                <dd class='gallery-caption'>\r\n                Robinson Crusoe Deep Patagonia Double Room\r\n                <\/dd><\/dl><dl class='gallery-item'>\r\n            <dt class='gallery-icon'>\r\n                <a href='https:\/\/www.chile-reise.com\/wp-content\/uploads\/Robinson-Crusoe-Deep-Patagonia-Hot-Tub.jpg'><img loading=\"lazy\" decoding=\"async\" width=\"240\" height=\"140\" src=\"https:\/\/www.chile-reise.com\/wp-content\/uploads\/Robinson-Crusoe-Deep-Patagonia-Hot-Tub-240x140.jpg\" class=\"attachment-thumbnail size-thumbnail\" alt=\"Robinson Crusoe Deep Patagonia Hot Tub\" \/><\/a>\r\n            <\/dt>\r\n                <dd class='gallery-caption'>\r\n                Robinson Crusoe Deep Patagonia Hot Tub\r\n                <\/dd><\/dl><br style=\"clear: both\" \/><dl class='gallery-item'>\r\n            <dt class='gallery-icon'>\r\n                <a href='https:\/\/www.chile-reise.com\/wp-content\/uploads\/Robinson-Crusoe-Deep-Patagonia-Living-Room.jpg'><img loading=\"lazy\" decoding=\"async\" width=\"240\" height=\"140\" src=\"https:\/\/www.chile-reise.com\/wp-content\/uploads\/Robinson-Crusoe-Deep-Patagonia-Living-Room-240x140.jpg\" class=\"attachment-thumbnail size-thumbnail\" alt=\"Robinson Crusoe Deep Patagonia Living Room\" \/><\/a>\r\n            <\/dt>\r\n                <dd class='gallery-caption'>\r\n                Robinson Crusoe Deep Patagonia Living Room\r\n                <\/dd><\/dl><dl class='gallery-item'>\r\n            <dt class='gallery-icon'>\r\n                <a href='https:\/\/www.chile-reise.com\/wp-content\/uploads\/Robinson-Crusoe-Deep-Patagonia-Sitting-Area.jpg'><img loading=\"lazy\" decoding=\"async\" width=\"240\" height=\"140\" src=\"https:\/\/www.chile-reise.com\/wp-content\/uploads\/Robinson-Crusoe-Deep-Patagonia-Sitting-Area-240x140.jpg\" class=\"attachment-thumbnail size-thumbnail\" alt=\"Robinson Crusoe Deep Patagonia Sitting Area\" \/><\/a>\r\n            <\/dt>\r\n                <dd class='gallery-caption'>\r\n                Robinson Crusoe Deep Patagonia Sitting Area\r\n                <\/dd><\/dl><dl class='gallery-item'>\r\n            <dt class='gallery-icon'>\r\n                <a href='https:\/\/www.chile-reise.com\/wp-content\/uploads\/Robinson-Crusoe-Deep-Patagonia-Activities.jpg'><img loading=\"lazy\" decoding=\"async\" width=\"240\" height=\"140\" src=\"https:\/\/www.chile-reise.com\/wp-content\/uploads\/Robinson-Crusoe-Deep-Patagonia-Activities-240x140.jpg\" class=\"attachment-thumbnail size-thumbnail\" alt=\"Robinson Crusoe Deep Patagonia Activities\" \/><\/a>\r\n            <\/dt>\r\n                <dd class='gallery-caption'>\r\n                Robinson Crusoe Deep Patagonia Activities\r\n                <\/dd><\/dl><br style=\"clear: both\" \/>\r\n            <br style='clear: both;' \/>\r\n        <\/div>\n\n<div class=\"clear\"><\/div><div class=\"divider\"><\/div>\n<p>Das Angebot der Lodge Robinson Crusoe Deep Patagonia in spektakul\u00e4rer Lage am s\u00fcdlichen Ende der Carretera Austral nahe des O\u2019Higgins-Sees richtet sich an anspruchsvolle Reisende, die auch in dieser abgelegenen Region nicht auf Komfort verzichten m\u00f6chten. Auf einer Fl\u00e4che von insgesamt 5.000 Quadratmetern k\u00f6nnen Sie inmitten faszinierender Landschaft in Hot Tubs entspannen, exzellenten chilenischen Wein genie\u00dfen oder aktiv sein. Die Lodge bietet eine Vielzahl von Exkursionen an, wie z.B. die Erkundung des O\u2019Higgins Gletschers, Wanderungen, Bootstouren auf dem O\u2019Higgins See oder die \u201eRoute der Siedler\u201c nach El Chalt\u00e9n in Argentinien.<\/p>\n<p><strong>Zimmer:<\/strong> 12<br \/>\n<strong>Ausstattung:<\/strong> Heizung, Haartrockner, Safe, Morgenmantel, Pantoffeln,<br \/>\nLounge, Bibliothek,Kamin, Hot Tubs, Kiosk, Garten, Terrasse, Fahrradverleih, Kayakverleih, W\u00e4scheservice, Parkpl\u00e4tze<br \/>\n<strong>Aktivit\u00e4ten:<\/strong> All-inclusive-Pakete mit Exkursionen<br \/>\n<strong>Internet:<\/strong> im Haupthaus verf\u00fcgbar<\/p>","protected":false},"excerpt":{"rendered":"<p>Das Angebot der Lodge Robinson Crusoe Deep Patagonia in spektakul\u00e4rer Lage am s\u00fcdlichen Ende der Carretera Austral nahe des O\u2019Higgins-Sees richtet sich an anspruchsvolle Reisende, die auch in dieser abgelegenen Region nicht auf Komfort verzichten m\u00f6chten. Auf einer Fl\u00e4che von &#8230;<\/p>\n","protected":false},"author":16,"featured_media":0,"parent":218,"menu_order":0,"comment_status":"open","ping_status":"open","template":"","meta":{"slim_seo":{"title":"Lodge Robinson Crusoe Deep Patagonia **** Lodge Robinson Crusoe Deep Patagonia **** - travelArt","description":"Robinson Crusoe Deep Patagonia Robinson Crusoe Deep Patagonia Double Room Robinson Crusoe Deep Patagonia Hot Tub Robinson Crusoe Deep Patagonia Living Room Robi"},"footnotes":""},"class_list":["post-398","page","type-page","status-publish","hentry"],"_links":{"self":[{"href":"https:\/\/www.chile-reise.com\/de\/wp-json\/wp\/v2\/pages\/398","targetHints":{"allow":["GET"]}}],"collection":[{"href":"https:\/\/www.chile-reise.com\/de\/wp-json\/wp\/v2\/pages"}],"about":[{"href":"https:\/\/www.chile-reise.com\/de\/wp-json\/wp\/v2\/types\/page"}],"author":[{"embeddable":true,"href":"https:\/\/www.chile-reise.com\/de\/wp-json\/wp\/v2\/users\/16"}],"replies":[{"embeddable":true,"href":"https:\/\/www.chile-reise.com\/de\/wp-json\/wp\/v2\/comments?post=398"}],"version-history":[{"count":0,"href":"https:\/\/www.chile-reise.com\/de\/wp-json\/wp\/v2\/pages\/398\/revisions"}],"up":[{"embeddable":true,"href":"https:\/\/www.chile-reise.com\/de\/wp-json\/wp\/v2\/pages\/218"}],"wp:attachment":[{"href":"https:\/\/www.chile-reise.com\/de\/wp-json\/wp\/v2\/media?parent=398"}],"curies":[{"name":"wp","href":"https:\/\/api.w.org\/{rel}","templated":true}]}}