{"id":397,"date":"2013-07-03T23:14:35","date_gmt":"2013-07-03T21:14:35","guid":{"rendered":"http:\/\/www.chile-reise.com\/wordpress\/?page_id=397"},"modified":"2014-11-12T15:34:41","modified_gmt":"2014-11-12T13:34:41","slug":"terra-luna-lodge","status":"publish","type":"page","link":"https:\/\/www.chile-reise.com\/de\/hotels\/carretera-austral\/terra-luna-lodge\/","title":{"rendered":"Terra Luna Lodge ***"},"content":{"rendered":"<p>\r\n        <style type='text\/css'>\r\n            #gallery-1 {\r\n                margin: auto;\r\n            }\r\n            #gallery-1 .gallery-item {\r\n                float: left;\r\n                margin-top: 10px;\r\n                text-align: center;\r\n                width: 33%;           }\r\n            #gallery-1 img {\r\n                border: 2px solid #cfcfcf;\r\n            }\r\n            #gallery-1 .gallery-caption {\r\n                margin-left: 0;\r\n            }\r\n        <\/style>\r\n        <!-- see gallery_shortcode() in wp-includes\/media.php -->\r\n        <div id='gallery-1' class='gallery-images gallery galleryid-397'><dl class='gallery-item'>\r\n            <dt class='gallery-icon'>\r\n                <a href='https:\/\/www.chile-reise.com\/wp-content\/uploads\/Terra-Luna-afuera.jpg'><img loading=\"lazy\" decoding=\"async\" width=\"240\" height=\"140\" src=\"https:\/\/www.chile-reise.com\/wp-content\/uploads\/Terra-Luna-afuera-240x140.jpg\" class=\"attachment-thumbnail size-thumbnail\" alt=\"Terra Luna afuera\" \/><\/a>\r\n            <\/dt>\r\n                <dd class='gallery-caption'>\r\n                Terra Luna Lodge\r\n                <\/dd><\/dl><dl class='gallery-item'>\r\n            <dt class='gallery-icon'>\r\n                <a href='https:\/\/www.chile-reise.com\/wp-content\/uploads\/Terra-Luna-hab.jpg'><img loading=\"lazy\" decoding=\"async\" width=\"240\" height=\"140\" src=\"https:\/\/www.chile-reise.com\/wp-content\/uploads\/Terra-Luna-hab-240x140.jpg\" class=\"attachment-thumbnail size-thumbnail\" alt=\"Terra Luna hab\" \/><\/a>\r\n            <\/dt>\r\n                <dd class='gallery-caption'>\r\n                Terra Luna Lodge Twin Room\r\n                <\/dd><\/dl><dl class='gallery-item'>\r\n            <dt class='gallery-icon'>\r\n                <a href='https:\/\/www.chile-reise.com\/wp-content\/uploads\/Terra-Luna-vista.jpg'><img loading=\"lazy\" decoding=\"async\" width=\"240\" height=\"140\" src=\"https:\/\/www.chile-reise.com\/wp-content\/uploads\/Terra-Luna-vista-240x140.jpg\" class=\"attachment-thumbnail size-thumbnail\" alt=\"Terra Luna vista\" \/><\/a>\r\n            <\/dt>\r\n                <dd class='gallery-caption'>\r\n                Terra Luna Lodge View\r\n                <\/dd><\/dl><br style=\"clear: both\" \/><dl class='gallery-item'>\r\n            <dt class='gallery-icon'>\r\n                <a href='https:\/\/www.chile-reise.com\/wp-content\/uploads\/Terra-Luna-jacuzzi.jpg'><img loading=\"lazy\" decoding=\"async\" width=\"240\" height=\"140\" src=\"https:\/\/www.chile-reise.com\/wp-content\/uploads\/Terra-Luna-jacuzzi-240x140.jpg\" class=\"attachment-thumbnail size-thumbnail\" alt=\"Terra Luna jacuzzi\" \/><\/a>\r\n            <\/dt>\r\n                <dd class='gallery-caption'>\r\n                Terra Luna Lodge Jacuzzi\r\n                <\/dd><\/dl><dl class='gallery-item'>\r\n            <dt class='gallery-icon'>\r\n                <a href='https:\/\/www.chile-reise.com\/wp-content\/uploads\/Terra-Luna-Fireplace.jpg'><img loading=\"lazy\" decoding=\"async\" width=\"240\" height=\"140\" src=\"https:\/\/www.chile-reise.com\/wp-content\/uploads\/Terra-Luna-Fireplace-240x140.jpg\" class=\"attachment-thumbnail size-thumbnail\" alt=\"Terra Luna Fireplace\" \/><\/a>\r\n            <\/dt><\/dl><dl class='gallery-item'>\r\n            <dt class='gallery-icon'>\r\n                <a href='https:\/\/www.chile-reise.com\/wp-content\/uploads\/Terra-Luna-caba\u00f1a.jpg'><img loading=\"lazy\" decoding=\"async\" width=\"240\" height=\"140\" src=\"https:\/\/www.chile-reise.com\/wp-content\/uploads\/Terra-Luna-caba\u00f1a-240x140.jpg\" class=\"attachment-thumbnail size-thumbnail\" alt=\"Terra Luna Lodge\" \/><\/a>\r\n            <\/dt>\r\n                <dd class='gallery-caption'>\r\n                Terra Luna Lodge Cabin\r\n                <\/dd><\/dl><br style=\"clear: both\" \/>\r\n            <br style='clear: both;' \/>\r\n        <\/div>\n\n<div class=\"clear\"><\/div><div class=\"divider\"><\/div>\n<p>Die Terra Luna Lodge liegt bei Puerto Guadal zwischen dem n\u00f6rdlichen Eisfeld und dem t\u00fcrkisblauen Rio Baker. Die Anlage ist von 6 Hektar privatem Land umgeben, verf\u00fcgt \u00fcber 400 m Uferstreifen und hat eine fantastische Aussicht auf den See sowie die umliegenden Berge. Sie bietet in einem Haupthaus und verschiedenen gem\u00fctlichen Blockh\u00e4usern Platz f\u00fcr insgesamt 56 Personen. Unter anderem\u00a0 werden\u00a0 tolle Exkursionen wie Fliegenfischen, Kayakfahren, Reiten, Langlauf und spektakulk\u00e4re Jet-Boot-Touren\u00a0 angeboten.<\/p>\n<p><strong>Zimmer:<\/strong> Kapazit\u00e4t f\u00fcr 56 Personen in Blockh\u00e4usern und Zimmern des Haupthauses<br \/>\n<strong>Ausstattung:<\/strong> Telefon, Haartrockner, Holzofen, Zimmer im Haupthaus mit Balkon, Restaurant, Bar, Diskothek, Konferenzraum, Garten, Whirlpool, Hot-Tub, Sauna, Fahrrad- und Bootsverleih, Souvenirshop, Jet-Boote, W\u00e4scheservice, Parkpl\u00e4tze<br \/>\n<strong>Aktivit\u00e4ten:<\/strong> All-inclusive-Pakete mit Exkursionen<br \/>\n<strong>Internet:<\/strong> WiFi<\/p>","protected":false},"excerpt":{"rendered":"<p>Die Terra Luna Lodge liegt bei Puerto Guadal zwischen dem n\u00f6rdlichen Eisfeld und dem t\u00fcrkisblauen Rio Baker. Die Anlage ist von 6 Hektar privatem Land umgeben, verf\u00fcgt \u00fcber 400 m Uferstreifen und hat eine fantastische Aussicht auf den See sowie &#8230;<\/p>\n","protected":false},"author":16,"featured_media":0,"parent":218,"menu_order":0,"comment_status":"open","ping_status":"open","template":"","meta":{"slim_seo":{"title":"Terra Luna Lodge *** Terra Luna Lodge *** - travelArt","description":"Terra Luna Lodge Terra Luna Lodge Twin Room Terra Luna Lodge View Terra Luna Lodge Jacuzzi Terra Luna Lodge Cabin Die Terra Luna Lodge liegt bei Puerto Guadal z"},"footnotes":""},"class_list":["post-397","page","type-page","status-publish","hentry"],"_links":{"self":[{"href":"https:\/\/www.chile-reise.com\/de\/wp-json\/wp\/v2\/pages\/397","targetHints":{"allow":["GET"]}}],"collection":[{"href":"https:\/\/www.chile-reise.com\/de\/wp-json\/wp\/v2\/pages"}],"about":[{"href":"https:\/\/www.chile-reise.com\/de\/wp-json\/wp\/v2\/types\/page"}],"author":[{"embeddable":true,"href":"https:\/\/www.chile-reise.com\/de\/wp-json\/wp\/v2\/users\/16"}],"replies":[{"embeddable":true,"href":"https:\/\/www.chile-reise.com\/de\/wp-json\/wp\/v2\/comments?post=397"}],"version-history":[{"count":0,"href":"https:\/\/www.chile-reise.com\/de\/wp-json\/wp\/v2\/pages\/397\/revisions"}],"up":[{"embeddable":true,"href":"https:\/\/www.chile-reise.com\/de\/wp-json\/wp\/v2\/pages\/218"}],"wp:attachment":[{"href":"https:\/\/www.chile-reise.com\/de\/wp-json\/wp\/v2\/media?parent=397"}],"curies":[{"name":"wp","href":"https:\/\/api.w.org\/{rel}","templated":true}]}}