{"id":393,"date":"2013-07-03T23:08:54","date_gmt":"2013-07-03T21:08:54","guid":{"rendered":"http:\/\/www.chile-reise.com\/wordpress\/?page_id=393"},"modified":"2014-02-28T21:36:25","modified_gmt":"2014-02-28T19:36:25","slug":"hotel-diego-de-almagro-coyhaique","status":"publish","type":"page","link":"https:\/\/www.chile-reise.com\/de\/hotels\/carretera-austral\/hotel-diego-de-almagro-coyhaique\/","title":{"rendered":"Hotel Diego de Almagro Coyhaique ****"},"content":{"rendered":"<p>\r\n        <style type='text\/css'>\r\n            #gallery-1 {\r\n                margin: auto;\r\n            }\r\n            #gallery-1 .gallery-item {\r\n                float: left;\r\n                margin-top: 10px;\r\n                text-align: center;\r\n                width: 33%;           }\r\n            #gallery-1 img {\r\n                border: 2px solid #cfcfcf;\r\n            }\r\n            #gallery-1 .gallery-caption {\r\n                margin-left: 0;\r\n            }\r\n        <\/style>\r\n        <!-- see gallery_shortcode() in wp-includes\/media.php -->\r\n        <div id='gallery-1' class='gallery-images gallery galleryid-393'><dl class='gallery-item'>\r\n            <dt class='gallery-icon'>\r\n                <a href='https:\/\/www.chile-reise.com\/wp-content\/uploads\/fachada-hotel-02.jpg.1024x0.jpg'><img loading=\"lazy\" decoding=\"async\" width=\"240\" height=\"140\" src=\"https:\/\/www.chile-reise.com\/wp-content\/uploads\/fachada-hotel-02.jpg.1024x0-240x140.jpg\" class=\"attachment-thumbnail size-thumbnail\" alt=\"Fachada hotel 02.jpg.1024x0\" \/><\/a>\r\n            <\/dt>\r\n                <dd class='gallery-caption'>\r\n                Hotel Diego de Almagro Coyhaique\r\n                <\/dd><\/dl><dl class='gallery-item'>\r\n            <dt class='gallery-icon'>\r\n                <a href='https:\/\/www.chile-reise.com\/wp-content\/uploads\/hab-matrimonial-01.JPG.1024x0.jpg'><img loading=\"lazy\" decoding=\"async\" width=\"240\" height=\"140\" src=\"https:\/\/www.chile-reise.com\/wp-content\/uploads\/hab-matrimonial-01.JPG.1024x0-240x140.jpg\" class=\"attachment-thumbnail size-thumbnail\" alt=\"Hab matrimonial 01.JPG.1024x0\" \/><\/a>\r\n            <\/dt>\r\n                <dd class='gallery-caption'>\r\n                Hotel Diego de Almagro Coyhaique Room\r\n                <\/dd><\/dl><dl class='gallery-item'>\r\n            <dt class='gallery-icon'>\r\n                <a href='https:\/\/www.chile-reise.com\/wp-content\/uploads\/restorant-hotel-02.JPG.1024x0.jpg'><img loading=\"lazy\" decoding=\"async\" width=\"240\" height=\"140\" src=\"https:\/\/www.chile-reise.com\/wp-content\/uploads\/restorant-hotel-02.JPG.1024x0-240x140.jpg\" class=\"attachment-thumbnail size-thumbnail\" alt=\"Restorant hotel 02.JPG.1024x0\" \/><\/a>\r\n            <\/dt>\r\n                <dd class='gallery-caption'>\r\n                Hotel Diego de Almagro Coyhaique Restaurant\r\n                <\/dd><\/dl><br style=\"clear: both\" \/>\r\n            <br style='clear: both;' \/>\r\n        <\/div>\n<div class=\"clear\"><\/div><div class=\"divider\"><\/div>\n<p>Das moderne Hotel der Diego-de-Almagro-Gruppe befindet sich in Coyhaique an der Carretera Austral in der N\u00e4he einer Vielzahl von touristischen Attraktionen wie der Plaza de Armas, dem Patagonischen Museum und dem Ovejero Monument. Die Zimmer mit Aussicht auf die Stadt oder die umgebenden Berge sind schlicht und praktisch eingerichtet und bieten dem Reisenden durch ihre gute Ausstattung angenehme Ruhe und Komfort. Im Restaurant des Hotels k\u00f6nnen Sie sich f\u00fcr den n\u00e4chsten Reisetag st\u00e4rken.<\/p>\n<p><strong>Zimmer:<\/strong> 87<br \/>\n<strong>Ausstattung:<\/strong> Kabel-TV, Safe, Klimaanlage, Minibar, F\u00f6n, Radio, Telefon, Restaurant, Bar, Sauna, Parkpl\u00e4tze, Ein behindertengerechtes Zimmer steht zur Verf\u00fcgung<br \/>\n<strong>Internet:<\/strong> Wi-Fi<\/p>","protected":false},"excerpt":{"rendered":"<p>Das moderne Hotel der Diego-de-Almagro-Gruppe befindet sich in Coyhaique an der Carretera Austral in der N\u00e4he einer Vielzahl von touristischen Attraktionen wie der Plaza de Armas, dem Patagonischen Museum und dem Ovejero Monument. Die Zimmer mit Aussicht auf die Stadt &#8230;<\/p>\n","protected":false},"author":16,"featured_media":0,"parent":218,"menu_order":0,"comment_status":"open","ping_status":"open","template":"","meta":{"slim_seo":{"title":"Hotel Diego de Almagro Coyhaique **** Hotel Diego de Almagro Coyhaique **** - travelArt","description":"Hotel Diego de Almagro Coyhaique Hotel Diego de Almagro Coyhaique Room Hotel Diego de Almagro Coyhaique Restaurant Das moderne Hotel der Diego-de-Almagro-Gruppe"},"footnotes":""},"class_list":["post-393","page","type-page","status-publish","hentry"],"_links":{"self":[{"href":"https:\/\/www.chile-reise.com\/de\/wp-json\/wp\/v2\/pages\/393","targetHints":{"allow":["GET"]}}],"collection":[{"href":"https:\/\/www.chile-reise.com\/de\/wp-json\/wp\/v2\/pages"}],"about":[{"href":"https:\/\/www.chile-reise.com\/de\/wp-json\/wp\/v2\/types\/page"}],"author":[{"embeddable":true,"href":"https:\/\/www.chile-reise.com\/de\/wp-json\/wp\/v2\/users\/16"}],"replies":[{"embeddable":true,"href":"https:\/\/www.chile-reise.com\/de\/wp-json\/wp\/v2\/comments?post=393"}],"version-history":[{"count":0,"href":"https:\/\/www.chile-reise.com\/de\/wp-json\/wp\/v2\/pages\/393\/revisions"}],"up":[{"embeddable":true,"href":"https:\/\/www.chile-reise.com\/de\/wp-json\/wp\/v2\/pages\/218"}],"wp:attachment":[{"href":"https:\/\/www.chile-reise.com\/de\/wp-json\/wp\/v2\/media?parent=393"}],"curies":[{"name":"wp","href":"https:\/\/api.w.org\/{rel}","templated":true}]}}