{"id":392,"date":"2013-07-03T23:07:23","date_gmt":"2013-07-03T21:07:23","guid":{"rendered":"http:\/\/www.chile-reise.com\/wordpress\/?page_id=392"},"modified":"2014-03-17T21:14:53","modified_gmt":"2014-03-17T19:14:53","slug":"dreams-de-la-patagonia","status":"publish","type":"page","link":"https:\/\/www.chile-reise.com\/de\/hotels\/carretera-austral\/dreams-de-la-patagonia\/","title":{"rendered":"Dreams de la Patagonia *****"},"content":{"rendered":"<p>\r\n        <style type='text\/css'>\r\n            #gallery-1 {\r\n                margin: auto;\r\n            }\r\n            #gallery-1 .gallery-item {\r\n                float: left;\r\n                margin-top: 10px;\r\n                text-align: center;\r\n                width: 33%;           }\r\n            #gallery-1 img {\r\n                border: 2px solid #cfcfcf;\r\n            }\r\n            #gallery-1 .gallery-caption {\r\n                margin-left: 0;\r\n            }\r\n        <\/style>\r\n        <!-- see gallery_shortcode() in wp-includes\/media.php -->\r\n        <div id='gallery-1' class='gallery-images gallery galleryid-392'><dl class='gallery-item'>\r\n            <dt class='gallery-icon'>\r\n                <a href='https:\/\/www.chile-reise.com\/wp-content\/uploads\/hotel-dreams-patagonia-fachada.jpg'><img loading=\"lazy\" decoding=\"async\" width=\"240\" height=\"140\" src=\"https:\/\/www.chile-reise.com\/wp-content\/uploads\/hotel-dreams-patagonia-fachada-240x140.jpg\" class=\"attachment-thumbnail size-thumbnail\" alt=\"Hotel dreams patagonia fachada\" \/><\/a>\r\n            <\/dt>\r\n                <dd class='gallery-caption'>\r\n                Hotel Dreams de la Patagonia\r\n                <\/dd><\/dl><dl class='gallery-item'>\r\n            <dt class='gallery-icon'>\r\n                <a href='https:\/\/www.chile-reise.com\/wp-content\/uploads\/hotel-dreams-patagonia-room3.jpg'><img loading=\"lazy\" decoding=\"async\" width=\"240\" height=\"140\" src=\"https:\/\/www.chile-reise.com\/wp-content\/uploads\/hotel-dreams-patagonia-room3-240x140.jpg\" class=\"attachment-thumbnail size-thumbnail\" alt=\"Hotel dreams patagonia room3\" \/><\/a>\r\n            <\/dt>\r\n                <dd class='gallery-caption'>\r\n                Hotel Dreams de la Patagonia Room\r\n                <\/dd><\/dl><dl class='gallery-item'>\r\n            <dt class='gallery-icon'>\r\n                <a href='https:\/\/www.chile-reise.com\/wp-content\/uploads\/hotel-dreams-patagonia-lobby.jpg'><img loading=\"lazy\" decoding=\"async\" width=\"240\" height=\"140\" src=\"https:\/\/www.chile-reise.com\/wp-content\/uploads\/hotel-dreams-patagonia-lobby-240x140.jpg\" class=\"attachment-thumbnail size-thumbnail\" alt=\"Hotel dreams patagonia lobby\" \/><\/a>\r\n            <\/dt>\r\n                <dd class='gallery-caption'>\r\n                Hotel Dreams de la Patagonia Lobby\r\n                <\/dd><\/dl><br style=\"clear: both\" \/><dl class='gallery-item'>\r\n            <dt class='gallery-icon'>\r\n                <a href='https:\/\/www.chile-reise.com\/wp-content\/uploads\/hotel-dreams-patagonia-restaurant.jpg'><img loading=\"lazy\" decoding=\"async\" width=\"240\" height=\"140\" src=\"https:\/\/www.chile-reise.com\/wp-content\/uploads\/hotel-dreams-patagonia-restaurant-240x140.jpg\" class=\"attachment-thumbnail size-thumbnail\" alt=\"Hotel dreams patagonia restaurant\" \/><\/a>\r\n            <\/dt>\r\n                <dd class='gallery-caption'>\r\n                Hotel Dreams de la Patagonia Restaurant\r\n                <\/dd><\/dl><dl class='gallery-item'>\r\n            <dt class='gallery-icon'>\r\n                <a href='https:\/\/www.chile-reise.com\/wp-content\/uploads\/hotel-dreams-patagonia-piscina.jpg'><img loading=\"lazy\" decoding=\"async\" width=\"240\" height=\"140\" src=\"https:\/\/www.chile-reise.com\/wp-content\/uploads\/hotel-dreams-patagonia-piscina-240x140.jpg\" class=\"attachment-thumbnail size-thumbnail\" alt=\"Hotel dreams patagonia piscina\" \/><\/a>\r\n            <\/dt>\r\n                <dd class='gallery-caption'>\r\n                Hotel Dreams de la Patagonia Pool\r\n                <\/dd><\/dl><dl class='gallery-item'>\r\n            <dt class='gallery-icon'>\r\n                <a href='https:\/\/www.chile-reise.com\/wp-content\/uploads\/hotel-dreams-patagonia-afuera.jpg'><img loading=\"lazy\" decoding=\"async\" width=\"240\" height=\"140\" src=\"https:\/\/www.chile-reise.com\/wp-content\/uploads\/hotel-dreams-patagonia-afuera-240x140.jpg\" class=\"attachment-thumbnail size-thumbnail\" alt=\"Hotel dreams patagonia afuera\" \/><\/a>\r\n            <\/dt>\r\n                <dd class='gallery-caption'>\r\n                Hotel Dreams de la Patagonia Outside\r\n                <\/dd><\/dl><br style=\"clear: both\" \/>\r\n            <br style='clear: both;' \/>\r\n        <\/div>\n<div class=\"clear\"><\/div><div class=\"divider\"><\/div>\n<p>Das 5-Sterne-Haus Dreams de la Patagonia liegt drei Blocks von Coyhaique\u00b4s zentralem Platz entfernt und bietet erstklassigen Komfort und Service an der Carretera Austral. Das Hotel ist von au\u00dfen rustikal, der Gegend angepasst und innen modern ausgestattet, sodass kaum ein Wunsch offenbleibt. Das hauseigene Casino bietet Unterhaltung nach einem Tag in der Natur.<\/p>\n<p><strong>Zimmer:<\/strong> 40<br \/>\n<strong>Ausstattung:<\/strong> Heizung, Safe, TV, Telefon, Minibar, Haartrockner, Restaurant, Schwimmbecken, Spa, Fitnessraum, Casino, Business-Center, W\u00e4scheservice, Parkpl\u00e4tze, 2 Etagen f\u00fcr Raucher, Ein behindertengerechtes Zimmer steht zur Verf\u00fcgung<br \/>\n<strong>Internet:<\/strong> Wi-Fi<\/p>","protected":false},"excerpt":{"rendered":"<p>Das 5-Sterne-Haus Dreams de la Patagonia liegt drei Blocks von Coyhaique\u00b4s zentralem Platz entfernt und bietet erstklassigen Komfort und Service an der Carretera Austral. Das Hotel ist von au\u00dfen rustikal, der Gegend angepasst und innen modern ausgestattet, sodass kaum ein &#8230;<\/p>\n","protected":false},"author":16,"featured_media":0,"parent":218,"menu_order":0,"comment_status":"open","ping_status":"open","template":"","meta":{"slim_seo":{"title":"Dreams de la Patagonia ***** Dreams de la Patagonia ***** - travelArt","description":"Hotel Dreams de la Patagonia Hotel Dreams de la Patagonia Room Hotel Dreams de la Patagonia Lobby Hotel Dreams de la Patagonia Restaurant Hotel Dreams de la Pat"},"footnotes":""},"class_list":["post-392","page","type-page","status-publish","hentry"],"_links":{"self":[{"href":"https:\/\/www.chile-reise.com\/de\/wp-json\/wp\/v2\/pages\/392","targetHints":{"allow":["GET"]}}],"collection":[{"href":"https:\/\/www.chile-reise.com\/de\/wp-json\/wp\/v2\/pages"}],"about":[{"href":"https:\/\/www.chile-reise.com\/de\/wp-json\/wp\/v2\/types\/page"}],"author":[{"embeddable":true,"href":"https:\/\/www.chile-reise.com\/de\/wp-json\/wp\/v2\/users\/16"}],"replies":[{"embeddable":true,"href":"https:\/\/www.chile-reise.com\/de\/wp-json\/wp\/v2\/comments?post=392"}],"version-history":[{"count":0,"href":"https:\/\/www.chile-reise.com\/de\/wp-json\/wp\/v2\/pages\/392\/revisions"}],"up":[{"embeddable":true,"href":"https:\/\/www.chile-reise.com\/de\/wp-json\/wp\/v2\/pages\/218"}],"wp:attachment":[{"href":"https:\/\/www.chile-reise.com\/de\/wp-json\/wp\/v2\/media?parent=392"}],"curies":[{"name":"wp","href":"https:\/\/api.w.org\/{rel}","templated":true}]}}