{"id":389,"date":"2013-07-03T23:05:06","date_gmt":"2013-07-03T21:05:06","guid":{"rendered":"http:\/\/www.chile-reise.com\/wordpress\/?page_id=389"},"modified":"2014-09-05T23:07:25","modified_gmt":"2014-09-05T21:07:25","slug":"loberias-del-sur","status":"publish","type":"page","link":"https:\/\/www.chile-reise.com\/de\/hotels\/carretera-austral\/loberias-del-sur\/","title":{"rendered":"Lober\u00edas del Sur ****"},"content":{"rendered":"<p>\r\n        <style type='text\/css'>\r\n            #gallery-1 {\r\n                margin: auto;\r\n            }\r\n            #gallery-1 .gallery-item {\r\n                float: left;\r\n                margin-top: 10px;\r\n                text-align: center;\r\n                width: 33%;           }\r\n            #gallery-1 img {\r\n                border: 2px solid #cfcfcf;\r\n            }\r\n            #gallery-1 .gallery-caption {\r\n                margin-left: 0;\r\n            }\r\n        <\/style>\r\n        <!-- see gallery_shortcode() in wp-includes\/media.php -->\r\n        <div id='gallery-1' class='gallery-images gallery galleryid-389'><dl class='gallery-item'>\r\n            <dt class='gallery-icon'>\r\n                <a href='https:\/\/www.chile-reise.com\/wp-content\/uploads\/Hotel-Lober\u00edas-del-Sur.jpg'><img loading=\"lazy\" decoding=\"async\" width=\"240\" height=\"140\" src=\"https:\/\/www.chile-reise.com\/wp-content\/uploads\/Hotel-Lober\u00edas-del-Sur-240x140.jpg\" class=\"attachment-thumbnail size-thumbnail\" alt=\"Hotel Lober\u00edas del Sur\" \/><\/a>\r\n            <\/dt>\r\n                <dd class='gallery-caption'>\r\n                Hotel Lober\u00edas del Sur\r\n                <\/dd><\/dl><dl class='gallery-item'>\r\n            <dt class='gallery-icon'>\r\n                <a href='https:\/\/www.chile-reise.com\/wp-content\/uploads\/Hab-Loberias.jpg'><img loading=\"lazy\" decoding=\"async\" width=\"240\" height=\"140\" src=\"https:\/\/www.chile-reise.com\/wp-content\/uploads\/Hab-Loberias-240x140.jpg\" class=\"attachment-thumbnail size-thumbnail\" alt=\"Hab Loberias\" \/><\/a>\r\n            <\/dt>\r\n                <dd class='gallery-caption'>\r\n                Lober\u00edas del Sur Room\r\n                <\/dd><\/dl><dl class='gallery-item'>\r\n            <dt class='gallery-icon'>\r\n                <a href='https:\/\/www.chile-reise.com\/wp-content\/uploads\/Hotel-Lober\u00edas-del-Sur-Fireplace.jpg'><img loading=\"lazy\" decoding=\"async\" width=\"240\" height=\"140\" src=\"https:\/\/www.chile-reise.com\/wp-content\/uploads\/Hotel-Lober\u00edas-del-Sur-Fireplace-240x140.jpg\" class=\"attachment-thumbnail size-thumbnail\" alt=\"Hotel Lober\u00edas del Sur Fireplace\" \/><\/a>\r\n            <\/dt>\r\n                <dd class='gallery-caption'>\r\n                Lober\u00edas del Sur Fireplace\r\n                <\/dd><\/dl><br style=\"clear: both\" \/>\r\n            <br style='clear: both;' \/>\r\n        <\/div>\n\n<div class=\"clear\"><\/div><div class=\"divider\"><\/div>\n<p>Das traditionelle Hotel \u201eLober\u00edas del Sur\u201c in Puerto Chacabuco liegt zwischen gr\u00fcnen H\u00fcgeln direkt am Seno Aisen. Es verf\u00fcgt \u00fcber komfortable Zimmer und \u00fcberzeugt mit erstklassigem Service. Holz und Naturstein verleihen dem Hotel eine warme und gem\u00fctliche Note. Im Restaurant \u201eChucao\u201c wird traditionelle chilenische und internationale K\u00fcche von hoher Qualit\u00e4t serviert. Puerto Chacabuco ist der Ausgangspunkt f\u00fcr Bootstouren in die patagonischen Kan\u00e4le und zum San Rafael Gletscher, dar\u00fcber hinaus f\u00fcr Trekking, Fischen, Reiten, Kayaktouren, Canyoning &#8230;<\/p>\n<p><strong>Zimmer:<\/strong> 60<br \/>\n<strong>Ausstattung:<\/strong> Telefon, Haartrockner, Kabel-TV, Safe, Restaurant, Bar, Cafeteria, Spielesaal, Schwimmbecken, Spa mit Sauna, Fitnessraum, Mehrzweckr\u00e4ume, Business-Center, W\u00e4scheservice, Parkpl\u00e4tze, Behindertengerechte Zimmer stehen zur Verf\u00fcgung<br \/>\n<strong>Internet:<\/strong> Wi-Fi in den Aufenthaltsbereichen, Computer mit Internetanschluss stehen zur Verf\u00fcgung<\/p>","protected":false},"excerpt":{"rendered":"<p>Das traditionelle Hotel \u201eLober\u00edas del Sur\u201c in Puerto Chacabuco liegt zwischen gr\u00fcnen H\u00fcgeln direkt am Seno Aisen. Es verf\u00fcgt \u00fcber komfortable Zimmer und \u00fcberzeugt mit erstklassigem Service. Holz und Naturstein verleihen dem Hotel eine warme und gem\u00fctliche Note. Im Restaurant &#8230;<\/p>\n","protected":false},"author":16,"featured_media":0,"parent":218,"menu_order":0,"comment_status":"open","ping_status":"open","template":"","meta":{"slim_seo":{"title":"Lober\u00edas del Sur **** Lober\u00edas del Sur **** - travelArt","description":"Hotel Lober\u00edas del Sur Lober\u00edas del Sur Room Lober\u00edas del Sur Fireplace Das traditionelle Hotel \u201eLober\u00edas del Sur\u201c in Puerto Chacabuco liegt zwischen gr\u00fcnen H\u00fcg"},"footnotes":""},"class_list":["post-389","page","type-page","status-publish","hentry"],"_links":{"self":[{"href":"https:\/\/www.chile-reise.com\/de\/wp-json\/wp\/v2\/pages\/389","targetHints":{"allow":["GET"]}}],"collection":[{"href":"https:\/\/www.chile-reise.com\/de\/wp-json\/wp\/v2\/pages"}],"about":[{"href":"https:\/\/www.chile-reise.com\/de\/wp-json\/wp\/v2\/types\/page"}],"author":[{"embeddable":true,"href":"https:\/\/www.chile-reise.com\/de\/wp-json\/wp\/v2\/users\/16"}],"replies":[{"embeddable":true,"href":"https:\/\/www.chile-reise.com\/de\/wp-json\/wp\/v2\/comments?post=389"}],"version-history":[{"count":0,"href":"https:\/\/www.chile-reise.com\/de\/wp-json\/wp\/v2\/pages\/389\/revisions"}],"up":[{"embeddable":true,"href":"https:\/\/www.chile-reise.com\/de\/wp-json\/wp\/v2\/pages\/218"}],"wp:attachment":[{"href":"https:\/\/www.chile-reise.com\/de\/wp-json\/wp\/v2\/media?parent=389"}],"curies":[{"name":"wp","href":"https:\/\/api.w.org\/{rel}","templated":true}]}}