{"id":385,"date":"2013-07-03T23:03:41","date_gmt":"2013-07-03T21:03:41","guid":{"rendered":"http:\/\/www.chile-reise.com\/wordpress\/?page_id=385"},"modified":"2015-04-10T19:22:51","modified_gmt":"2015-04-10T17:22:51","slug":"hacienda-tres-lagos","status":"publish","type":"page","link":"https:\/\/www.chile-reise.com\/de\/hotels\/carretera-austral\/hacienda-tres-lagos\/","title":{"rendered":"Hacienda Tres Lagos ***"},"content":{"rendered":"<p>\r\n        <style type='text\/css'>\r\n            #gallery-1 {\r\n                margin: auto;\r\n            }\r\n            #gallery-1 .gallery-item {\r\n                float: left;\r\n                margin-top: 10px;\r\n                text-align: center;\r\n                width: 33%;           }\r\n            #gallery-1 img {\r\n                border: 2px solid #cfcfcf;\r\n            }\r\n            #gallery-1 .gallery-caption {\r\n                margin-left: 0;\r\n            }\r\n        <\/style>\r\n        <!-- see gallery_shortcode() in wp-includes\/media.php -->\r\n        <div id='gallery-1' class='gallery-images gallery galleryid-385'><dl class='gallery-item'>\r\n            <dt class='gallery-icon'>\r\n                <a href='https:\/\/www.chile-reise.com\/wp-content\/uploads\/Hacienda-Tres-Lagos.jpg'><img loading=\"lazy\" decoding=\"async\" width=\"240\" height=\"140\" src=\"https:\/\/www.chile-reise.com\/wp-content\/uploads\/Hacienda-Tres-Lagos-240x140.jpg\" class=\"attachment-thumbnail size-thumbnail\" alt=\"Hacienda Tres Lagos\" \/><\/a>\r\n            <\/dt>\r\n                <dd class='gallery-caption'>\r\n                Hacienda Tres Lagos\r\n                <\/dd><\/dl><dl class='gallery-item'>\r\n            <dt class='gallery-icon'>\r\n                <a href='https:\/\/www.chile-reise.com\/wp-content\/uploads\/Hacienda-Tres-Lagos-Habitacion-de-lujo.jpg'><img loading=\"lazy\" decoding=\"async\" width=\"240\" height=\"140\" src=\"https:\/\/www.chile-reise.com\/wp-content\/uploads\/Hacienda-Tres-Lagos-Habitacion-de-lujo-240x140.jpg\" class=\"attachment-thumbnail size-thumbnail\" alt=\"Hacienda Tres Lagos Habitacion de lujo\" \/><\/a>\r\n            <\/dt>\r\n                <dd class='gallery-caption'>\r\n                Hacienda Tres Lagos Double Room\r\n                <\/dd><\/dl><dl class='gallery-item'>\r\n            <dt class='gallery-icon'>\r\n                <a href='https:\/\/www.chile-reise.com\/wp-content\/uploads\/Hacienda-Tres-Lagos-Restaurant.jpg'><img loading=\"lazy\" decoding=\"async\" width=\"240\" height=\"140\" src=\"https:\/\/www.chile-reise.com\/wp-content\/uploads\/Hacienda-Tres-Lagos-Restaurant-240x140.jpg\" class=\"attachment-thumbnail size-thumbnail\" alt=\"Hacienda Tres Lagos Restaurant\" \/><\/a>\r\n            <\/dt>\r\n                <dd class='gallery-caption'>\r\n                Hacienda Tres Lagos Restaurant\r\n                <\/dd><\/dl><br style=\"clear: both\" \/><dl class='gallery-item'>\r\n            <dt class='gallery-icon'>\r\n                <a href='https:\/\/www.chile-reise.com\/wp-content\/uploads\/Hacienda-Tres-Lagos-Jacuzzi.jpg'><img loading=\"lazy\" decoding=\"async\" width=\"240\" height=\"140\" src=\"https:\/\/www.chile-reise.com\/wp-content\/uploads\/Hacienda-Tres-Lagos-Jacuzzi-240x140.jpg\" class=\"attachment-thumbnail size-thumbnail\" alt=\"Hacienda Tres Lagos Jacuzzi\" \/><\/a>\r\n            <\/dt>\r\n                <dd class='gallery-caption'>\r\n                Hacienda Tres Lagos Jacuzzi\r\n                <\/dd><\/dl><dl class='gallery-item'>\r\n            <dt class='gallery-icon'>\r\n                <a href='https:\/\/www.chile-reise.com\/wp-content\/uploads\/Hacienda-Tres-Lagos-Sala-de-Juegos.jpg'><img loading=\"lazy\" decoding=\"async\" width=\"240\" height=\"140\" src=\"https:\/\/www.chile-reise.com\/wp-content\/uploads\/Hacienda-Tres-Lagos-Sala-de-Juegos-240x140.jpg\" class=\"attachment-thumbnail size-thumbnail\" alt=\"Hacienda Tres Lagos Sala de Juegos\" \/><\/a>\r\n            <\/dt>\r\n                <dd class='gallery-caption'>\r\n                Hacienda Tres Lagos Living Room\r\n                <\/dd><\/dl><dl class='gallery-item'>\r\n            <dt class='gallery-icon'>\r\n                <a href='https:\/\/www.chile-reise.com\/wp-content\/uploads\/Hacienda-Tres-Lagos2.jpg'><img loading=\"lazy\" decoding=\"async\" width=\"240\" height=\"140\" src=\"https:\/\/www.chile-reise.com\/wp-content\/uploads\/Hacienda-Tres-Lagos2-240x140.jpg\" class=\"attachment-thumbnail size-thumbnail\" alt=\"Hacienda Tres Lagos2\" \/><\/a>\r\n            <\/dt>\r\n                <dd class='gallery-caption'>\r\n                Hacienda Tres Lagos Location\r\n                <\/dd><\/dl><br style=\"clear: both\" \/>\r\n            <br style='clear: both;' \/>\r\n        <\/div>\n\n<div class=\"clear\"><\/div><div class=\"divider\"><\/div>\n<p>Die Hacienda Tres Lagos liegt wundersch\u00f6n zwischen den drei Seen \u00abGeneral Carrera\u00bb, \u00abNegro\u00bb und \u00abBertrand\u00bb und ist hervorragend ausgestattet. Das rustikale und gleichzeitig elegante Geb\u00e4ude bietet komfortable Zimmer mit Panoramablick, teilweise im Haupthaus und teilweise in Bungalows. Die Zimmer sind ger\u00e4umig und auf moderne Art einladend eingerichtet. Sie verf\u00fcgen \u00fcber einen Holzofen zum Heizen, was sie besonders gem\u00fctlich macht.<\/p>\n<p><strong>Zimmer:<\/strong> 20<br \/>\n<strong>Ausstattung:<\/strong> Holzofen, Haartrockner, Safe, Minibar, Schreibtisch, Balkon oder Terrasse mit Panoramablick, Restaurant, Bar, Cafeter\u00eda, Quincho-Grill, Spielesaal,<br \/>\nTelefon an der Rezeption, G\u00e4rten, Spa mit Massageraum, Sauna und Whirlpool; Hot-Tubs, Fahrzeuge mit Allradantrieb, Boote, Pferde, Fahrr\u00e4der, Teleskope, Musikinstrumente, Bibliothek, W\u00e4scheservice, Parkpl\u00e4tze<br \/>\n<strong>Aktivit\u00e4ten:<\/strong> All-inclusive-Pakete mit Exkursionen und Spa-Anwendungen<br \/>\n<strong>Internet:<\/strong> Wi-Fi<\/p>","protected":false},"excerpt":{"rendered":"<p>Die Hacienda Tres Lagos liegt wundersch\u00f6n zwischen den drei Seen \u00abGeneral Carrera\u00bb, \u00abNegro\u00bb und \u00abBertrand\u00bb und ist hervorragend ausgestattet. Das rustikale und gleichzeitig elegante Geb\u00e4ude bietet komfortable Zimmer mit Panoramablick, teilweise im Haupthaus und teilweise in Bungalows. Die Zimmer sind &#8230;<\/p>\n","protected":false},"author":16,"featured_media":0,"parent":218,"menu_order":0,"comment_status":"open","ping_status":"open","template":"","meta":{"slim_seo":{"title":"Hacienda Tres Lagos *** Hacienda Tres Lagos *** - travelArt","description":"Hacienda Tres Lagos Hacienda Tres Lagos Double Room Hacienda Tres Lagos Restaurant Hacienda Tres Lagos Jacuzzi Hacienda Tres Lagos Living Room Hacienda Tres Lag"},"footnotes":""},"class_list":["post-385","page","type-page","status-publish","hentry"],"_links":{"self":[{"href":"https:\/\/www.chile-reise.com\/de\/wp-json\/wp\/v2\/pages\/385","targetHints":{"allow":["GET"]}}],"collection":[{"href":"https:\/\/www.chile-reise.com\/de\/wp-json\/wp\/v2\/pages"}],"about":[{"href":"https:\/\/www.chile-reise.com\/de\/wp-json\/wp\/v2\/types\/page"}],"author":[{"embeddable":true,"href":"https:\/\/www.chile-reise.com\/de\/wp-json\/wp\/v2\/users\/16"}],"replies":[{"embeddable":true,"href":"https:\/\/www.chile-reise.com\/de\/wp-json\/wp\/v2\/comments?post=385"}],"version-history":[{"count":0,"href":"https:\/\/www.chile-reise.com\/de\/wp-json\/wp\/v2\/pages\/385\/revisions"}],"up":[{"embeddable":true,"href":"https:\/\/www.chile-reise.com\/de\/wp-json\/wp\/v2\/pages\/218"}],"wp:attachment":[{"href":"https:\/\/www.chile-reise.com\/de\/wp-json\/wp\/v2\/media?parent=385"}],"curies":[{"name":"wp","href":"https:\/\/api.w.org\/{rel}","templated":true}]}}