{"id":384,"date":"2013-07-03T23:01:22","date_gmt":"2013-07-03T21:01:22","guid":{"rendered":"http:\/\/www.chile-reise.com\/wordpress\/?page_id=384"},"modified":"2015-04-10T19:22:26","modified_gmt":"2015-04-10T17:22:26","slug":"puyuhuapi-lodge-spa","status":"publish","type":"page","link":"https:\/\/www.chile-reise.com\/de\/hotels\/carretera-austral\/puyuhuapi-lodge-spa\/","title":{"rendered":"Puyuhuapi Lodge &#038; Spa ****"},"content":{"rendered":"<p>\r\n        <style type='text\/css'>\r\n            #gallery-1 {\r\n                margin: auto;\r\n            }\r\n            #gallery-1 .gallery-item {\r\n                float: left;\r\n                margin-top: 10px;\r\n                text-align: center;\r\n                width: 33%;           }\r\n            #gallery-1 img {\r\n                border: 2px solid #cfcfcf;\r\n            }\r\n            #gallery-1 .gallery-caption {\r\n                margin-left: 0;\r\n            }\r\n        <\/style>\r\n        <!-- see gallery_shortcode() in wp-includes\/media.php -->\r\n        <div id='gallery-1' class='gallery-images gallery galleryid-384'><dl class='gallery-item'>\r\n            <dt class='gallery-icon'>\r\n                <a href='https:\/\/www.chile-reise.com\/wp-content\/uploads\/Puyuhuapi-Lodge-Spa.jpg'><img loading=\"lazy\" decoding=\"async\" width=\"240\" height=\"140\" src=\"https:\/\/www.chile-reise.com\/wp-content\/uploads\/Puyuhuapi-Lodge-Spa-240x140.jpg\" class=\"attachment-thumbnail size-thumbnail\" alt=\"Puyuhuapi Lodge &amp; Spa\" \/><\/a>\r\n            <\/dt>\r\n                <dd class='gallery-caption'>\r\n                Puyuhuapi Lodge &#038; Spa\r\n                <\/dd><\/dl><dl class='gallery-item'>\r\n            <dt class='gallery-icon'>\r\n                <a href='https:\/\/www.chile-reise.com\/wp-content\/uploads\/Puyuhuapi-Lodge-Spa-Double-Room.jpg'><img loading=\"lazy\" decoding=\"async\" width=\"240\" height=\"140\" src=\"https:\/\/www.chile-reise.com\/wp-content\/uploads\/Puyuhuapi-Lodge-Spa-Double-Room-240x140.jpg\" class=\"attachment-thumbnail size-thumbnail\" alt=\"Puyuhuapi Lodge &amp; Spa Double Room\" \/><\/a>\r\n            <\/dt>\r\n                <dd class='gallery-caption'>\r\n                Puyuhuapi Lodge &#038; Spa Double Room\r\n                <\/dd><\/dl><dl class='gallery-item'>\r\n            <dt class='gallery-icon'>\r\n                <a href='https:\/\/www.chile-reise.com\/wp-content\/uploads\/Puyuhuapi-Lodge-Spa-Exterior-Pool.jpg'><img loading=\"lazy\" decoding=\"async\" width=\"240\" height=\"140\" src=\"https:\/\/www.chile-reise.com\/wp-content\/uploads\/Puyuhuapi-Lodge-Spa-Exterior-Pool-240x140.jpg\" class=\"attachment-thumbnail size-thumbnail\" alt=\"Puyuhuapi Lodge &amp; Spa Exterior Pool\" \/><\/a>\r\n            <\/dt>\r\n                <dd class='gallery-caption'>\r\n                Puyuhuapi Lodge &#038; Spa Exterior Pool\r\n                <\/dd><\/dl><br style=\"clear: both\" \/><dl class='gallery-item'>\r\n            <dt class='gallery-icon'>\r\n                <a href='https:\/\/www.chile-reise.com\/wp-content\/uploads\/Puyuhuapi-Lodge-Spa-Interior-Pool.jpg'><img loading=\"lazy\" decoding=\"async\" width=\"240\" height=\"140\" src=\"https:\/\/www.chile-reise.com\/wp-content\/uploads\/Puyuhuapi-Lodge-Spa-Interior-Pool-240x140.jpg\" class=\"attachment-thumbnail size-thumbnail\" alt=\"Puyuhuapi Lodge &amp; Spa Interior Pool\" \/><\/a>\r\n            <\/dt>\r\n                <dd class='gallery-caption'>\r\n                Puyuhuapi Lodge &#038; Spa Interior Pool\r\n                <\/dd><\/dl><dl class='gallery-item'>\r\n            <dt class='gallery-icon'>\r\n                <a href='https:\/\/www.chile-reise.com\/wp-content\/uploads\/Puyuhuapi-Lodge-Spa-Living-Room.jpg'><img loading=\"lazy\" decoding=\"async\" width=\"240\" height=\"140\" src=\"https:\/\/www.chile-reise.com\/wp-content\/uploads\/Puyuhuapi-Lodge-Spa-Living-Room-240x140.jpg\" class=\"attachment-thumbnail size-thumbnail\" alt=\"Puyuhuapi Lodge &amp; Spa Living Room\" \/><\/a>\r\n            <\/dt>\r\n                <dd class='gallery-caption'>\r\n                Puyuhuapi Lodge &#038; Spa Living Room\r\n                <\/dd><\/dl><dl class='gallery-item'>\r\n            <dt class='gallery-icon'>\r\n                <a href='https:\/\/www.chile-reise.com\/wp-content\/uploads\/Puyuhuapi-Lodge-Spa-Kayak.jpg'><img loading=\"lazy\" decoding=\"async\" width=\"240\" height=\"140\" src=\"https:\/\/www.chile-reise.com\/wp-content\/uploads\/Puyuhuapi-Lodge-Spa-Kayak-240x140.jpg\" class=\"attachment-thumbnail size-thumbnail\" alt=\"Puyuhuapi Lodge &amp; Spa Kayak\" \/><\/a>\r\n            <\/dt>\r\n                <dd class='gallery-caption'>\r\n                Puyuhuapi Lodge &#038; Spa Kayak\r\n                <\/dd><\/dl><br style=\"clear: both\" \/>\r\n            <br style='clear: both;' \/>\r\n        <\/div>\n\n<div class=\"clear\"><\/div><div class=\"divider\"><\/div>\n<p>Die Puyuhuapi Lodge ist eine wahre Oase der Ruhe und Entspannung. Sie liegt zwischen Bergen und kaltem Regenwald des Queluat-Nationalparks an der Carretera Austral und ist nur per Boot zu erreichen. Die G\u00e4ste werden am Bootsanleger mit Musik begr\u00fc\u00dft und nach einem Welcome-Drink gleich ins Spa mit Seeblick eingeladen, um bei einer Willkommens-Zeremonie die M\u00fchen der Reise abzusch\u00fctteln. Die Zimmer mit Blick auf den Fjord bieten ein Ambiente zum Wohlf\u00fchlen. Sie sind mit dem Spa und dem Aufenthaltsbereich \u00fcber h\u00f6lzerne Wege durch die Naturlandschaft verbunden. Im erstklassigen Restaurant stehen vor allem Fisch und Meeresfr\u00fcchte der Region auf der Speisekarte.<\/p>\n<p><strong>Zimmer:<\/strong> 32<br \/>\n<strong>Ausstattung:<\/strong> Telefon, Zentralheizung, Haartrockner, Bademantel, Gummistiefel, Restaurant, Bar, Cafeter\u00eda, Spa: 3 Thermalbecken au\u00dfen, 1 Thermalbecken innen, Whirlpool, Sauna, Massageservice, Fitnessraum, Spielesaal, Kamin, Kayaks, Souvenirhop, Schuhputzservice, W\u00e4scheservice<br \/>\n<strong>Aktivit\u00e4ten:<\/strong> All-inclusive-Pakete mit  Exkursionen und Spa-Anwendungen<br \/>\n<em>Ausgezeichnet mit \u201eSello S\u201c, dem chilenischen Nachhaltigkeitssiegel.<\/em><\/p>","protected":false},"excerpt":{"rendered":"<p>Die Puyuhuapi Lodge ist eine wahre Oase der Ruhe und Entspannung. Sie liegt zwischen Bergen und kaltem Regenwald des Queluat-Nationalparks an der Carretera Austral und ist nur per Boot zu erreichen. Die G\u00e4ste werden am Bootsanleger mit Musik begr\u00fc\u00dft und &#8230;<\/p>\n","protected":false},"author":16,"featured_media":0,"parent":218,"menu_order":0,"comment_status":"open","ping_status":"open","template":"","meta":{"slim_seo":{"title":"Puyuhuapi Lodge & Spa **** Puyuhuapi Lodge & Spa **** - travelArt","description":"Puyuhuapi Lodge &#038; Spa Puyuhuapi Lodge &#038; Spa Double Room Puyuhuapi Lodge &#038; Spa Exterior Pool Puyuhuapi Lodge &#038; Spa Interior Pool Puyuhuapi Lo"},"footnotes":""},"class_list":["post-384","page","type-page","status-publish","hentry"],"_links":{"self":[{"href":"https:\/\/www.chile-reise.com\/de\/wp-json\/wp\/v2\/pages\/384","targetHints":{"allow":["GET"]}}],"collection":[{"href":"https:\/\/www.chile-reise.com\/de\/wp-json\/wp\/v2\/pages"}],"about":[{"href":"https:\/\/www.chile-reise.com\/de\/wp-json\/wp\/v2\/types\/page"}],"author":[{"embeddable":true,"href":"https:\/\/www.chile-reise.com\/de\/wp-json\/wp\/v2\/users\/16"}],"replies":[{"embeddable":true,"href":"https:\/\/www.chile-reise.com\/de\/wp-json\/wp\/v2\/comments?post=384"}],"version-history":[{"count":0,"href":"https:\/\/www.chile-reise.com\/de\/wp-json\/wp\/v2\/pages\/384\/revisions"}],"up":[{"embeddable":true,"href":"https:\/\/www.chile-reise.com\/de\/wp-json\/wp\/v2\/pages\/218"}],"wp:attachment":[{"href":"https:\/\/www.chile-reise.com\/de\/wp-json\/wp\/v2\/media?parent=384"}],"curies":[{"name":"wp","href":"https:\/\/api.w.org\/{rel}","templated":true}]}}