{"id":383,"date":"2013-07-03T22:59:55","date_gmt":"2013-07-03T20:59:55","guid":{"rendered":"http:\/\/www.chile-reise.com\/wordpress\/?page_id=383"},"modified":"2013-10-23T15:08:30","modified_gmt":"2013-10-23T13:08:30","slug":"hotel-el-reloj","status":"publish","type":"page","link":"https:\/\/www.chile-reise.com\/de\/hotels\/carretera-austral\/hotel-el-reloj\/","title":{"rendered":"Hotel El Reloj ***"},"content":{"rendered":"<p>\r\n        <style type='text\/css'>\r\n            #gallery-1 {\r\n                margin: auto;\r\n            }\r\n            #gallery-1 .gallery-item {\r\n                float: left;\r\n                margin-top: 10px;\r\n                text-align: center;\r\n                width: 33%;           }\r\n            #gallery-1 img {\r\n                border: 2px solid #cfcfcf;\r\n            }\r\n            #gallery-1 .gallery-caption {\r\n                margin-left: 0;\r\n            }\r\n        <\/style>\r\n        <!-- see gallery_shortcode() in wp-includes\/media.php -->\r\n        <div id='gallery-1' class='gallery-images gallery galleryid-383'><dl class='gallery-item'>\r\n            <dt class='gallery-icon'>\r\n                <a href='https:\/\/www.chile-reise.com\/wp-content\/uploads\/El-Reloj.jpg'><img loading=\"lazy\" decoding=\"async\" width=\"240\" height=\"140\" src=\"https:\/\/www.chile-reise.com\/wp-content\/uploads\/El-Reloj-240x140.jpg\" class=\"attachment-thumbnail size-thumbnail\" alt=\"El Reloj\" \/><\/a>\r\n            <\/dt>\r\n                <dd class='gallery-caption'>\r\n                Hotel El Reloj\r\n                <\/dd><\/dl><dl class='gallery-item'>\r\n            <dt class='gallery-icon'>\r\n                <a href='https:\/\/www.chile-reise.com\/wp-content\/uploads\/El-Reloj_Habitaci\u00f3n.jpg'><img loading=\"lazy\" decoding=\"async\" width=\"240\" height=\"140\" src=\"https:\/\/www.chile-reise.com\/wp-content\/uploads\/El-Reloj_Habitaci\u00f3n-240x140.jpg\" class=\"attachment-thumbnail size-thumbnail\" alt=\"El Reloj Habitaci\u00f3n\" \/><\/a>\r\n            <\/dt>\r\n                <dd class='gallery-caption'>\r\n                El Reloj Double Room\r\n                <\/dd><\/dl><dl class='gallery-item'>\r\n            <dt class='gallery-icon'>\r\n                <a href='https:\/\/www.chile-reise.com\/wp-content\/uploads\/El-Reloj_Jard\u00edn.jpg'><img loading=\"lazy\" decoding=\"async\" width=\"240\" height=\"140\" src=\"https:\/\/www.chile-reise.com\/wp-content\/uploads\/El-Reloj_Jard\u00edn-240x140.jpg\" class=\"attachment-thumbnail size-thumbnail\" alt=\"El Reloj Jard\u00edn\" \/><\/a>\r\n            <\/dt>\r\n                <dd class='gallery-caption'>\r\n                El Reloj Garden\r\n                <\/dd><\/dl><br style=\"clear: both\" \/>\r\n            <br style='clear: both;' \/>\r\n        <\/div>\n\n<div class=\"clear\"><\/div><div class=\"divider\"><\/div>\n<p>Das Hotel \u201eEl Reloj\u201c liegt nur wenige Stra\u00dfen vom Hauptplatz Coyhaiques entfernt. Das famili\u00e4re Hotel bietet pers\u00f6nlichen Service, einige der Zimmer haben Blick auf den Fluss Coyhaique. Der gem\u00fctliche Aufenthaltsraum l\u00e4dt ein, sich vor dem Kamin von den Exkursionen in die wilde Landschaft der Umgebung zu erholen.<\/p>\n<p><strong>Zimmer:<\/strong> 20<br \/>\n<strong>Ausstattung:<\/strong> Zentralheizung, Telefon, Kabel-TV, Restaurant, Konferenzraum, Kamin im Aufenthaltsbereich<br \/>\n<strong>Internet:<\/strong> Wi-Fi<\/p>","protected":false},"excerpt":{"rendered":"<p>Das Hotel \u201eEl Reloj\u201c liegt nur wenige Stra\u00dfen vom Hauptplatz Coyhaiques entfernt. Das famili\u00e4re Hotel bietet pers\u00f6nlichen Service, einige der Zimmer haben Blick auf den Fluss Coyhaique. Der gem\u00fctliche Aufenthaltsraum l\u00e4dt ein, sich vor dem Kamin von den Exkursionen in &#8230;<\/p>\n","protected":false},"author":16,"featured_media":0,"parent":218,"menu_order":0,"comment_status":"open","ping_status":"open","template":"","meta":{"slim_seo":{"title":"Hotel El Reloj *** Hotel El Reloj *** - travelArt","description":"Hotel El Reloj El Reloj Double Room El Reloj Garden Das Hotel \u201eEl Reloj\u201c liegt nur wenige Stra\u00dfen vom Hauptplatz Coyhaiques entfernt. Das famili\u00e4re Hotel bietet"},"footnotes":""},"class_list":["post-383","page","type-page","status-publish","hentry"],"_links":{"self":[{"href":"https:\/\/www.chile-reise.com\/de\/wp-json\/wp\/v2\/pages\/383","targetHints":{"allow":["GET"]}}],"collection":[{"href":"https:\/\/www.chile-reise.com\/de\/wp-json\/wp\/v2\/pages"}],"about":[{"href":"https:\/\/www.chile-reise.com\/de\/wp-json\/wp\/v2\/types\/page"}],"author":[{"embeddable":true,"href":"https:\/\/www.chile-reise.com\/de\/wp-json\/wp\/v2\/users\/16"}],"replies":[{"embeddable":true,"href":"https:\/\/www.chile-reise.com\/de\/wp-json\/wp\/v2\/comments?post=383"}],"version-history":[{"count":0,"href":"https:\/\/www.chile-reise.com\/de\/wp-json\/wp\/v2\/pages\/383\/revisions"}],"up":[{"embeddable":true,"href":"https:\/\/www.chile-reise.com\/de\/wp-json\/wp\/v2\/pages\/218"}],"wp:attachment":[{"href":"https:\/\/www.chile-reise.com\/de\/wp-json\/wp\/v2\/media?parent=383"}],"curies":[{"name":"wp","href":"https:\/\/api.w.org\/{rel}","templated":true}]}}