{"id":382,"date":"2013-07-03T22:58:43","date_gmt":"2013-07-03T20:58:43","guid":{"rendered":"http:\/\/www.chile-reise.com\/wordpress\/?page_id=382"},"modified":"2015-04-10T19:19:58","modified_gmt":"2015-04-10T17:19:58","slug":"barranco-lodge","status":"publish","type":"page","link":"https:\/\/www.chile-reise.com\/de\/hotels\/carretera-austral\/barranco-lodge\/","title":{"rendered":"El Barranco Lodge ***"},"content":{"rendered":"<p>\r\n        <style type='text\/css'>\r\n            #gallery-1 {\r\n                margin: auto;\r\n            }\r\n            #gallery-1 .gallery-item {\r\n                float: left;\r\n                margin-top: 10px;\r\n                text-align: center;\r\n                width: 33%;           }\r\n            #gallery-1 img {\r\n                border: 2px solid #cfcfcf;\r\n            }\r\n            #gallery-1 .gallery-caption {\r\n                margin-left: 0;\r\n            }\r\n        <\/style>\r\n        <!-- see gallery_shortcode() in wp-includes\/media.php -->\r\n        <div id='gallery-1' class='gallery-images gallery galleryid-382'><dl class='gallery-item'>\r\n            <dt class='gallery-icon'>\r\n                <a href='https:\/\/www.chile-reise.com\/wp-content\/uploads\/Barranco-Lodge-Pool.jpg'><img loading=\"lazy\" decoding=\"async\" width=\"240\" height=\"140\" src=\"https:\/\/www.chile-reise.com\/wp-content\/uploads\/Barranco-Lodge-Pool-240x140.jpg\" class=\"attachment-thumbnail size-thumbnail\" alt=\"Barranco Lodge Pool\" \/><\/a>\r\n            <\/dt>\r\n                <dd class='gallery-caption'>\r\n                Barranco Lodge Pool\r\n                <\/dd><\/dl><dl class='gallery-item'>\r\n            <dt class='gallery-icon'>\r\n                <a href='https:\/\/www.chile-reise.com\/wp-content\/uploads\/Barranco-Lodge-Double-Room.jpg'><img loading=\"lazy\" decoding=\"async\" width=\"240\" height=\"140\" src=\"https:\/\/www.chile-reise.com\/wp-content\/uploads\/Barranco-Lodge-Double-Room-240x140.jpg\" class=\"attachment-thumbnail size-thumbnail\" alt=\"Barranco Lodge Double Room\" \/><\/a>\r\n            <\/dt>\r\n                <dd class='gallery-caption'>\r\n                Barranco Lodge Double Room\r\n                <\/dd><\/dl><dl class='gallery-item'>\r\n            <dt class='gallery-icon'>\r\n                <a href='https:\/\/www.chile-reise.com\/wp-content\/uploads\/Barranco-Lodge-Restaurant.jpg'><img loading=\"lazy\" decoding=\"async\" width=\"240\" height=\"140\" src=\"https:\/\/www.chile-reise.com\/wp-content\/uploads\/Barranco-Lodge-Restaurant-240x140.jpg\" class=\"attachment-thumbnail size-thumbnail\" alt=\"Barranco Lodge Restaurant\" \/><\/a>\r\n            <\/dt>\r\n                <dd class='gallery-caption'>\r\n                Barranco Lodge Restaurant\r\n                <\/dd><\/dl><br style=\"clear: both\" \/><dl class='gallery-item'>\r\n            <dt class='gallery-icon'>\r\n                <a href='https:\/\/www.chile-reise.com\/wp-content\/uploads\/Barranco-Lodge-Activities.jpg'><img loading=\"lazy\" decoding=\"async\" width=\"240\" height=\"140\" src=\"https:\/\/www.chile-reise.com\/wp-content\/uploads\/Barranco-Lodge-Activities-240x140.jpg\" class=\"attachment-thumbnail size-thumbnail\" alt=\"Barranco Lodge\" \/><\/a>\r\n            <\/dt>\r\n                <dd class='gallery-caption'>\r\n                Barranco Lodge Activities\r\n                <\/dd><\/dl><dl class='gallery-item'>\r\n            <dt class='gallery-icon'>\r\n                <a href='https:\/\/www.chile-reise.com\/wp-content\/uploads\/Barranco-Lodge-Living-Room.jpg'><img loading=\"lazy\" decoding=\"async\" width=\"240\" height=\"140\" src=\"https:\/\/www.chile-reise.com\/wp-content\/uploads\/Barranco-Lodge-Living-Room-240x140.jpg\" class=\"attachment-thumbnail size-thumbnail\" alt=\"Barranco Lodge Living Room\" srcset=\"https:\/\/www.chile-reise.com\/wp-content\/uploads\/Barranco-Lodge-Living-Room-240x140.jpg 240w, https:\/\/www.chile-reise.com\/wp-content\/uploads\/Barranco-Lodge-Living-Room-561x330.jpg 561w\" sizes=\"auto, (max-width: 240px) 100vw, 240px\" \/><\/a>\r\n            <\/dt>\r\n                <dd class='gallery-caption'>\r\n                Barranco Lodge Living Room\r\n                <\/dd><\/dl><dl class='gallery-item'>\r\n            <dt class='gallery-icon'>\r\n                <a href='https:\/\/www.chile-reise.com\/wp-content\/uploads\/Barranco-Lodge-Terrace.jpg'><img loading=\"lazy\" decoding=\"async\" width=\"240\" height=\"140\" src=\"https:\/\/www.chile-reise.com\/wp-content\/uploads\/Barranco-Lodge-Terrace-240x140.jpg\" class=\"attachment-thumbnail size-thumbnail\" alt=\"Barranco Lodge Terrace\" \/><\/a>\r\n            <\/dt>\r\n                <dd class='gallery-caption'>\r\n                Barranco Lodge  Terrace\r\n                <\/dd><\/dl><br style=\"clear: both\" \/>\r\n            <br style='clear: both;' \/>\r\n        <\/div>\n\n<div class=\"clear\"><\/div><div class=\"divider\"><\/div>\n<p>Die El Barranco Lodge befindet sich im kleinen Ort Futaleuf\u00fa an der n\u00f6rdlichen Carretera Austral, inmitten unber\u00fchrter Natur mit Bergen, W\u00e4ldern, Seen und dem Fluss Futaleuf\u00fa, der ideale Konditionen zum Wildwasserrafting und Kajak fahren bietet. Die famili\u00e4re und pers\u00f6nliche Atmosph\u00e4re des Hotels empf\u00e4ngt Sie mit der Herzlichkeit des S\u00fcdens und sorgt f\u00fcr einen angenehmen Aufenthalt. Die charmant-rustikalen Zimmer sind mit viel Holz ausgestattet. Vom Hotel aus haben Sie zahlreiche M\u00f6glichkeiten, aktiv zu werden und die Landschaft bei Wanderungen, Ausritten, Angeln, Rafting oder Flo\u00df fahren kennenzulernen.<\/p>\n<p><strong>Zimmer:<\/strong> 10<br \/>\n<strong>Ausstattung:<\/strong> Zentralheizung, Haartrockner, Minibar, Safe, Radiowecker, Telefon, Aufenthaltsraum, Bar, Restaurant, Sauna, Fitnessraum, Massageraum, Schwimmbad, Fahrradverleih<br \/>\nEin behindertengerechtes Zimmer steht zur  Verf\u00fcgung.<br \/>\n<strong>Internet:<\/strong> Wi-Fi <\/p>","protected":false},"excerpt":{"rendered":"<p>Die El Barranco Lodge befindet sich im kleinen Ort Futaleuf\u00fa an der n\u00f6rdlichen Carretera Austral, inmitten unber\u00fchrter Natur mit Bergen, W\u00e4ldern, Seen und dem Fluss Futaleuf\u00fa, der ideale Konditionen zum Wildwasserrafting und Kajak fahren bietet. Die famili\u00e4re und pers\u00f6nliche Atmosph\u00e4re &#8230;<\/p>\n","protected":false},"author":16,"featured_media":0,"parent":218,"menu_order":0,"comment_status":"open","ping_status":"open","template":"","meta":{"slim_seo":{"title":"El Barranco Lodge *** El Barranco Lodge *** - travelArt","description":"Barranco Lodge Pool Barranco Lodge Double Room Barranco Lodge Restaurant Barranco Lodge Activities Barranco Lodge Living Room Barranco Lodge Terrace Die El Barr"},"footnotes":""},"class_list":["post-382","page","type-page","status-publish","hentry"],"_links":{"self":[{"href":"https:\/\/www.chile-reise.com\/de\/wp-json\/wp\/v2\/pages\/382","targetHints":{"allow":["GET"]}}],"collection":[{"href":"https:\/\/www.chile-reise.com\/de\/wp-json\/wp\/v2\/pages"}],"about":[{"href":"https:\/\/www.chile-reise.com\/de\/wp-json\/wp\/v2\/types\/page"}],"author":[{"embeddable":true,"href":"https:\/\/www.chile-reise.com\/de\/wp-json\/wp\/v2\/users\/16"}],"replies":[{"embeddable":true,"href":"https:\/\/www.chile-reise.com\/de\/wp-json\/wp\/v2\/comments?post=382"}],"version-history":[{"count":0,"href":"https:\/\/www.chile-reise.com\/de\/wp-json\/wp\/v2\/pages\/382\/revisions"}],"up":[{"embeddable":true,"href":"https:\/\/www.chile-reise.com\/de\/wp-json\/wp\/v2\/pages\/218"}],"wp:attachment":[{"href":"https:\/\/www.chile-reise.com\/de\/wp-json\/wp\/v2\/media?parent=382"}],"curies":[{"name":"wp","href":"https:\/\/api.w.org\/{rel}","templated":true}]}}