{"id":379,"date":"2013-07-03T22:57:05","date_gmt":"2013-07-03T20:57:05","guid":{"rendered":"http:\/\/www.chile-reise.com\/wordpress\/?page_id=379"},"modified":"2015-04-10T22:31:40","modified_gmt":"2015-04-10T20:31:40","slug":"tierra-chiloe","status":"publish","type":"page","link":"https:\/\/www.chile-reise.com\/de\/hotels\/seengebiet\/tierra-chiloe\/","title":{"rendered":"Hotel Tierra Chilo\u00e9 ****"},"content":{"rendered":"<p>\r\n        <style type='text\/css'>\r\n            #gallery-1 {\r\n                margin: auto;\r\n            }\r\n            #gallery-1 .gallery-item {\r\n                float: left;\r\n                margin-top: 10px;\r\n                text-align: center;\r\n                width: 33%;           }\r\n            #gallery-1 img {\r\n                border: 2px solid #cfcfcf;\r\n            }\r\n            #gallery-1 .gallery-caption {\r\n                margin-left: 0;\r\n            }\r\n        <\/style>\r\n        <!-- see gallery_shortcode() in wp-includes\/media.php -->\r\n        <div id='gallery-1' class='gallery-images gallery galleryid-379'><dl class='gallery-item'>\r\n            <dt class='gallery-icon'>\r\n                <a href='https:\/\/www.chile-reise.com\/wp-content\/uploads\/Refugia.jpg'><img loading=\"lazy\" decoding=\"async\" width=\"240\" height=\"140\" src=\"https:\/\/www.chile-reise.com\/wp-content\/uploads\/Refugia-240x140.jpg\" class=\"attachment-thumbnail size-thumbnail\" alt=\"Refugia\" \/><\/a>\r\n            <\/dt>\r\n                <dd class='gallery-caption'>\r\n                Hotel Refugia\r\n                <\/dd><\/dl><dl class='gallery-item'>\r\n            <dt class='gallery-icon'>\r\n                <a href='https:\/\/www.chile-reise.com\/wp-content\/uploads\/Refugia-Double-Room.jpg'><img loading=\"lazy\" decoding=\"async\" width=\"240\" height=\"140\" src=\"https:\/\/www.chile-reise.com\/wp-content\/uploads\/Refugia-Double-Room-240x140.jpg\" class=\"attachment-thumbnail size-thumbnail\" alt=\"Refugia Double Room\" \/><\/a>\r\n            <\/dt>\r\n                <dd class='gallery-caption'>\r\n                Refugia Double Room\r\n                <\/dd><\/dl><dl class='gallery-item'>\r\n            <dt class='gallery-icon'>\r\n                <a href='https:\/\/www.chile-reise.com\/wp-content\/uploads\/Refugia-Living-1.jpg'><img loading=\"lazy\" decoding=\"async\" width=\"240\" height=\"140\" src=\"https:\/\/www.chile-reise.com\/wp-content\/uploads\/Refugia-Living-1-240x140.jpg\" class=\"attachment-thumbnail size-thumbnail\" alt=\"Refugia Living\" \/><\/a>\r\n            <\/dt>\r\n                <dd class='gallery-caption'>\r\n                Refugia Living Room 1\r\n                <\/dd><\/dl><br style=\"clear: both\" \/><dl class='gallery-item'>\r\n            <dt class='gallery-icon'>\r\n                <a href='https:\/\/www.chile-reise.com\/wp-content\/uploads\/Refugia-Restaurant.jpg'><img loading=\"lazy\" decoding=\"async\" width=\"240\" height=\"140\" src=\"https:\/\/www.chile-reise.com\/wp-content\/uploads\/Refugia-Restaurant-240x140.jpg\" class=\"attachment-thumbnail size-thumbnail\" alt=\"Hotel Refugia\" \/><\/a>\r\n            <\/dt>\r\n                <dd class='gallery-caption'>\r\n                Refugia Restaurant\r\n                <\/dd><\/dl><dl class='gallery-item'>\r\n            <dt class='gallery-icon'>\r\n                <a href='https:\/\/www.chile-reise.com\/wp-content\/uploads\/Refugia-Living-2.jpg'><img loading=\"lazy\" decoding=\"async\" width=\"240\" height=\"140\" src=\"https:\/\/www.chile-reise.com\/wp-content\/uploads\/Refugia-Living-2-240x140.jpg\" class=\"attachment-thumbnail size-thumbnail\" alt=\"Refugia Living\" \/><\/a>\r\n            <\/dt>\r\n                <dd class='gallery-caption'>\r\n                Refugia Living Room 2\r\n                <\/dd><\/dl><dl class='gallery-item'>\r\n            <dt class='gallery-icon'>\r\n                <a href='https:\/\/www.chile-reise.com\/wp-content\/uploads\/Refugia-Spa.jpg'><img loading=\"lazy\" decoding=\"async\" width=\"240\" height=\"140\" src=\"https:\/\/www.chile-reise.com\/wp-content\/uploads\/Refugia-Spa-240x140.jpg\" class=\"attachment-thumbnail size-thumbnail\" alt=\"Refugia Spa\" \/><\/a>\r\n            <\/dt>\r\n                <dd class='gallery-caption'>\r\n                Refugia Spa\r\n                <\/dd><\/dl><br style=\"clear: both\" \/>\r\n            <br style='clear: both;' \/>\r\n        <\/div>\n\n<div class=\"clear\"><\/div><div class=\"divider\"><\/div> 18 km au\u00dferhalb der Inselhauptstadt Castro gelegen, verspricht dieses kleine, exklusive Hotel Ruhe und Erholung mit Meerblick. Zimmer mit Panoramafenstern, Leser\u00e4ume, gem\u00fctliche Kaminfeuer und ein bestens ausgestattetes Spa lassen die G\u00e4ste den Rest der Welt vergessen und nach Entdeckungstouren auf der Insel der Mythen das moderne und gleichzeitig s\u00fcdlich-warme Ambiente genie\u00dfen. <\/p>\n<p><strong>Zimmer:<\/strong> 12<br \/>\n<strong>Ausstattung:<\/strong> Heizung, Haartrockner, Safe, Restaurant, Lesesaal, Wohnzimmer mit Kaminen, Sauna, Massageraum, Garten, Parkpl\u00e4tze<br \/>\n<strong>Internet:<\/strong> Wi-Fi<br \/>\n<em>Ausgezeichnet mit \u201eSello S\u201c, dem chilenischen Nachhaltigkeitssiegel.<\/em><br \/>\n<\/p>","protected":false},"excerpt":{"rendered":"<p>18 km au\u00dferhalb der Inselhauptstadt Castro gelegen, verspricht dieses kleine, exklusive Hotel Ruhe und Erholung mit Meerblick. Zimmer mit Panoramafenstern, Leser\u00e4ume, gem\u00fctliche Kaminfeuer und ein bestens ausgestattetes Spa lassen die G\u00e4ste den Rest der Welt vergessen und nach Entdeckungstouren auf &#8230;<\/p>\n","protected":false},"author":16,"featured_media":0,"parent":214,"menu_order":0,"comment_status":"open","ping_status":"open","template":"","meta":{"slim_seo":{"title":"Hotel Tierra Chilo\u00e9 **** Hotel Tierra Chilo\u00e9 **** - travelArt","description":"Hotel Refugia Refugia Double Room Refugia Living Room 1 Refugia Restaurant Refugia Living Room 2 Refugia Spa 18 km au\u00dferhalb der Inselhauptstadt Castro gelegen,"},"footnotes":""},"class_list":["post-379","page","type-page","status-publish","hentry"],"_links":{"self":[{"href":"https:\/\/www.chile-reise.com\/de\/wp-json\/wp\/v2\/pages\/379","targetHints":{"allow":["GET"]}}],"collection":[{"href":"https:\/\/www.chile-reise.com\/de\/wp-json\/wp\/v2\/pages"}],"about":[{"href":"https:\/\/www.chile-reise.com\/de\/wp-json\/wp\/v2\/types\/page"}],"author":[{"embeddable":true,"href":"https:\/\/www.chile-reise.com\/de\/wp-json\/wp\/v2\/users\/16"}],"replies":[{"embeddable":true,"href":"https:\/\/www.chile-reise.com\/de\/wp-json\/wp\/v2\/comments?post=379"}],"version-history":[{"count":0,"href":"https:\/\/www.chile-reise.com\/de\/wp-json\/wp\/v2\/pages\/379\/revisions"}],"up":[{"embeddable":true,"href":"https:\/\/www.chile-reise.com\/de\/wp-json\/wp\/v2\/pages\/214"}],"wp:attachment":[{"href":"https:\/\/www.chile-reise.com\/de\/wp-json\/wp\/v2\/media?parent=379"}],"curies":[{"name":"wp","href":"https:\/\/api.w.org\/{rel}","templated":true}]}}