{"id":378,"date":"2013-07-03T22:54:02","date_gmt":"2013-07-03T20:54:02","guid":{"rendered":"http:\/\/www.chile-reise.com\/wordpress\/?page_id=378"},"modified":"2015-04-10T22:30:46","modified_gmt":"2015-04-10T20:30:46","slug":"hotel-parque-quilquico","status":"publish","type":"page","link":"https:\/\/www.chile-reise.com\/de\/hotels\/seengebiet\/hotel-parque-quilquico\/","title":{"rendered":"Hotel Parque Quilquico ****"},"content":{"rendered":"<p>\r\n        <style type='text\/css'>\r\n            #gallery-1 {\r\n                margin: auto;\r\n            }\r\n            #gallery-1 .gallery-item {\r\n                float: left;\r\n                margin-top: 10px;\r\n                text-align: center;\r\n                width: 33%;           }\r\n            #gallery-1 img {\r\n                border: 2px solid #cfcfcf;\r\n            }\r\n            #gallery-1 .gallery-caption {\r\n                margin-left: 0;\r\n            }\r\n        <\/style>\r\n        <!-- see gallery_shortcode() in wp-includes\/media.php -->\r\n        <div id='gallery-1' class='gallery-images gallery galleryid-378'><dl class='gallery-item'>\r\n            <dt class='gallery-icon'>\r\n                <a href='https:\/\/www.chile-reise.com\/wp-content\/uploads\/Hotel-Parque-Quilquico.jpg'><img loading=\"lazy\" decoding=\"async\" width=\"240\" height=\"140\" src=\"https:\/\/www.chile-reise.com\/wp-content\/uploads\/Hotel-Parque-Quilquico-240x140.jpg\" class=\"attachment-thumbnail size-thumbnail\" alt=\"Hotel Parque Quilquico\" \/><\/a>\r\n            <\/dt>\r\n                <dd class='gallery-caption'>\r\n                Hotel Parque Quilquico\r\n                <\/dd><\/dl><dl class='gallery-item'>\r\n            <dt class='gallery-icon'>\r\n                <a href='https:\/\/www.chile-reise.com\/wp-content\/uploads\/Parque-Quilquico-Double-Room.jpg'><img loading=\"lazy\" decoding=\"async\" width=\"240\" height=\"140\" src=\"https:\/\/www.chile-reise.com\/wp-content\/uploads\/Parque-Quilquico-Double-Room-240x140.jpg\" class=\"attachment-thumbnail size-thumbnail\" alt=\"Parque Quilquico Double Room\" \/><\/a>\r\n            <\/dt>\r\n                <dd class='gallery-caption'>\r\n                Parque Quilquico Double Room\r\n                <\/dd><\/dl><dl class='gallery-item'>\r\n            <dt class='gallery-icon'>\r\n                <a href='https:\/\/www.chile-reise.com\/wp-content\/uploads\/Parque-Quilquico-Restaurant-and-Living-Room.jpg'><img loading=\"lazy\" decoding=\"async\" width=\"240\" height=\"140\" src=\"https:\/\/www.chile-reise.com\/wp-content\/uploads\/Parque-Quilquico-Restaurant-and-Living-Room-240x140.jpg\" class=\"attachment-thumbnail size-thumbnail\" alt=\"Hotel Parque Quilquico\" \/><\/a>\r\n            <\/dt>\r\n                <dd class='gallery-caption'>\r\n                Parque Quilquico Restaurant and Living Room\r\n                <\/dd><\/dl><br style=\"clear: both\" \/>\r\n            <br style='clear: both;' \/>\r\n        <\/div>\n\n<div class=\"clear\"><\/div><div class=\"divider\"><\/div>\n<p>Das Hotel Parque Quilquico besteht aus mehreren traditionellen Pfahlbauten, den so genannten \u201ePalafitos\u201c, die um einen zentralen Platz gruppiert sind. Kleine B\u00e4che nehmen das Regenwasser auf und gl\u00e4serne Durchg\u00e4nge zwischen den Geb\u00e4uden sch\u00fctzen den Gast vor nassen F\u00fc\u00dfen, w\u00e4hrend gro\u00dfe Fenster den Blick auf die Halbinsel Rilan und den Kanal von Dalcahue freigeben. Teil des Hotels ist ebenfalls ein zehn Hektar gro\u00dfer Park, der zu Spazierg\u00e4ngen einl\u00e4dt, ein Spa-Bereich mit Schwimmbecken und ein Restaurant. Eine gro\u00dfe Auswahl an Ausfl\u00fcgen auf der Insel  rundet das Angebot ab.<\/p>\n<p><strong>Zimmer:<\/strong> 21<br \/>\n<strong>Ausstattung:<\/strong> Zentralheizung, Klimaanlage, Telefon, Haartrockner, Safe, Sat-TV im Aufenthaltsbereich, Bar, Restaurant, Veranstaltungssaal, Souvenirshop, Schwimmbecken, Massageservice, Park, Parkpl\u00e4tze<br \/>\n<strong>Internet:<\/strong> Wi-Fi<br \/>\n<em>Ausgezeichnet mit \u201eSello S\u201c, dem chilenischen Nachhaltigkeitssiegel.<\/em><\/p>","protected":false},"excerpt":{"rendered":"<p>Das Hotel Parque Quilquico besteht aus mehreren traditionellen Pfahlbauten, den so genannten \u201ePalafitos\u201c, die um einen zentralen Platz gruppiert sind. Kleine B\u00e4che nehmen das Regenwasser auf und gl\u00e4serne Durchg\u00e4nge zwischen den Geb\u00e4uden sch\u00fctzen den Gast vor nassen F\u00fc\u00dfen, w\u00e4hrend gro\u00dfe &#8230;<\/p>\n","protected":false},"author":16,"featured_media":0,"parent":214,"menu_order":0,"comment_status":"open","ping_status":"open","template":"","meta":{"slim_seo":{"title":"Hotel Parque Quilquico **** Hotel Parque Quilquico **** - travelArt","description":"Hotel Parque Quilquico Parque Quilquico Double Room Parque Quilquico Restaurant and Living Room Das Hotel Parque Quilquico besteht aus mehreren traditionellen P"},"footnotes":""},"class_list":["post-378","page","type-page","status-publish","hentry"],"_links":{"self":[{"href":"https:\/\/www.chile-reise.com\/de\/wp-json\/wp\/v2\/pages\/378","targetHints":{"allow":["GET"]}}],"collection":[{"href":"https:\/\/www.chile-reise.com\/de\/wp-json\/wp\/v2\/pages"}],"about":[{"href":"https:\/\/www.chile-reise.com\/de\/wp-json\/wp\/v2\/types\/page"}],"author":[{"embeddable":true,"href":"https:\/\/www.chile-reise.com\/de\/wp-json\/wp\/v2\/users\/16"}],"replies":[{"embeddable":true,"href":"https:\/\/www.chile-reise.com\/de\/wp-json\/wp\/v2\/comments?post=378"}],"version-history":[{"count":0,"href":"https:\/\/www.chile-reise.com\/de\/wp-json\/wp\/v2\/pages\/378\/revisions"}],"up":[{"embeddable":true,"href":"https:\/\/www.chile-reise.com\/de\/wp-json\/wp\/v2\/pages\/214"}],"wp:attachment":[{"href":"https:\/\/www.chile-reise.com\/de\/wp-json\/wp\/v2\/media?parent=378"}],"curies":[{"name":"wp","href":"https:\/\/api.w.org\/{rel}","templated":true}]}}