{"id":377,"date":"2013-07-03T22:53:06","date_gmt":"2013-07-03T20:53:06","guid":{"rendered":"http:\/\/www.chile-reise.com\/wordpress\/?page_id=377"},"modified":"2015-04-10T22:29:54","modified_gmt":"2015-04-10T20:29:54","slug":"hotel-ancud","status":"publish","type":"page","link":"https:\/\/www.chile-reise.com\/de\/hotels\/seengebiet\/hotel-ancud\/","title":{"rendered":"Hotel Ancud ***"},"content":{"rendered":"<p>\r\n        <style type='text\/css'>\r\n            #gallery-1 {\r\n                margin: auto;\r\n            }\r\n            #gallery-1 .gallery-item {\r\n                float: left;\r\n                margin-top: 10px;\r\n                text-align: center;\r\n                width: 33%;           }\r\n            #gallery-1 img {\r\n                border: 2px solid #cfcfcf;\r\n            }\r\n            #gallery-1 .gallery-caption {\r\n                margin-left: 0;\r\n            }\r\n        <\/style>\r\n        <!-- see gallery_shortcode() in wp-includes\/media.php -->\r\n        <div id='gallery-1' class='gallery-images gallery galleryid-377'><dl class='gallery-item'>\r\n            <dt class='gallery-icon'>\r\n                <a href='https:\/\/www.chile-reise.com\/wp-content\/uploads\/Hotel-Ancud.jpg'><img loading=\"lazy\" decoding=\"async\" width=\"240\" height=\"140\" src=\"https:\/\/www.chile-reise.com\/wp-content\/uploads\/Hotel-Ancud-240x140.jpg\" class=\"attachment-thumbnail size-thumbnail\" alt=\"Hotel Ancud\" \/><\/a>\r\n            <\/dt>\r\n                <dd class='gallery-caption'>\r\n                Hotel Ancud\r\n                <\/dd><\/dl><dl class='gallery-item'>\r\n            <dt class='gallery-icon'>\r\n                <a href='https:\/\/www.chile-reise.com\/wp-content\/uploads\/Hotel-AncusdDouble-Room.jpg'><img loading=\"lazy\" decoding=\"async\" width=\"240\" height=\"140\" src=\"https:\/\/www.chile-reise.com\/wp-content\/uploads\/Hotel-AncusdDouble-Room-240x140.jpg\" class=\"attachment-thumbnail size-thumbnail\" alt=\"Hotel AncusdDouble Room\" \/><\/a>\r\n            <\/dt>\r\n                <dd class='gallery-caption'>\r\n                Hotel Ancud Double Room\r\n                <\/dd><\/dl><dl class='gallery-item'>\r\n            <dt class='gallery-icon'>\r\n                <a href='https:\/\/www.chile-reise.com\/wp-content\/uploads\/Hotel-Ancud-Living-Room.jpg'><img loading=\"lazy\" decoding=\"async\" width=\"240\" height=\"140\" src=\"https:\/\/www.chile-reise.com\/wp-content\/uploads\/Hotel-Ancud-Living-Room-240x140.jpg\" class=\"attachment-thumbnail size-thumbnail\" alt=\"Hotel Ancud Living Room\" \/><\/a>\r\n            <\/dt>\r\n                <dd class='gallery-caption'>\r\n                Hotel Ancud Living Room\r\n                <\/dd><\/dl><br style=\"clear: both\" \/>\r\n            <br style='clear: both;' \/>\r\n        <\/div>\n\n<div class=\"clear\"><\/div><div class=\"divider\"><\/div>\n<p>Malerisch auf einer Anh\u00f6he \u00fcber dem Golf von Ancud gelegen bietet die Hoster\u00eda Ancud Komfort und eine wunderbare Aussicht. Das aus Alerce-Holz erbaute Hotel liegt direkt am Meer und ist doch nur wenige Schritte vom Zentrum Ancuds entfernt. Die gem\u00fctlichen Zimmer versprechen Ruhe und Erholung. Im Restaurant werden lokaltypische Speisen mit Meerblick serviert.<\/p>\n<p><strong>Zimmer:<\/strong> 24<br \/>\n<strong>Ausstattung:<\/strong> Kabel-TV, Zentralheizung, Telefon, Safe an der Rezeption, Restaurant, Bar, Veranstaltungsraum, Aufenthaltsraum, Garten, W\u00e4scheservice<br \/>\n<strong>Internet:<\/strong> Wi-Fi<br \/>\n<em>Ausgezeichnet mit \u201eSello S\u201c, dem chilenischen Nachhaltigkeitssiegel.<\/em><\/p>","protected":false},"excerpt":{"rendered":"<p>Malerisch auf einer Anh\u00f6he \u00fcber dem Golf von Ancud gelegen bietet die Hoster\u00eda Ancud Komfort und eine wunderbare Aussicht. Das aus Alerce-Holz erbaute Hotel liegt direkt am Meer und ist doch nur wenige Schritte vom Zentrum Ancuds entfernt. Die gem\u00fctlichen &#8230;<\/p>\n","protected":false},"author":16,"featured_media":0,"parent":214,"menu_order":0,"comment_status":"open","ping_status":"open","template":"","meta":{"slim_seo":{"title":"Hotel Ancud *** Hotel Ancud *** - travelArt","description":"Hotel Ancud Hotel Ancud Double Room Hotel Ancud Living Room Malerisch auf einer Anh\u00f6he \u00fcber dem Golf von Ancud gelegen bietet die Hoster\u00eda Ancud Komfort und ein"},"footnotes":""},"class_list":["post-377","page","type-page","status-publish","hentry"],"_links":{"self":[{"href":"https:\/\/www.chile-reise.com\/de\/wp-json\/wp\/v2\/pages\/377","targetHints":{"allow":["GET"]}}],"collection":[{"href":"https:\/\/www.chile-reise.com\/de\/wp-json\/wp\/v2\/pages"}],"about":[{"href":"https:\/\/www.chile-reise.com\/de\/wp-json\/wp\/v2\/types\/page"}],"author":[{"embeddable":true,"href":"https:\/\/www.chile-reise.com\/de\/wp-json\/wp\/v2\/users\/16"}],"replies":[{"embeddable":true,"href":"https:\/\/www.chile-reise.com\/de\/wp-json\/wp\/v2\/comments?post=377"}],"version-history":[{"count":0,"href":"https:\/\/www.chile-reise.com\/de\/wp-json\/wp\/v2\/pages\/377\/revisions"}],"up":[{"embeddable":true,"href":"https:\/\/www.chile-reise.com\/de\/wp-json\/wp\/v2\/pages\/214"}],"wp:attachment":[{"href":"https:\/\/www.chile-reise.com\/de\/wp-json\/wp\/v2\/media?parent=377"}],"curies":[{"name":"wp","href":"https:\/\/api.w.org\/{rel}","templated":true}]}}