{"id":376,"date":"2013-07-03T22:51:58","date_gmt":"2013-07-03T20:51:58","guid":{"rendered":"http:\/\/www.chile-reise.com\/wordpress\/?page_id=376"},"modified":"2015-04-10T22:29:05","modified_gmt":"2015-04-10T20:29:05","slug":"hosteria-de-castro","status":"publish","type":"page","link":"https:\/\/www.chile-reise.com\/de\/hotels\/seengebiet\/hosteria-de-castro\/","title":{"rendered":"Hotel de Castro ***"},"content":{"rendered":"<p>\r\n        <style type='text\/css'>\r\n            #gallery-1 {\r\n                margin: auto;\r\n            }\r\n            #gallery-1 .gallery-item {\r\n                float: left;\r\n                margin-top: 10px;\r\n                text-align: center;\r\n                width: 33%;           }\r\n            #gallery-1 img {\r\n                border: 2px solid #cfcfcf;\r\n            }\r\n            #gallery-1 .gallery-caption {\r\n                margin-left: 0;\r\n            }\r\n        <\/style>\r\n        <!-- see gallery_shortcode() in wp-includes\/media.php -->\r\n        <div id='gallery-1' class='gallery-images gallery galleryid-376'><dl class='gallery-item'>\r\n            <dt class='gallery-icon'>\r\n                <a href='https:\/\/www.chile-reise.com\/wp-content\/uploads\/Hoster\u00eda-de-Castro.jpg'><img loading=\"lazy\" decoding=\"async\" width=\"240\" height=\"140\" src=\"https:\/\/www.chile-reise.com\/wp-content\/uploads\/Hoster\u00eda-de-Castro-240x140.jpg\" class=\"attachment-thumbnail size-thumbnail\" alt=\"Hoster\u00eda de Castro\" \/><\/a>\r\n            <\/dt>\r\n                <dd class='gallery-caption'>\r\n                Hoster\u00eda de Castro\r\n                <\/dd><\/dl><dl class='gallery-item'>\r\n            <dt class='gallery-icon'>\r\n                <a href='https:\/\/www.chile-reise.com\/wp-content\/uploads\/Hoster\u00eda-de-Castro-Double-Suite.jpg'><img loading=\"lazy\" decoding=\"async\" width=\"240\" height=\"140\" src=\"https:\/\/www.chile-reise.com\/wp-content\/uploads\/Hoster\u00eda-de-Castro-Double-Suite-240x140.jpg\" class=\"attachment-thumbnail size-thumbnail\" alt=\"Hoster\u00eda de Castro Double Suite\" \/><\/a>\r\n            <\/dt>\r\n                <dd class='gallery-caption'>\r\n                Hoster\u00eda de Castro Double Suite\r\n                <\/dd><\/dl><dl class='gallery-item'>\r\n            <dt class='gallery-icon'>\r\n                <a href='https:\/\/www.chile-reise.com\/wp-content\/uploads\/Hosteria-de-Castro-Restaurant.jpg'><img loading=\"lazy\" decoding=\"async\" width=\"240\" height=\"140\" src=\"https:\/\/www.chile-reise.com\/wp-content\/uploads\/Hosteria-de-Castro-Restaurant-240x140.jpg\" class=\"attachment-thumbnail size-thumbnail\" alt=\"Hosteria de Castro\" \/><\/a>\r\n            <\/dt>\r\n                <dd class='gallery-caption'>\r\n                Hoster\u00eda de Castro Restaurant\r\n                <\/dd><\/dl><br style=\"clear: both\" \/>\r\n            <br style='clear: both;' \/>\r\n        <\/div>\n\n<div class=\"clear\"><\/div><div class=\"divider\"><\/div>\n<p>Die Hosteria de Castro befindet sich im Zentrum der Hauptstadt von Chilo\u00e9, der sagenumwobenen Insel zwischen Patagonien und dem Seengebiet. Das klassische Haupthaus hat einen modernen Anbau mit 20 Suiten und Spa-Bereich. Die Zimmer und Suiten sind modern und komfortabel eingerichtet. Viele von ihnen, ebenso wie das Restaurant und das Spa bieten eine herrliche Aussicht \u00fcber die Bucht von Castro.<\/p>\n<p><strong>Zimmer:<\/strong> 49<br \/>\n<strong>Ausstattung:<\/strong> Kabel-TV, Heizung, Safe, Restaurant, Bar, Teestube, Diskothek, Schwimmbecken, Spa, Massageservice, Konferenzr\u00e4ume, W\u00e4scheservice, Parkpl\u00e4tze<br \/>\n<strong>Internet:<\/strong> Wi-Fi <\/p>","protected":false},"excerpt":{"rendered":"<p>Die Hosteria de Castro befindet sich im Zentrum der Hauptstadt von Chilo\u00e9, der sagenumwobenen Insel zwischen Patagonien und dem Seengebiet. Das klassische Haupthaus hat einen modernen Anbau mit 20 Suiten und Spa-Bereich. Die Zimmer und Suiten sind modern und komfortabel &#8230;<\/p>\n","protected":false},"author":16,"featured_media":0,"parent":214,"menu_order":0,"comment_status":"open","ping_status":"open","template":"","meta":{"slim_seo":{"title":"Hotel de Castro *** Hotel de Castro *** - travelArt","description":"Hoster\u00eda de Castro Hoster\u00eda de Castro Double Suite Hoster\u00eda de Castro Restaurant Die Hosteria de Castro befindet sich im Zentrum der Hauptstadt von Chilo\u00e9, der"},"footnotes":""},"class_list":["post-376","page","type-page","status-publish","hentry"],"_links":{"self":[{"href":"https:\/\/www.chile-reise.com\/de\/wp-json\/wp\/v2\/pages\/376","targetHints":{"allow":["GET"]}}],"collection":[{"href":"https:\/\/www.chile-reise.com\/de\/wp-json\/wp\/v2\/pages"}],"about":[{"href":"https:\/\/www.chile-reise.com\/de\/wp-json\/wp\/v2\/types\/page"}],"author":[{"embeddable":true,"href":"https:\/\/www.chile-reise.com\/de\/wp-json\/wp\/v2\/users\/16"}],"replies":[{"embeddable":true,"href":"https:\/\/www.chile-reise.com\/de\/wp-json\/wp\/v2\/comments?post=376"}],"version-history":[{"count":0,"href":"https:\/\/www.chile-reise.com\/de\/wp-json\/wp\/v2\/pages\/376\/revisions"}],"up":[{"embeddable":true,"href":"https:\/\/www.chile-reise.com\/de\/wp-json\/wp\/v2\/pages\/214"}],"wp:attachment":[{"href":"https:\/\/www.chile-reise.com\/de\/wp-json\/wp\/v2\/media?parent=376"}],"curies":[{"name":"wp","href":"https:\/\/api.w.org\/{rel}","templated":true}]}}