{"id":375,"date":"2013-07-03T22:50:55","date_gmt":"2013-07-03T20:50:55","guid":{"rendered":"http:\/\/www.chile-reise.com\/wordpress\/?page_id=375"},"modified":"2015-04-10T22:28:33","modified_gmt":"2015-04-10T20:28:33","slug":"boutique-hotel-palafito-1326","status":"publish","type":"page","link":"https:\/\/www.chile-reise.com\/de\/hotels\/seengebiet\/boutique-hotel-palafito-1326\/","title":{"rendered":"Hotel Palafito 1326 (B)"},"content":{"rendered":"<p>\n<div class=\"clear\"><\/div><div class=\"divider\"><\/div>\n<p>Das Boutique Hotel Palafito 1326 befindet sich in dem Viertel der ber\u00fchmten Pfahlbauten der Inselhauptstadt Castro. Diese typisch chilotische Konstruktion einer Unterkunft \u00fcber dem Meer machen Ihren Aufenthalt zu etwas ganz besonderem. Das Boutique-Hotel ist ausgezeichnet isoliert und verf\u00fcgt \u00fcber Zentralheizung. Der 360 Grad-Panoramablick von der Dachterrasse des Hotels ist beeindruckend.  Die Zimmer sind hell und mit viel Holz ausgestattet und verf\u00fcgen entweder \u00fcber Meerblick oder \u00fcber Blick in Richtung der anderen Pfahlh\u00e4user.<\/p>\n<p><strong>Zimmer:<\/strong> 12<br \/>\n<strong>Ausstattung:<\/strong> Zentralheizung, isolierte Fenster, kleiner Balkon, Panoramaterrasse, Internetraum, Aufenthaltsraum, K\u00fcchennutzung m\u00f6glich, Weinkeller, W\u00e4scheservice, Souvenirshop, Exkursionen, Parkpl\u00e4tze<br \/>\n<strong>Internet:<\/strong> Wi-Fi<\/p>","protected":false},"excerpt":{"rendered":"<p>Das Boutique Hotel Palafito 1326 befindet sich in dem Viertel der ber\u00fchmten Pfahlbauten der Inselhauptstadt Castro. Diese typisch chilotische Konstruktion einer Unterkunft \u00fcber dem Meer machen Ihren Aufenthalt zu etwas ganz besonderem. Das Boutique-Hotel ist ausgezeichnet isoliert und verf\u00fcgt \u00fcber &#8230;<\/p>\n","protected":false},"author":16,"featured_media":0,"parent":214,"menu_order":0,"comment_status":"open","ping_status":"open","template":"","meta":{"slim_seo":{"title":"Hotel Palafito 1326 (B) Hotel Palafito 1326 (B) - travelArt","description":"Das Boutique Hotel Palafito 1326 befindet sich in dem Viertel der ber\u00fchmten Pfahlbauten der Inselhauptstadt Castro. Diese typisch chilotische Konstruktion einer"},"footnotes":""},"class_list":["post-375","page","type-page","status-publish","hentry"],"_links":{"self":[{"href":"https:\/\/www.chile-reise.com\/de\/wp-json\/wp\/v2\/pages\/375","targetHints":{"allow":["GET"]}}],"collection":[{"href":"https:\/\/www.chile-reise.com\/de\/wp-json\/wp\/v2\/pages"}],"about":[{"href":"https:\/\/www.chile-reise.com\/de\/wp-json\/wp\/v2\/types\/page"}],"author":[{"embeddable":true,"href":"https:\/\/www.chile-reise.com\/de\/wp-json\/wp\/v2\/users\/16"}],"replies":[{"embeddable":true,"href":"https:\/\/www.chile-reise.com\/de\/wp-json\/wp\/v2\/comments?post=375"}],"version-history":[{"count":0,"href":"https:\/\/www.chile-reise.com\/de\/wp-json\/wp\/v2\/pages\/375\/revisions"}],"up":[{"embeddable":true,"href":"https:\/\/www.chile-reise.com\/de\/wp-json\/wp\/v2\/pages\/214"}],"wp:attachment":[{"href":"https:\/\/www.chile-reise.com\/de\/wp-json\/wp\/v2\/media?parent=375"}],"curies":[{"name":"wp","href":"https:\/\/api.w.org\/{rel}","templated":true}]}}