{"id":374,"date":"2013-07-03T22:49:48","date_gmt":"2013-07-03T20:49:48","guid":{"rendered":"http:\/\/www.chile-reise.com\/wordpress\/?page_id=374"},"modified":"2013-10-09T17:05:08","modified_gmt":"2013-10-09T15:05:08","slug":"hotel-puerto-chico","status":"publish","type":"page","link":"https:\/\/www.chile-reise.com\/de\/hotels\/seengebiet\/hotel-puerto-chico\/","title":{"rendered":"Hotel Puerto Chico ***"},"content":{"rendered":"<p>\r\n        <style type='text\/css'>\r\n            #gallery-1 {\r\n                margin: auto;\r\n            }\r\n            #gallery-1 .gallery-item {\r\n                float: left;\r\n                margin-top: 10px;\r\n                text-align: center;\r\n                width: 33%;           }\r\n            #gallery-1 img {\r\n                border: 2px solid #cfcfcf;\r\n            }\r\n            #gallery-1 .gallery-caption {\r\n                margin-left: 0;\r\n            }\r\n        <\/style>\r\n        <!-- see gallery_shortcode() in wp-includes\/media.php -->\r\n        <div id='gallery-1' class='gallery-images gallery galleryid-374'><dl class='gallery-item'>\r\n            <dt class='gallery-icon'>\r\n                <a href='https:\/\/www.chile-reise.com\/wp-content\/uploads\/Puerto-Chico.jpg'><img loading=\"lazy\" decoding=\"async\" width=\"240\" height=\"140\" src=\"https:\/\/www.chile-reise.com\/wp-content\/uploads\/Puerto-Chico-240x140.jpg\" class=\"attachment-thumbnail size-thumbnail\" alt=\"Puerto Chico\" \/><\/a>\r\n            <\/dt>\r\n                <dd class='gallery-caption'>\r\n                Hotel Puerto Chico\r\n                <\/dd><\/dl><dl class='gallery-item'>\r\n            <dt class='gallery-icon'>\r\n                <a href='https:\/\/www.chile-reise.com\/wp-content\/uploads\/Puerto-Chico-Twin-Room.jpg'><img loading=\"lazy\" decoding=\"async\" width=\"240\" height=\"140\" src=\"https:\/\/www.chile-reise.com\/wp-content\/uploads\/Puerto-Chico-Twin-Room-240x140.jpg\" class=\"attachment-thumbnail size-thumbnail\" alt=\"Puerto Chico Twin Room\" \/><\/a>\r\n            <\/dt>\r\n                <dd class='gallery-caption'>\r\n                Puerto Chico Twin Room\r\n                <\/dd><\/dl><dl class='gallery-item'>\r\n            <dt class='gallery-icon'>\r\n                <a href='https:\/\/www.chile-reise.com\/wp-content\/uploads\/Puerto-Chico-Common-Area.jpg'><img loading=\"lazy\" decoding=\"async\" width=\"240\" height=\"140\" src=\"https:\/\/www.chile-reise.com\/wp-content\/uploads\/Puerto-Chico-Common-Area-240x140.jpg\" class=\"attachment-thumbnail size-thumbnail\" alt=\"Puerto Chico Common Area\" \/><\/a>\r\n            <\/dt>\r\n                <dd class='gallery-caption'>\r\n                Puerto Chico Common Area\r\n                <\/dd><\/dl><br style=\"clear: both\" \/><dl class='gallery-item'>\r\n            <dt class='gallery-icon'>\r\n                <a href='https:\/\/www.chile-reise.com\/wp-content\/uploads\/Puerto-Chico-breakfast.jpg'><img loading=\"lazy\" decoding=\"async\" width=\"240\" height=\"140\" src=\"https:\/\/www.chile-reise.com\/wp-content\/uploads\/Puerto-Chico-breakfast-240x140.jpg\" class=\"attachment-thumbnail size-thumbnail\" alt=\"Puerto Chico breakfast\" \/><\/a>\r\n            <\/dt>\r\n                <dd class='gallery-caption'>\r\n                Puerto Chico Breakfast\r\n                <\/dd><\/dl><dl class='gallery-item'>\r\n            <dt class='gallery-icon'>\r\n                <a href='https:\/\/www.chile-reise.com\/wp-content\/uploads\/Puerto-Chico-Hallway.jpg'><img loading=\"lazy\" decoding=\"async\" width=\"240\" height=\"140\" src=\"https:\/\/www.chile-reise.com\/wp-content\/uploads\/Puerto-Chico-Hallway-240x140.jpg\" class=\"attachment-thumbnail size-thumbnail\" alt=\"Puerto Chico Hallway\" \/><\/a>\r\n            <\/dt>\r\n                <dd class='gallery-caption'>\r\n                Puerto Chico Hallway\r\n                <\/dd><\/dl><dl class='gallery-item'>\r\n            <dt class='gallery-icon'>\r\n                <a href='https:\/\/www.chile-reise.com\/wp-content\/uploads\/Puerto-Chico-Lobby.jpg'><img loading=\"lazy\" decoding=\"async\" width=\"240\" height=\"140\" src=\"https:\/\/www.chile-reise.com\/wp-content\/uploads\/Puerto-Chico-Lobby-240x140.jpg\" class=\"attachment-thumbnail size-thumbnail\" alt=\"Puerto Chico Lobby\" \/><\/a>\r\n            <\/dt>\r\n                <dd class='gallery-caption'>\r\n                Puerto Chico Lobby\r\n                <\/dd><\/dl><br style=\"clear: both\" \/>\r\n            <br style='clear: both;' \/>\r\n        <\/div>\n\n<div class=\"clear\"><\/div><div class=\"divider\"><\/div>\n<p>Das kleine, freundliche Hotel Puerto Chico liegt nahe des Ufers des Llanquihue-Sees in Puerto Varas. Die Zimmer sind gem\u00fctlich und einladend. Vom der allgemeinen Sitzecke des Hotels aus bietet sich ein wunderbarer Ausblick \u00fcber den See. Das hilfsbereite Personal informiert die Reisenden gerne \u00fcber Ausflugsm\u00f6glichkeiten und verleiht neben Fahrr\u00e4dern auch Regenschirme.<\/p>\n<p><strong>Zimmer:<\/strong> 25<br \/>\n<strong>Ausstattung:<\/strong> Zentralheizung, Kabel-TV, Telefon, Minibar, Cafeteria, Verleih von Fahrr\u00e4dern, Regenschirmen und Autos, W\u00e4scheservice, Parkpl\u00e4tze<br \/>\n<strong>Internet:<\/strong> Wi-Fi<\/p>","protected":false},"excerpt":{"rendered":"<p>Das kleine, freundliche Hotel Puerto Chico liegt nahe des Ufers des Llanquihue-Sees in Puerto Varas. Die Zimmer sind gem\u00fctlich und einladend. Vom der allgemeinen Sitzecke des Hotels aus bietet sich ein wunderbarer Ausblick \u00fcber den See. Das hilfsbereite Personal informiert &#8230;<\/p>\n","protected":false},"author":16,"featured_media":0,"parent":214,"menu_order":0,"comment_status":"open","ping_status":"open","template":"","meta":{"slim_seo":{"title":"Hotel Puerto Chico *** Hotel Puerto Chico *** - travelArt","description":"Hotel Puerto Chico Puerto Chico Twin Room Puerto Chico Common Area Puerto Chico Breakfast Puerto Chico Hallway Puerto Chico Lobby Das kleine, freundliche Hotel"},"footnotes":""},"class_list":["post-374","page","type-page","status-publish","hentry"],"_links":{"self":[{"href":"https:\/\/www.chile-reise.com\/de\/wp-json\/wp\/v2\/pages\/374","targetHints":{"allow":["GET"]}}],"collection":[{"href":"https:\/\/www.chile-reise.com\/de\/wp-json\/wp\/v2\/pages"}],"about":[{"href":"https:\/\/www.chile-reise.com\/de\/wp-json\/wp\/v2\/types\/page"}],"author":[{"embeddable":true,"href":"https:\/\/www.chile-reise.com\/de\/wp-json\/wp\/v2\/users\/16"}],"replies":[{"embeddable":true,"href":"https:\/\/www.chile-reise.com\/de\/wp-json\/wp\/v2\/comments?post=374"}],"version-history":[{"count":0,"href":"https:\/\/www.chile-reise.com\/de\/wp-json\/wp\/v2\/pages\/374\/revisions"}],"up":[{"embeddable":true,"href":"https:\/\/www.chile-reise.com\/de\/wp-json\/wp\/v2\/pages\/214"}],"wp:attachment":[{"href":"https:\/\/www.chile-reise.com\/de\/wp-json\/wp\/v2\/media?parent=374"}],"curies":[{"name":"wp","href":"https:\/\/api.w.org\/{rel}","templated":true}]}}