{"id":373,"date":"2013-07-03T22:48:44","date_gmt":"2013-07-03T20:48:44","guid":{"rendered":"http:\/\/www.chile-reise.com\/wordpress\/?page_id=373"},"modified":"2015-04-10T22:27:58","modified_gmt":"2015-04-10T20:27:58","slug":"petrohue-lodge","status":"publish","type":"page","link":"https:\/\/www.chile-reise.com\/de\/hotels\/seengebiet\/petrohue-lodge\/","title":{"rendered":"Petrohue Lodge ***"},"content":{"rendered":"<p>\r\n        <style type='text\/css'>\r\n            #gallery-1 {\r\n                margin: auto;\r\n            }\r\n            #gallery-1 .gallery-item {\r\n                float: left;\r\n                margin-top: 10px;\r\n                text-align: center;\r\n                width: 33%;           }\r\n            #gallery-1 img {\r\n                border: 2px solid #cfcfcf;\r\n            }\r\n            #gallery-1 .gallery-caption {\r\n                margin-left: 0;\r\n            }\r\n        <\/style>\r\n        <!-- see gallery_shortcode() in wp-includes\/media.php -->\r\n        <div id='gallery-1' class='gallery-images gallery galleryid-373'><dl class='gallery-item'>\r\n            <dt class='gallery-icon'>\r\n                <a href='https:\/\/www.chile-reise.com\/wp-content\/uploads\/Petrohue-Lodge.jpg'><img loading=\"lazy\" decoding=\"async\" width=\"240\" height=\"140\" src=\"https:\/\/www.chile-reise.com\/wp-content\/uploads\/Petrohue-Lodge-240x140.jpg\" class=\"attachment-thumbnail size-thumbnail\" alt=\"Petrohue Lodge\" \/><\/a>\r\n            <\/dt>\r\n                <dd class='gallery-caption'>\r\n                Petrohue Lodge\r\n                <\/dd><\/dl><dl class='gallery-item'>\r\n            <dt class='gallery-icon'>\r\n                <a href='https:\/\/www.chile-reise.com\/wp-content\/uploads\/Petrohue-Double-Room.jpg'><img loading=\"lazy\" decoding=\"async\" width=\"240\" height=\"140\" src=\"https:\/\/www.chile-reise.com\/wp-content\/uploads\/Petrohue-Double-Room-240x140.jpg\" class=\"attachment-thumbnail size-thumbnail\" alt=\"Petrohue\" \/><\/a>\r\n            <\/dt>\r\n                <dd class='gallery-caption'>\r\n                Petrohue Double Room\r\n                <\/dd><\/dl><dl class='gallery-item'>\r\n            <dt class='gallery-icon'>\r\n                <a href='https:\/\/www.chile-reise.com\/wp-content\/uploads\/Petrohue-Garden.jpg'><img loading=\"lazy\" decoding=\"async\" width=\"240\" height=\"140\" src=\"https:\/\/www.chile-reise.com\/wp-content\/uploads\/Petrohue-Garden-240x140.jpg\" class=\"attachment-thumbnail size-thumbnail\" alt=\"Petrohue Garden\" \/><\/a>\r\n            <\/dt>\r\n                <dd class='gallery-caption'>\r\n                Petrohue Garden\r\n                <\/dd><\/dl><br style=\"clear: both\" \/><dl class='gallery-item'>\r\n            <dt class='gallery-icon'>\r\n                <a href='https:\/\/www.chile-reise.com\/wp-content\/uploads\/Petrohue-Living-Room.jpg'><img loading=\"lazy\" decoding=\"async\" width=\"240\" height=\"140\" src=\"https:\/\/www.chile-reise.com\/wp-content\/uploads\/Petrohue-Living-Room-240x140.jpg\" class=\"attachment-thumbnail size-thumbnail\" alt=\"Petrohue Living Room\" \/><\/a>\r\n            <\/dt>\r\n                <dd class='gallery-caption'>\r\n                Petrohue Living Room\r\n                <\/dd><\/dl><dl class='gallery-item'>\r\n            <dt class='gallery-icon'>\r\n                <a href='https:\/\/www.chile-reise.com\/wp-content\/uploads\/Petrohue-Pool.jpg'><img loading=\"lazy\" decoding=\"async\" width=\"240\" height=\"140\" src=\"https:\/\/www.chile-reise.com\/wp-content\/uploads\/Petrohue-Pool-240x140.jpg\" class=\"attachment-thumbnail size-thumbnail\" alt=\"Petrohue Pool\" \/><\/a>\r\n            <\/dt>\r\n                <dd class='gallery-caption'>\r\n                Petrohue Pool\r\n                <\/dd><\/dl><dl class='gallery-item'>\r\n            <dt class='gallery-icon'>\r\n                <a href='https:\/\/www.chile-reise.com\/wp-content\/uploads\/Petrohue-Restaurant.jpg'><img loading=\"lazy\" decoding=\"async\" width=\"240\" height=\"140\" src=\"https:\/\/www.chile-reise.com\/wp-content\/uploads\/Petrohue-Restaurant-240x140.jpg\" class=\"attachment-thumbnail size-thumbnail\" alt=\"Petrohue Restaurant\" \/><\/a>\r\n            <\/dt>\r\n                <dd class='gallery-caption'>\r\n                Petrohue Restaurant\r\n                <\/dd><\/dl><br style=\"clear: both\" \/>\r\n            <br style='clear: both;' \/>\r\n        <\/div>\n\n<div class=\"clear\"><\/div><div class=\"divider\"><\/div>\n<p>Die gem\u00fctliche Petrohue Lodge liegt bei den Saltos de Petrohue, direkt am Ufer des Todos los Santos-Sees. Viel Holz und Naturmaterialien lassen das Haus auf einem hohen Niveau rustikal wirken, so dass man sich hier schnell wohl f\u00fchlt und wirklich ausspannen kann \u2013 zum Beispiel mit einem Glas Wein vor dem Kamin. Die wunderbare Lage am See macht das Hotel zum geeigneten Start- und Zielpunkt f\u00fcr Wanderausfl\u00fcge, Bootsfahrten und vieles mehr. Die Superiorzimmer haben Seeblick, die anderen auf den Fluss oder den Vulkan. Aktivit\u00e4ten wie Rafting, Trekking, Canyoning, etc. k\u00f6nnen vor Ort organisiert werden.<\/p>\n<p><strong>Zimmer:<\/strong> 20<br \/>\n<strong>Ausstattung:<\/strong> Zentralheizung, Restaurant, Bar, Cafeter\u00eda, Versammlungsraum, Kamin, Schwimmbecken, Souvenirshop, W\u00e4scheservice, Parkpl\u00e4tze<\/p>","protected":false},"excerpt":{"rendered":"<p>Die gem\u00fctliche Petrohue Lodge liegt bei den Saltos de Petrohue, direkt am Ufer des Todos los Santos-Sees. Viel Holz und Naturmaterialien lassen das Haus auf einem hohen Niveau rustikal wirken, so dass man sich hier schnell wohl f\u00fchlt und wirklich &#8230;<\/p>\n","protected":false},"author":16,"featured_media":0,"parent":214,"menu_order":0,"comment_status":"open","ping_status":"open","template":"","meta":{"slim_seo":{"title":"Petrohue Lodge *** Petrohue Lodge *** - travelArt","description":"Petrohue Lodge Petrohue Double Room Petrohue Garden Petrohue Living Room Petrohue Pool Petrohue Restaurant Die gem\u00fctliche Petrohue Lodge liegt bei den Saltos de"},"footnotes":""},"class_list":["post-373","page","type-page","status-publish","hentry"],"_links":{"self":[{"href":"https:\/\/www.chile-reise.com\/de\/wp-json\/wp\/v2\/pages\/373","targetHints":{"allow":["GET"]}}],"collection":[{"href":"https:\/\/www.chile-reise.com\/de\/wp-json\/wp\/v2\/pages"}],"about":[{"href":"https:\/\/www.chile-reise.com\/de\/wp-json\/wp\/v2\/types\/page"}],"author":[{"embeddable":true,"href":"https:\/\/www.chile-reise.com\/de\/wp-json\/wp\/v2\/users\/16"}],"replies":[{"embeddable":true,"href":"https:\/\/www.chile-reise.com\/de\/wp-json\/wp\/v2\/comments?post=373"}],"version-history":[{"count":0,"href":"https:\/\/www.chile-reise.com\/de\/wp-json\/wp\/v2\/pages\/373\/revisions"}],"up":[{"embeddable":true,"href":"https:\/\/www.chile-reise.com\/de\/wp-json\/wp\/v2\/pages\/214"}],"wp:attachment":[{"href":"https:\/\/www.chile-reise.com\/de\/wp-json\/wp\/v2\/media?parent=373"}],"curies":[{"name":"wp","href":"https:\/\/api.w.org\/{rel}","templated":true}]}}