{"id":371,"date":"2013-07-03T22:47:39","date_gmt":"2013-07-03T20:47:39","guid":{"rendered":"http:\/\/www.chile-reise.com\/wordpress\/?page_id=371"},"modified":"2013-10-17T19:37:54","modified_gmt":"2013-10-17T17:37:54","slug":"solace-hotel","status":"publish","type":"page","link":"https:\/\/www.chile-reise.com\/de\/hotels\/seengebiet\/solace-hotel\/","title":{"rendered":"Solace Hotel ****"},"content":{"rendered":"<p>\r\n        <style type='text\/css'>\r\n            #gallery-1 {\r\n                margin: auto;\r\n            }\r\n            #gallery-1 .gallery-item {\r\n                float: left;\r\n                margin-top: 10px;\r\n                text-align: center;\r\n                width: 33%;           }\r\n            #gallery-1 img {\r\n                border: 2px solid #cfcfcf;\r\n            }\r\n            #gallery-1 .gallery-caption {\r\n                margin-left: 0;\r\n            }\r\n        <\/style>\r\n        <!-- see gallery_shortcode() in wp-includes\/media.php -->\r\n        <div id='gallery-1' class='gallery-images gallery galleryid-371'><dl class='gallery-item'>\r\n            <dt class='gallery-icon'>\r\n                <a href='https:\/\/www.chile-reise.com\/wp-content\/uploads\/Solace-Hotel.jpg'><img loading=\"lazy\" decoding=\"async\" width=\"240\" height=\"140\" src=\"https:\/\/www.chile-reise.com\/wp-content\/uploads\/Solace-Hotel-240x140.jpg\" class=\"attachment-thumbnail size-thumbnail\" alt=\"Solace Hotel\" \/><\/a>\r\n            <\/dt>\r\n                <dd class='gallery-caption'>\r\n                Solace Hotel\r\n                <\/dd><\/dl><dl class='gallery-item'>\r\n            <dt class='gallery-icon'>\r\n                <a href='https:\/\/www.chile-reise.com\/wp-content\/uploads\/Solace-Living-Room-1.jpg'><img loading=\"lazy\" decoding=\"async\" width=\"240\" height=\"140\" src=\"https:\/\/www.chile-reise.com\/wp-content\/uploads\/Solace-Living-Room-1-240x140.jpg\" class=\"attachment-thumbnail size-thumbnail\" alt=\"Solace Hotel\" \/><\/a>\r\n            <\/dt>\r\n                <dd class='gallery-caption'>\r\n                Solace Double Room\r\n                <\/dd><\/dl><dl class='gallery-item'>\r\n            <dt class='gallery-icon'>\r\n                <a href='https:\/\/www.chile-reise.com\/wp-content\/uploads\/Solace-Living-Room.jpg'><img loading=\"lazy\" decoding=\"async\" width=\"240\" height=\"140\" src=\"https:\/\/www.chile-reise.com\/wp-content\/uploads\/Solace-Living-Room-240x140.jpg\" class=\"attachment-thumbnail size-thumbnail\" alt=\"Solace Living Room\" \/><\/a>\r\n            <\/dt>\r\n                <dd class='gallery-caption'>\r\n                Solace Living Room\r\n                <\/dd><\/dl><br style=\"clear: both\" \/>\r\n            <br style='clear: both;' \/>\r\n        <\/div>\n\n<div class=\"clear\"><\/div><div class=\"divider\"><\/div>\n<p>Nur Schritte von Puerto Varas\u00b4 Zentrum entfernt liegt das Hotel Solace, das sich mit seiner f\u00fcr die Gegend typischen Architektur sch\u00f6n ins Stadtbild einf\u00fcgt. Lokale Materialien, regionale Holzarten und Naturstein sorgen f\u00fcr eine warme Atmosph\u00e4re, wo man sich wohlf\u00fchlen kann. Viele der Zimmer haben eine sch\u00f6ne Aussicht, einige auf den See, andere auf die Kirche. <\/p>\n<p><strong>Zimmer:<\/strong> 86<br \/>\n<strong>Ausstattung:<\/strong> Heizung, Telefon, Safe, Kabel-TV, Minibar, Restaurant, Bar, Kamin, Business-Center, Garten, W\u00e4scheservice, Parkpl\u00e4tze<br \/>\n<strong>Internet:<\/strong> Wi-Fi<\/p>","protected":false},"excerpt":{"rendered":"<p>Nur Schritte von Puerto Varas\u00b4 Zentrum entfernt liegt das Hotel Solace, das sich mit seiner f\u00fcr die Gegend typischen Architektur sch\u00f6n ins Stadtbild einf\u00fcgt. Lokale Materialien, regionale Holzarten und Naturstein sorgen f\u00fcr eine warme Atmosph\u00e4re, wo man sich wohlf\u00fchlen kann. &#8230;<\/p>\n","protected":false},"author":16,"featured_media":0,"parent":214,"menu_order":0,"comment_status":"open","ping_status":"open","template":"","meta":{"slim_seo":{"title":"Solace Hotel **** Solace Hotel **** - travelArt","description":"Solace Hotel Solace Double Room Solace Living Room Nur Schritte von Puerto Varas\u00b4 Zentrum entfernt liegt das Hotel Solace, das sich mit seiner f\u00fcr die Gegend ty"},"footnotes":""},"class_list":["post-371","page","type-page","status-publish","hentry"],"_links":{"self":[{"href":"https:\/\/www.chile-reise.com\/de\/wp-json\/wp\/v2\/pages\/371","targetHints":{"allow":["GET"]}}],"collection":[{"href":"https:\/\/www.chile-reise.com\/de\/wp-json\/wp\/v2\/pages"}],"about":[{"href":"https:\/\/www.chile-reise.com\/de\/wp-json\/wp\/v2\/types\/page"}],"author":[{"embeddable":true,"href":"https:\/\/www.chile-reise.com\/de\/wp-json\/wp\/v2\/users\/16"}],"replies":[{"embeddable":true,"href":"https:\/\/www.chile-reise.com\/de\/wp-json\/wp\/v2\/comments?post=371"}],"version-history":[{"count":0,"href":"https:\/\/www.chile-reise.com\/de\/wp-json\/wp\/v2\/pages\/371\/revisions"}],"up":[{"embeddable":true,"href":"https:\/\/www.chile-reise.com\/de\/wp-json\/wp\/v2\/pages\/214"}],"wp:attachment":[{"href":"https:\/\/www.chile-reise.com\/de\/wp-json\/wp\/v2\/media?parent=371"}],"curies":[{"name":"wp","href":"https:\/\/api.w.org\/{rel}","templated":true}]}}