{"id":370,"date":"2013-07-03T22:41:21","date_gmt":"2013-07-03T20:41:21","guid":{"rendered":"http:\/\/www.chile-reise.com\/wordpress\/?page_id=370"},"modified":"2017-02-23T22:20:12","modified_gmt":"2017-02-23T20:20:12","slug":"hotel-patagonico","status":"publish","type":"page","link":"https:\/\/www.chile-reise.com\/de\/hotels\/seengebiet\/hotel-patagonico\/","title":{"rendered":"Hotel Enjoy Puerto Varas *****"},"content":{"rendered":"<style type='text\/css'>\r\n            #gallery-1 {\r\n                margin: auto;\r\n            }\r\n            #gallery-1 .gallery-item {\r\n                float: left;\r\n                margin-top: 10px;\r\n                text-align: center;\r\n                width: 33%;           }\r\n            #gallery-1 img {\r\n                border: 2px solid #cfcfcf;\r\n            }\r\n            #gallery-1 .gallery-caption {\r\n                margin-left: 0;\r\n            }\r\n        <\/style>\r\n        <!-- see gallery_shortcode() in wp-includes\/media.php -->\r\n        <div id='gallery-1' class='gallery-images gallery galleryid-370'><dl class='gallery-item'>\r\n            <dt class='gallery-icon'>\r\n                <a href='https:\/\/www.chile-reise.com\/wp-content\/uploads\/Hotel-Patag\u00f3nico-Panoramica.jpg'><img loading=\"lazy\" decoding=\"async\" width=\"240\" height=\"140\" src=\"https:\/\/www.chile-reise.com\/wp-content\/uploads\/Hotel-Patag\u00f3nico-Panoramica-240x140.jpg\" class=\"attachment-thumbnail size-thumbnail\" alt=\"Hotel Patag\u00f3nico Panoramica\" srcset=\"https:\/\/www.chile-reise.com\/wp-content\/uploads\/Hotel-Patag\u00f3nico-Panoramica-240x140.jpg 240w, https:\/\/www.chile-reise.com\/wp-content\/uploads\/Hotel-Patag\u00f3nico-Panoramica-564x330.jpg 564w, https:\/\/www.chile-reise.com\/wp-content\/uploads\/Hotel-Patag\u00f3nico-Panoramica.jpg 640w\" sizes=\"auto, (max-width: 240px) 100vw, 240px\" \/><\/a>\r\n            <\/dt>\r\n                <dd class='gallery-caption'>\r\n                Hotel Patag\u00f3nico\r\n                <\/dd><\/dl><dl class='gallery-item'>\r\n            <dt class='gallery-icon'>\r\n                <a href='https:\/\/www.chile-reise.com\/wp-content\/uploads\/Hotel-Patag\u00f3nico-Standard.jpg'><img loading=\"lazy\" decoding=\"async\" width=\"240\" height=\"140\" src=\"https:\/\/www.chile-reise.com\/wp-content\/uploads\/Hotel-Patag\u00f3nico-Standard-240x140.jpg\" class=\"attachment-thumbnail size-thumbnail\" alt=\"Hotel Patag\u00f3nico Standard\" \/><\/a>\r\n            <\/dt>\r\n                <dd class='gallery-caption'>\r\n                Patag\u00f3nico Standard Double Room\r\n                <\/dd><\/dl><dl class='gallery-item'>\r\n            <dt class='gallery-icon'>\r\n                <a href='https:\/\/www.chile-reise.com\/wp-content\/uploads\/Hotel-Patag\u00f3nico-Living-002.jpg'><img loading=\"lazy\" decoding=\"async\" width=\"240\" height=\"140\" src=\"https:\/\/www.chile-reise.com\/wp-content\/uploads\/Hotel-Patag\u00f3nico-Living-002-240x140.jpg\" class=\"attachment-thumbnail size-thumbnail\" alt=\"Hotel Patag\u00f3nico\" \/><\/a>\r\n            <\/dt>\r\n                <dd class='gallery-caption'>\r\n                Patag\u00f3nico Lobby\r\n                <\/dd><\/dl><br style=\"clear: both\" \/><dl class='gallery-item'>\r\n            <dt class='gallery-icon'>\r\n                <a href='https:\/\/www.chile-reise.com\/wp-content\/uploads\/Hotel-Patag\u00f3nico-Restaurant-Alerce-002.jpg'><img loading=\"lazy\" decoding=\"async\" width=\"240\" height=\"140\" src=\"https:\/\/www.chile-reise.com\/wp-content\/uploads\/Hotel-Patag\u00f3nico-Restaurant-Alerce-002-240x140.jpg\" class=\"attachment-thumbnail size-thumbnail\" alt=\"Hotel Patag\u00f3nico Restaurant Alerce\" \/><\/a>\r\n            <\/dt>\r\n                <dd class='gallery-caption'>\r\n                Patag\u00f3nico Restaurant\r\n                <\/dd><\/dl><dl class='gallery-item'>\r\n            <dt class='gallery-icon'>\r\n                <a href='https:\/\/www.chile-reise.com\/wp-content\/uploads\/Pagonico_Superior-Twin.jpg'><img loading=\"lazy\" decoding=\"async\" width=\"240\" height=\"140\" src=\"https:\/\/www.chile-reise.com\/wp-content\/uploads\/Pagonico_Superior-Twin-240x140.jpg\" class=\"attachment-thumbnail size-thumbnail\" alt=\"Pagonico Superior Twin\" \/><\/a>\r\n            <\/dt>\r\n                <dd class='gallery-caption'>\r\n                Patag\u00f3nico Superior Twin Room\r\n                <\/dd><\/dl><dl class='gallery-item'>\r\n            <dt class='gallery-icon'>\r\n                <a href='https:\/\/www.chile-reise.com\/wp-content\/uploads\/patagonico-918.jpg'><img loading=\"lazy\" decoding=\"async\" width=\"240\" height=\"140\" src=\"https:\/\/www.chile-reise.com\/wp-content\/uploads\/patagonico-918-240x140.jpg\" class=\"attachment-thumbnail size-thumbnail\" alt=\"Patagonico\" \/><\/a>\r\n            <\/dt><\/dl><br style=\"clear: both\" \/>\r\n            <br style='clear: both;' \/>\r\n        <\/div>\n\n<div class=\"clear\"><\/div><div class=\"divider\"><\/div>\n<p>Dieses gro\u00dfe 5-Sterne-Hotel befindet sich in g\u00fcnstiger und ruhiger Lage nahe den Hauptattraktionen von Puerto Varas. Von der Anlage mit sch\u00f6nem Garten aus hat man einen herrlichen Blick auf den See Llanquihue und den Vulkan Osorno. Es wurde in einem renovierten, traditionsreichen Geb\u00e4ude eingerichtet. Helle, freundliche Farben und viel Holz dominieren die moderne Ausstattung.<\/p>\n<p><strong>Rooms:<\/strong> 91<br \/>\n<strong>Ausstattung:<\/strong> Zentralheizung, Kabel-TV, Minibar, Telefon, Haartrockner, Waage, Zimmersafe, 2 Restaurants, Bar mit Kamin, Cafeteria mit Zimmerservice, Terrasse, Garten Schwimmbecken, Whirlpool, Sauna, Massager\u00e4ume, W\u00e4scheservice, Schuhputzzservice, Parkpl\u00e4tze<br \/>\nBehindertengerechte Zimmer sind verf\u00fcgbar.<br \/>\n<strong>Internet:<\/strong> Wi-Fi<br \/>\n<em>Ausgezeichnet mit \u201eSello S\u201c, dem chilenischen Nachhaltigkeitssiegel.<\/em>","protected":false},"excerpt":{"rendered":"<p>Dieses gro\u00dfe 5-Sterne-Hotel befindet sich in g\u00fcnstiger und ruhiger Lage nahe den Hauptattraktionen von Puerto Varas. Von der Anlage mit sch\u00f6nem Garten aus hat man einen herrlichen Blick auf den See Llanquihue und den Vulkan Osorno. Es wurde in einem &#8230;<\/p>\n","protected":false},"author":16,"featured_media":0,"parent":214,"menu_order":0,"comment_status":"open","ping_status":"open","template":"","meta":{"slim_seo":{"title":"Hotel Enjoy Puerto Varas ***** - travelArt","description":"[:de] Hotel Patag\u00f3nico Patag\u00f3nico Standard Double Room Patag\u00f3nico Lobby Patag\u00f3nico Restaurant Patag\u00f3nico Superior Twin Room Dieses gro\u00dfe 5-Sterne-Hotel befindet"},"footnotes":""},"class_list":["post-370","page","type-page","status-publish","hentry"],"_links":{"self":[{"href":"https:\/\/www.chile-reise.com\/de\/wp-json\/wp\/v2\/pages\/370","targetHints":{"allow":["GET"]}}],"collection":[{"href":"https:\/\/www.chile-reise.com\/de\/wp-json\/wp\/v2\/pages"}],"about":[{"href":"https:\/\/www.chile-reise.com\/de\/wp-json\/wp\/v2\/types\/page"}],"author":[{"embeddable":true,"href":"https:\/\/www.chile-reise.com\/de\/wp-json\/wp\/v2\/users\/16"}],"replies":[{"embeddable":true,"href":"https:\/\/www.chile-reise.com\/de\/wp-json\/wp\/v2\/comments?post=370"}],"version-history":[{"count":0,"href":"https:\/\/www.chile-reise.com\/de\/wp-json\/wp\/v2\/pages\/370\/revisions"}],"up":[{"embeddable":true,"href":"https:\/\/www.chile-reise.com\/de\/wp-json\/wp\/v2\/pages\/214"}],"wp:attachment":[{"href":"https:\/\/www.chile-reise.com\/de\/wp-json\/wp\/v2\/media?parent=370"}],"curies":[{"name":"wp","href":"https:\/\/api.w.org\/{rel}","templated":true}]}}