{"id":369,"date":"2013-07-03T22:40:08","date_gmt":"2013-07-03T20:40:08","guid":{"rendered":"http:\/\/www.chile-reise.com\/wordpress\/?page_id=369"},"modified":"2015-06-11T16:42:20","modified_gmt":"2015-06-11T14:42:20","slug":"cumbres","status":"publish","type":"page","link":"https:\/\/www.chile-reise.com\/de\/hotels\/seengebiet\/cumbres\/","title":{"rendered":"Hotel Cumbres *****"},"content":{"rendered":"<p>\r\n        <style type='text\/css'>\r\n            #gallery-1 {\r\n                margin: auto;\r\n            }\r\n            #gallery-1 .gallery-item {\r\n                float: left;\r\n                margin-top: 10px;\r\n                text-align: center;\r\n                width: 33%;           }\r\n            #gallery-1 img {\r\n                border: 2px solid #cfcfcf;\r\n            }\r\n            #gallery-1 .gallery-caption {\r\n                margin-left: 0;\r\n            }\r\n        <\/style>\r\n        <!-- see gallery_shortcode() in wp-includes\/media.php -->\r\n        <div id='gallery-1' class='gallery-images gallery galleryid-369'><dl class='gallery-item'>\r\n            <dt class='gallery-icon'>\r\n                <a href='https:\/\/www.chile-reise.com\/wp-content\/uploads\/Cumbres-Patagonicas-fachada.jpg'><img loading=\"lazy\" decoding=\"async\" width=\"240\" height=\"140\" src=\"https:\/\/www.chile-reise.com\/wp-content\/uploads\/Cumbres-Patagonicas-fachada-240x140.jpg\" class=\"attachment-thumbnail size-thumbnail\" alt=\"Cumbres Patagonicas fachada\" \/><\/a>\r\n            <\/dt>\r\n                <dd class='gallery-caption'>\r\n                Hotel Cumbres\r\n                <\/dd><\/dl><dl class='gallery-item'>\r\n            <dt class='gallery-icon'>\r\n                <a href='https:\/\/www.chile-reise.com\/wp-content\/uploads\/Habitacio\u00a6\u00fcn-1A.jpg'><img loading=\"lazy\" decoding=\"async\" width=\"240\" height=\"140\" src=\"https:\/\/www.chile-reise.com\/wp-content\/uploads\/Habitacio\u00a6\u00fcn-1A-240x140.jpg\" class=\"attachment-thumbnail size-thumbnail\" alt=\"Habitacio\u00a6\u00fcn 1A\" \/><\/a>\r\n            <\/dt>\r\n                <dd class='gallery-caption'>\r\n                Cumbres Double Room\r\n                <\/dd><\/dl><dl class='gallery-item'>\r\n            <dt class='gallery-icon'>\r\n                <a href='https:\/\/www.chile-reise.com\/wp-content\/uploads\/Hotel-Cumbres_1380.jpg'><img loading=\"lazy\" decoding=\"async\" width=\"240\" height=\"140\" src=\"https:\/\/www.chile-reise.com\/wp-content\/uploads\/Hotel-Cumbres_1380-240x140.jpg\" class=\"attachment-thumbnail size-thumbnail\" alt=\"Hotel Cumbres\" \/><\/a>\r\n            <\/dt>\r\n                <dd class='gallery-caption'>\r\n                Cumbres Sitting Area\r\n                <\/dd><\/dl><br style=\"clear: both\" \/><dl class='gallery-item'>\r\n            <dt class='gallery-icon'>\r\n                <a href='https:\/\/www.chile-reise.com\/wp-content\/uploads\/Cumbres.jpg'><img loading=\"lazy\" decoding=\"async\" width=\"240\" height=\"140\" src=\"https:\/\/www.chile-reise.com\/wp-content\/uploads\/Cumbres-240x140.jpg\" class=\"attachment-thumbnail size-thumbnail\" alt=\"Cumbres\" \/><\/a>\r\n            <\/dt>\r\n                <dd class='gallery-caption'>\r\n                Cumbres Winter Garden\r\n                <\/dd><\/dl><dl class='gallery-item'>\r\n            <dt class='gallery-icon'>\r\n                <a href='https:\/\/www.chile-reise.com\/wp-content\/uploads\/cumbres-patagonicos-873.jpg'><img loading=\"lazy\" decoding=\"async\" width=\"240\" height=\"140\" src=\"https:\/\/www.chile-reise.com\/wp-content\/uploads\/cumbres-patagonicos-873-240x140.jpg\" class=\"attachment-thumbnail size-thumbnail\" alt=\"Cumbres patagonicos\" \/><\/a>\r\n            <\/dt>\r\n                <dd class='gallery-caption'>\r\n                Cumbres Twin Room\r\n                <\/dd><\/dl><dl class='gallery-item'>\r\n            <dt class='gallery-icon'>\r\n                <a href='https:\/\/www.chile-reise.com\/wp-content\/uploads\/Cumbres-Patagonicas-Piscina1.jpg'><img loading=\"lazy\" decoding=\"async\" width=\"240\" height=\"140\" src=\"https:\/\/www.chile-reise.com\/wp-content\/uploads\/Cumbres-Patagonicas-Piscina1-240x140.jpg\" class=\"attachment-thumbnail size-thumbnail\" alt=\"Cumbres Patagonicas Piscina1\" \/><\/a>\r\n            <\/dt>\r\n                <dd class='gallery-caption'>\r\n                Cumbres Pool\r\n                <\/dd><\/dl><br style=\"clear: both\" \/>\r\n            <br style='clear: both;' \/>\r\n        <\/div>\n\n<div class=\"clear\"><\/div><div class=\"divider\"><\/div>\n<p>Das Hotel Cumbres befindet sich auf einem H\u00fcgel am Ufer des Llanquique-See und bietet G\u00e4sten durch seine privilegierte Lage einen malerischen Blick sowohl \u00fcber den See als auch auf den Vulkan Osorno und einen Teil der Stadt. Die ger\u00e4umigen Zimmer sind hell und freundlich eingerichtet; Vulkangestein und chilenische H\u00f6lzer zusammen mit gro\u00dfen Glasfronten zaubern ein in modern-gem\u00fctliches Ambiente. Das Restaurant \u00abCumbres\u00bb und die Bar \u00abLa Araucan\u00eda\u00bb sind der ideale Ort, um einen Urlaubstag ausklingen zu lassen! Ein Spa-Bereich komplettiert das Angebot des Hotels.<\/p>\n<p><strong>Zimmer:<\/strong> 90<br \/>\n<strong>Ausstattung:<\/strong> Heizung, Klimaanlage, Kabel-TV, Minibar, Telefon, Safe, Nespresso-MAschine, Service-Tablet-Computer, Restaurant, Bar, Spa, Schwimmbecken, W\u00e4scheservice, Parkpl\u00e4tze, Ein behindertengerechtes Zimmer steht zur Verf\u00fcgung<br \/>\n<strong>Internet:<\/strong> Wi-Fi<br \/>\n<em>Ausgezeichnet mit \u201eSello S\u201c, dem chilenischen Nachhaltigkeitssiegel.<\/em><\/p>","protected":false},"excerpt":{"rendered":"<p>Das Hotel Cumbres befindet sich auf einem H\u00fcgel am Ufer des Llanquique-See und bietet G\u00e4sten durch seine privilegierte Lage einen malerischen Blick sowohl \u00fcber den See als auch auf den Vulkan Osorno und einen Teil der Stadt. Die ger\u00e4umigen Zimmer &#8230;<\/p>\n","protected":false},"author":16,"featured_media":0,"parent":214,"menu_order":0,"comment_status":"open","ping_status":"open","template":"","meta":{"slim_seo":{"title":"Hotel Cumbres ***** Hotel Cumbres ***** - travelArt","description":"Hotel Cumbres Cumbres Double Room Cumbres Sitting Area Cumbres Winter Garden Cumbres Twin Room Cumbres Pool Das Hotel Cumbres befindet sich auf einem H\u00fcgel am U"},"footnotes":""},"class_list":["post-369","page","type-page","status-publish","hentry"],"_links":{"self":[{"href":"https:\/\/www.chile-reise.com\/de\/wp-json\/wp\/v2\/pages\/369","targetHints":{"allow":["GET"]}}],"collection":[{"href":"https:\/\/www.chile-reise.com\/de\/wp-json\/wp\/v2\/pages"}],"about":[{"href":"https:\/\/www.chile-reise.com\/de\/wp-json\/wp\/v2\/types\/page"}],"author":[{"embeddable":true,"href":"https:\/\/www.chile-reise.com\/de\/wp-json\/wp\/v2\/users\/16"}],"replies":[{"embeddable":true,"href":"https:\/\/www.chile-reise.com\/de\/wp-json\/wp\/v2\/comments?post=369"}],"version-history":[{"count":0,"href":"https:\/\/www.chile-reise.com\/de\/wp-json\/wp\/v2\/pages\/369\/revisions"}],"up":[{"embeddable":true,"href":"https:\/\/www.chile-reise.com\/de\/wp-json\/wp\/v2\/pages\/214"}],"wp:attachment":[{"href":"https:\/\/www.chile-reise.com\/de\/wp-json\/wp\/v2\/media?parent=369"}],"curies":[{"name":"wp","href":"https:\/\/api.w.org\/{rel}","templated":true}]}}