{"id":368,"date":"2013-07-03T22:38:49","date_gmt":"2013-07-03T20:38:49","guid":{"rendered":"http:\/\/www.chile-reise.com\/wordpress\/?page_id=368"},"modified":"2015-01-08T20:31:20","modified_gmt":"2015-01-08T18:31:20","slug":"gran-hotel-colonos-del-sur","status":"publish","type":"page","link":"https:\/\/www.chile-reise.com\/de\/hotels\/seengebiet\/gran-hotel-colonos-del-sur\/","title":{"rendered":"Hotel Radisson Puerto Varas *****"},"content":{"rendered":"<p>\r\n        <style type='text\/css'>\r\n            #gallery-1 {\r\n                margin: auto;\r\n            }\r\n            #gallery-1 .gallery-item {\r\n                float: left;\r\n                margin-top: 10px;\r\n                text-align: center;\r\n                width: 33%;           }\r\n            #gallery-1 img {\r\n                border: 2px solid #cfcfcf;\r\n            }\r\n            #gallery-1 .gallery-caption {\r\n                margin-left: 0;\r\n            }\r\n        <\/style>\r\n        <!-- see gallery_shortcode() in wp-includes\/media.php -->\r\n        <div id='gallery-1' class='gallery-images gallery galleryid-368'><dl class='gallery-item'>\r\n            <dt class='gallery-icon'>\r\n                <a href='https:\/\/www.chile-reise.com\/wp-content\/uploads\/Gran-Hotel-Colonos-del-Sur.jpg'><img loading=\"lazy\" decoding=\"async\" width=\"240\" height=\"140\" src=\"https:\/\/www.chile-reise.com\/wp-content\/uploads\/Gran-Hotel-Colonos-del-Sur-240x140.jpg\" class=\"attachment-thumbnail size-thumbnail\" alt=\"Gran Hotel Colonos del Sur\" \/><\/a>\r\n            <\/dt>\r\n                <dd class='gallery-caption'>\r\n                Gran Hotel Colonos del Sur\r\n                <\/dd><\/dl><dl class='gallery-item'>\r\n            <dt class='gallery-icon'>\r\n                <a href='https:\/\/www.chile-reise.com\/wp-content\/uploads\/Gran-Hotel-Colonos-del-Sur-Standard-Room.jpg'><img loading=\"lazy\" decoding=\"async\" width=\"240\" height=\"140\" src=\"https:\/\/www.chile-reise.com\/wp-content\/uploads\/Gran-Hotel-Colonos-del-Sur-Standard-Room-240x140.jpg\" class=\"attachment-thumbnail size-thumbnail\" alt=\"Gran Hotel Colonos del Sur Standard Room\" \/><\/a>\r\n            <\/dt>\r\n                <dd class='gallery-caption'>\r\n                Gran Hotel Colonos del Sur Standard Room\r\n                <\/dd><\/dl><dl class='gallery-item'>\r\n            <dt class='gallery-icon'>\r\n                <a href='https:\/\/www.chile-reise.com\/wp-content\/uploads\/Gran-Hotel-Colonos-del-Sur-Lobby.jpg'><img loading=\"lazy\" decoding=\"async\" width=\"240\" height=\"140\" src=\"https:\/\/www.chile-reise.com\/wp-content\/uploads\/Gran-Hotel-Colonos-del-Sur-Lobby-240x140.jpg\" class=\"attachment-thumbnail size-thumbnail\" alt=\"Gran Hotel Colonos del Sur Lobby\" \/><\/a>\r\n            <\/dt>\r\n                <dd class='gallery-caption'>\r\n                Gran Hotel Colonos del Sur Lobby\r\n                <\/dd><\/dl><br style=\"clear: both\" \/><dl class='gallery-item'>\r\n            <dt class='gallery-icon'>\r\n                <a href='https:\/\/www.chile-reise.com\/wp-content\/uploads\/Gran-Hotel-Colonos-del-Sur-Bar.jpg'><img loading=\"lazy\" decoding=\"async\" width=\"240\" height=\"140\" src=\"https:\/\/www.chile-reise.com\/wp-content\/uploads\/Gran-Hotel-Colonos-del-Sur-Bar-240x140.jpg\" class=\"attachment-thumbnail size-thumbnail\" alt=\"Gran Hotel Colonos del Sur Bar\" \/><\/a>\r\n            <\/dt>\r\n                <dd class='gallery-caption'>\r\n                Gran Hotel Colonos del Sur Bar\r\n                <\/dd><\/dl><dl class='gallery-item'>\r\n            <dt class='gallery-icon'>\r\n                <a href='https:\/\/www.chile-reise.com\/wp-content\/uploads\/Gran-Hotel-Colonos-del-Sur-Pool.jpg'><img loading=\"lazy\" decoding=\"async\" width=\"240\" height=\"140\" src=\"https:\/\/www.chile-reise.com\/wp-content\/uploads\/Gran-Hotel-Colonos-del-Sur-Pool-240x140.jpg\" class=\"attachment-thumbnail size-thumbnail\" alt=\"Gran Hotel Colonos del Sur Pool\" \/><\/a>\r\n            <\/dt>\r\n                <dd class='gallery-caption'>\r\n                Gran Hotel Colonos del Sur Pool \r\n                <\/dd><\/dl><dl class='gallery-item'>\r\n            <dt class='gallery-icon'>\r\n                <a href='https:\/\/www.chile-reise.com\/wp-content\/uploads\/Gran-Hotel-Colonos-del-Sur-Restaurant.jpg'><img loading=\"lazy\" decoding=\"async\" width=\"240\" height=\"140\" src=\"https:\/\/www.chile-reise.com\/wp-content\/uploads\/Gran-Hotel-Colonos-del-Sur-Restaurant-240x140.jpg\" class=\"attachment-thumbnail size-thumbnail\" alt=\"Gran Hotel Colonos del Sur Restaurant\" \/><\/a>\r\n            <\/dt>\r\n                <dd class='gallery-caption'>\r\n                Gran Hotel Colonos del Sur Restaurant\r\n                <\/dd><\/dl><br style=\"clear: both\" \/>\r\n            <br style='clear: both;' \/>\r\n        <\/div>\n\n<div class=\"clear\"><\/div><div class=\"divider\"><\/div>\n<p>Das moderne und sehr komfortable Hotel Radisson Puerto Varas verf\u00fcgt \u00fcber eine vorteilhafte Lage direkt am Strand des Llanquihue Sees und ist doch mitten in lebhaften Puerto Varas. Die sch\u00f6n gestalteten, gro\u00dfz\u00fcgigen R\u00e4umlichkeiten des Hotels bieten dem Gast viele M\u00f6glichkeiten zur Erholung und Unterhaltung. Besonders beeindruckend ist der Blick auf den See aus dem Panoramafenster der Lounge. Die Zimmer \u00fcberzeugen durch elegante und helle Einrichtung.<\/p>\n<p><strong>Zimmer:<\/strong> 98<br \/>\n<strong>Ausstattung:<\/strong> Safe, Geothermalheizung, Minibar, Jacuzzi in der Junior- und Master-Suite, Kabel-TV, Bar, Restaurant, Lounge, Business-Center, Zimmerservice, Spa, Schwimmbecken, Fitnessraum, Raucherbereich, W\u00e4scheservice, Behindertengerechte Zimmer verf\u00fcgbar<br \/>\n<strong>Internet:<\/strong> Wi-Fi <\/p>","protected":false},"excerpt":{"rendered":"<p>Das moderne und sehr komfortable Hotel Radisson Puerto Varas verf\u00fcgt \u00fcber eine vorteilhafte Lage direkt am Strand des Llanquihue Sees und ist doch mitten in lebhaften Puerto Varas. Die sch\u00f6n gestalteten, gro\u00dfz\u00fcgigen R\u00e4umlichkeiten des Hotels bieten dem Gast viele M\u00f6glichkeiten &#8230;<\/p>\n","protected":false},"author":16,"featured_media":0,"parent":214,"menu_order":0,"comment_status":"open","ping_status":"open","template":"","meta":{"slim_seo":{"title":"Hotel Radisson Puerto Varas ***** Hotel Radisson Puerto Varas ***** - travelArt","description":"Gran Hotel Colonos del Sur Gran Hotel Colonos del Sur Standard Room Gran Hotel Colonos del Sur Lobby Gran Hotel Colonos del Sur Bar Gran Hotel Colonos del Sur P"},"footnotes":""},"class_list":["post-368","page","type-page","status-publish","hentry"],"_links":{"self":[{"href":"https:\/\/www.chile-reise.com\/de\/wp-json\/wp\/v2\/pages\/368","targetHints":{"allow":["GET"]}}],"collection":[{"href":"https:\/\/www.chile-reise.com\/de\/wp-json\/wp\/v2\/pages"}],"about":[{"href":"https:\/\/www.chile-reise.com\/de\/wp-json\/wp\/v2\/types\/page"}],"author":[{"embeddable":true,"href":"https:\/\/www.chile-reise.com\/de\/wp-json\/wp\/v2\/users\/16"}],"replies":[{"embeddable":true,"href":"https:\/\/www.chile-reise.com\/de\/wp-json\/wp\/v2\/comments?post=368"}],"version-history":[{"count":0,"href":"https:\/\/www.chile-reise.com\/de\/wp-json\/wp\/v2\/pages\/368\/revisions"}],"up":[{"embeddable":true,"href":"https:\/\/www.chile-reise.com\/de\/wp-json\/wp\/v2\/pages\/214"}],"wp:attachment":[{"href":"https:\/\/www.chile-reise.com\/de\/wp-json\/wp\/v2\/media?parent=368"}],"curies":[{"name":"wp","href":"https:\/\/api.w.org\/{rel}","templated":true}]}}