{"id":367,"date":"2013-07-03T22:37:16","date_gmt":"2013-07-03T20:37:16","guid":{"rendered":"http:\/\/www.chile-reise.com\/wordpress\/?page_id=367"},"modified":"2015-04-10T22:26:04","modified_gmt":"2015-04-10T20:26:04","slug":"cabana-del-lago-hotel","status":"publish","type":"page","link":"https:\/\/www.chile-reise.com\/de\/hotels\/seengebiet\/cabana-del-lago-hotel\/","title":{"rendered":"Caba\u00f1a del Lago Hotel ****"},"content":{"rendered":"<p>\r\n        <style type='text\/css'>\r\n            #gallery-1 {\r\n                margin: auto;\r\n            }\r\n            #gallery-1 .gallery-item {\r\n                float: left;\r\n                margin-top: 10px;\r\n                text-align: center;\r\n                width: 33%;           }\r\n            #gallery-1 img {\r\n                border: 2px solid #cfcfcf;\r\n            }\r\n            #gallery-1 .gallery-caption {\r\n                margin-left: 0;\r\n            }\r\n        <\/style>\r\n        <!-- see gallery_shortcode() in wp-includes\/media.php -->\r\n        <div id='gallery-1' class='gallery-images gallery galleryid-367'><dl class='gallery-item'>\r\n            <dt class='gallery-icon'>\r\n                <a href='https:\/\/www.chile-reise.com\/wp-content\/uploads\/Caba\u00f1a-del-Lago.jpg'><img loading=\"lazy\" decoding=\"async\" width=\"240\" height=\"140\" src=\"https:\/\/www.chile-reise.com\/wp-content\/uploads\/Caba\u00f1a-del-Lago-240x140.jpg\" class=\"attachment-thumbnail size-thumbnail\" alt=\"Caba\u00f1a del Lago\" \/><\/a>\r\n            <\/dt>\r\n                <dd class='gallery-caption'>\r\n                Hotel Caba\u00f1a del Lago\r\n                <\/dd><\/dl><dl class='gallery-item'>\r\n            <dt class='gallery-icon'>\r\n                <a href='https:\/\/www.chile-reise.com\/wp-content\/uploads\/Caba\u00f1a-del-Lago-Standard-Room.jpg'><img loading=\"lazy\" decoding=\"async\" width=\"240\" height=\"140\" src=\"https:\/\/www.chile-reise.com\/wp-content\/uploads\/Caba\u00f1a-del-Lago-Standard-Room-240x140.jpg\" class=\"attachment-thumbnail size-thumbnail\" alt=\"Caba\u00f1a del Lago Standard Room\" \/><\/a>\r\n            <\/dt>\r\n                <dd class='gallery-caption'>\r\n                Caba\u00f1a del Lago Standard Room\r\n                <\/dd><\/dl><dl class='gallery-item'>\r\n            <dt class='gallery-icon'>\r\n                <a href='https:\/\/www.chile-reise.com\/wp-content\/uploads\/Caba\u00f1a-del-Lago-Fireplace.jpg'><img loading=\"lazy\" decoding=\"async\" width=\"240\" height=\"140\" src=\"https:\/\/www.chile-reise.com\/wp-content\/uploads\/Caba\u00f1a-del-Lago-Fireplace-240x140.jpg\" class=\"attachment-thumbnail size-thumbnail\" alt=\"Caba\u00f1a del Lago Fireplace\" \/><\/a>\r\n            <\/dt>\r\n                <dd class='gallery-caption'>\r\n                Caba\u00f1a del Lago Fireplace\r\n                <\/dd><\/dl><br style=\"clear: both\" \/><dl class='gallery-item'>\r\n            <dt class='gallery-icon'>\r\n                <a href='https:\/\/www.chile-reise.com\/wp-content\/uploads\/Caba\u00f1a-del-Lago-Terrace.jpg'><img loading=\"lazy\" decoding=\"async\" width=\"240\" height=\"140\" src=\"https:\/\/www.chile-reise.com\/wp-content\/uploads\/Caba\u00f1a-del-Lago-Terrace-240x140.jpg\" class=\"attachment-thumbnail size-thumbnail\" alt=\"Caba\u00f1a del Lago Terrace\" \/><\/a>\r\n            <\/dt>\r\n                <dd class='gallery-caption'>\r\n                Caba\u00f1a del Lago Terrace\r\n                <\/dd><\/dl><dl class='gallery-item'>\r\n            <dt class='gallery-icon'>\r\n                <a href='https:\/\/www.chile-reise.com\/wp-content\/uploads\/Caba\u00f1a-del-Lago-Pool.jpg'><img loading=\"lazy\" decoding=\"async\" width=\"225\" height=\"140\" src=\"https:\/\/www.chile-reise.com\/wp-content\/uploads\/Caba\u00f1a-del-Lago-Pool-225x140.jpg\" class=\"attachment-thumbnail size-thumbnail\" alt=\"Caba\u00f1a del Lago Pool\" \/><\/a>\r\n            <\/dt>\r\n                <dd class='gallery-caption'>\r\n                Caba\u00f1a del Lago Pool\r\n                <\/dd><\/dl><dl class='gallery-item'>\r\n            <dt class='gallery-icon'>\r\n                <a href='https:\/\/www.chile-reise.com\/wp-content\/uploads\/Caba\u00f1a-del-Lago-Bar.jpg'><img loading=\"lazy\" decoding=\"async\" width=\"240\" height=\"140\" src=\"https:\/\/www.chile-reise.com\/wp-content\/uploads\/Caba\u00f1a-del-Lago-Bar-240x140.jpg\" class=\"attachment-thumbnail size-thumbnail\" alt=\"Caba\u00f1a del Lago Bar\" \/><\/a>\r\n            <\/dt>\r\n                <dd class='gallery-caption'>\r\n                Caba\u00f1a del Lago Bar\r\n                <\/dd><\/dl><br style=\"clear: both\" \/>\r\n            <br style='clear: both;' \/>\r\n        <\/div>\n\n<div class=\"clear\"><\/div><div class=\"divider\"><\/div>\n<p>Das sehr sch\u00f6ne, moderne und gem\u00fctliche Caba\u00f1a del Lago Hotel ist direkt am Llanquihue-See, sehr ruhig etwas oberhalb des Ortes gelegen. Die Zimmer der Kategorien Superior und Suite sind ger\u00e4umig und komfortabel, die Standardzimmer etwas einfacher. Alle Zimmer bieten einen wunderbaren Blick auf den See und den Vulkan Osorno. Trotz der privilegierten Lage sind es nur f\u00fcnf Minuten Fu\u00dfweg bis zum Zentrum von Puerto Varas. Neben dem Hotel selbst bietet der \u201eClub del Lago\u201c auf dem gleichen Grundst\u00fcck 16 Suiten und 16 Superiorzimmer, die zu ger\u00e4umigen Familienunterk\u00fcnften kombinierbar sind. Auch diese Optionen haben Seeblick und den G\u00e4sten stehen alle Instalationen des Haupthauses zur Verf\u00fcgung.<\/p>\n<p><strong>Zimmer:<\/strong> 157<br \/>\n<strong>Ausstattung:<\/strong> Zentralheizung, Safe, Telefon, Haartrockner, Kabel-TV, Minibar, Restaurant, Bar mit Kamin, Cafeter\u00eda, Terrasse, Schwimmbecken, Whirlpool, Sauna, Massageraum, Bibliothek, W\u00e4scheservice, Parkpl\u00e4tze<br \/>\n<strong>Internet:<\/strong> Wi-Fi<br \/>\n<em>Ausgezeichnet mit \u201eSello S\u201c, dem chilenischen Nachhaltigkeitssiegel.<\/em><\/p>","protected":false},"excerpt":{"rendered":"<p>Das sehr sch\u00f6ne, moderne und gem\u00fctliche Caba\u00f1a del Lago Hotel ist direkt am Llanquihue-See, sehr ruhig etwas oberhalb des Ortes gelegen. Die Zimmer der Kategorien Superior und Suite sind ger\u00e4umig und komfortabel, die Standardzimmer etwas einfacher. Alle Zimmer bieten einen &#8230;<\/p>\n","protected":false},"author":16,"featured_media":0,"parent":214,"menu_order":0,"comment_status":"open","ping_status":"open","template":"","meta":{"slim_seo":{"title":"Caba\u00f1a del Lago Hotel **** Caba\u00f1a del Lago Hotel **** - travelArt","description":"Hotel Caba\u00f1a del Lago Caba\u00f1a del Lago Standard Room Caba\u00f1a del Lago Fireplace Caba\u00f1a del Lago Terrace Caba\u00f1a del Lago Pool Caba\u00f1a del Lago Bar Das sehr sch\u00f6ne,"},"footnotes":""},"class_list":["post-367","page","type-page","status-publish","hentry"],"_links":{"self":[{"href":"https:\/\/www.chile-reise.com\/de\/wp-json\/wp\/v2\/pages\/367","targetHints":{"allow":["GET"]}}],"collection":[{"href":"https:\/\/www.chile-reise.com\/de\/wp-json\/wp\/v2\/pages"}],"about":[{"href":"https:\/\/www.chile-reise.com\/de\/wp-json\/wp\/v2\/types\/page"}],"author":[{"embeddable":true,"href":"https:\/\/www.chile-reise.com\/de\/wp-json\/wp\/v2\/users\/16"}],"replies":[{"embeddable":true,"href":"https:\/\/www.chile-reise.com\/de\/wp-json\/wp\/v2\/comments?post=367"}],"version-history":[{"count":0,"href":"https:\/\/www.chile-reise.com\/de\/wp-json\/wp\/v2\/pages\/367\/revisions"}],"up":[{"embeddable":true,"href":"https:\/\/www.chile-reise.com\/de\/wp-json\/wp\/v2\/pages\/214"}],"wp:attachment":[{"href":"https:\/\/www.chile-reise.com\/de\/wp-json\/wp\/v2\/media?parent=367"}],"curies":[{"name":"wp","href":"https:\/\/api.w.org\/{rel}","templated":true}]}}