{"id":366,"date":"2013-07-03T22:36:05","date_gmt":"2013-07-03T20:36:05","guid":{"rendered":"http:\/\/www.chile-reise.com\/wordpress\/?page_id=366"},"modified":"2013-10-14T16:41:00","modified_gmt":"2013-10-14T14:41:00","slug":"nawelpi-lodge-reserva-del-fuy","status":"publish","type":"page","link":"https:\/\/www.chile-reise.com\/de\/hotels\/seengebiet\/nawelpi-lodge-reserva-del-fuy\/","title":{"rendered":"Nawelpi Lodge Reserva del Fuy ****"},"content":{"rendered":"<p>\r\n        <style type='text\/css'>\r\n            #gallery-1 {\r\n                margin: auto;\r\n            }\r\n            #gallery-1 .gallery-item {\r\n                float: left;\r\n                margin-top: 10px;\r\n                text-align: center;\r\n                width: 33%;           }\r\n            #gallery-1 img {\r\n                border: 2px solid #cfcfcf;\r\n            }\r\n            #gallery-1 .gallery-caption {\r\n                margin-left: 0;\r\n            }\r\n        <\/style>\r\n        <!-- see gallery_shortcode() in wp-includes\/media.php -->\r\n        <div id='gallery-1' class='gallery-images gallery galleryid-366'><dl class='gallery-item'>\r\n            <dt class='gallery-icon'>\r\n                <a href='https:\/\/www.chile-reise.com\/wp-content\/uploads\/Cabin-Nawelpi-Lodge.jpg'><img loading=\"lazy\" decoding=\"async\" width=\"240\" height=\"140\" src=\"https:\/\/www.chile-reise.com\/wp-content\/uploads\/Cabin-Nawelpi-Lodge-240x140.jpg\" class=\"attachment-thumbnail size-thumbnail\" alt=\"Cabin Nawelpi Lodge\" \/><\/a>\r\n            <\/dt>\r\n                <dd class='gallery-caption'>\r\n                Nawelpi Lodge Cabin\r\n                <\/dd><\/dl><dl class='gallery-item'>\r\n            <dt class='gallery-icon'>\r\n                <a href='https:\/\/www.chile-reise.com\/wp-content\/uploads\/Nawelpi-Lodge-Double-Room-2.jpg'><img loading=\"lazy\" decoding=\"async\" width=\"240\" height=\"140\" src=\"https:\/\/www.chile-reise.com\/wp-content\/uploads\/Nawelpi-Lodge-Double-Room-2-240x140.jpg\" class=\"attachment-thumbnail size-thumbnail\" alt=\"Nawelpi Lodge Double Room\" \/><\/a>\r\n            <\/dt>\r\n                <dd class='gallery-caption'>\r\n                Nawelpi Lodge Double Cabin 1\r\n                <\/dd><\/dl><dl class='gallery-item'>\r\n            <dt class='gallery-icon'>\r\n                <a href='https:\/\/www.chile-reise.com\/wp-content\/uploads\/Nawelpi-Lodge-Terrace.bmp'><img loading=\"lazy\" decoding=\"async\" width=\"1\" height=\"1\" src=\"https:\/\/www.chile-reise.com\/wp-content\/uploads\/Nawelpi-Lodge-Terrace.bmp\" class=\"attachment-thumbnail size-thumbnail\" alt=\"Nawelpi Lodge Terrace\" \/><\/a>\r\n            <\/dt>\r\n                <dd class='gallery-caption'>\r\n                Nawelpi Lodge\r\n                <\/dd><\/dl><br style=\"clear: both\" \/><dl class='gallery-item'>\r\n            <dt class='gallery-icon'>\r\n                <a href='https:\/\/www.chile-reise.com\/wp-content\/uploads\/Nawelpi-Lodge-Cabin-Entrance.jpg'><img loading=\"lazy\" decoding=\"async\" width=\"240\" height=\"140\" src=\"https:\/\/www.chile-reise.com\/wp-content\/uploads\/Nawelpi-Lodge-Cabin-Entrance-240x140.jpg\" class=\"attachment-thumbnail size-thumbnail\" alt=\"Nawelpi Lodge\" \/><\/a>\r\n            <\/dt>\r\n                <dd class='gallery-caption'>\r\n                Nawelpi Lodge Cabin Entrance\r\n                <\/dd><\/dl><dl class='gallery-item'>\r\n            <dt class='gallery-icon'>\r\n                <a href='https:\/\/www.chile-reise.com\/wp-content\/uploads\/Nawelpi-Lodge-Double-Room-1.jpg'><img loading=\"lazy\" decoding=\"async\" width=\"240\" height=\"140\" src=\"https:\/\/www.chile-reise.com\/wp-content\/uploads\/Nawelpi-Lodge-Double-Room-1-240x140.jpg\" class=\"attachment-thumbnail size-thumbnail\" alt=\"Nawelpi Lodge Double Room\" \/><\/a>\r\n            <\/dt>\r\n                <dd class='gallery-caption'>\r\n                Nawelpi Lodge Double Cabin 2\r\n                <\/dd><\/dl><dl class='gallery-item'>\r\n            <dt class='gallery-icon'>\r\n                <a href='https:\/\/www.chile-reise.com\/wp-content\/uploads\/Nawelpi-Lodge-Carts.jpg'><img loading=\"lazy\" decoding=\"async\" width=\"240\" height=\"140\" src=\"https:\/\/www.chile-reise.com\/wp-content\/uploads\/Nawelpi-Lodge-Carts-240x140.jpg\" class=\"attachment-thumbnail size-thumbnail\" alt=\"Nawelpi Lodge Carts\" \/><\/a>\r\n            <\/dt>\r\n                <dd class='gallery-caption'>\r\n                Nawelpi Lodge Cart\r\n                <\/dd><\/dl><br style=\"clear: both\" \/>\r\n            <br style='clear: both;' \/>\r\n        <\/div>\n\n<div class=\"clear\"><\/div><div class=\"divider\"><\/div>\n<p>Die Nawelpi Lodge Reserva del Fuy geh\u00f6rt zum Bioreservat Huilo Huilo und befindet sich n\u00f6rdlich des Flusses Fuy inmitten urspr\u00fcnglicher Natur. Die Lodge bietet Ihnen ein besonderes Naturerlebnis inmitten der patagonischen W\u00e4lder und mit exklusiven Ausblicken auf den Fluss Fuy, der genau unter der Terrasse vorbeirauscht. Die luxuri\u00f6sen, privaten Blockh\u00e4user f\u00fcgen sich harmonisch in die Natur ein und bieten maximalen Komfort und hochwertige Ausstattung. Das Lawenko Spa des benachbarten <a href=\"https:\/\/www.chile-reise.com\/hotels\/seengebiet\/nothofagus-hotel-spa\/\" target=\"_blank\">Nothofagus Hotel &amp; Spa<\/a> ist nur 500 m entfernt und kann mitgenutzt werden. Elektrogolfwagen werden Ihnen kostenfrei zum Transport zwischen den Blockh\u00e4usern und den anderen Hoteleinrichtungen zur Verf\u00fcgung gestellt.<\/p>\n<p><strong>Zimmer:<\/strong> 12<br \/>\n<strong>Ausstattung:<\/strong> Zentralheizung, Safe, Restaurant, Bar, Minigolf, Konferenzraum , Spieleraum, Bibliothek mit Lesesaal, Hot Tubs, Sauna, Lawenko Spa, W\u00e4scheservice, Parkpl\u00e4tze<br \/>\n<strong>Aktivit\u00e4ten im Sommer:<\/strong> Canopy, Reiten, Mountain-Biking, Trekking, Fischen, etc.<br \/>\n<strong>Aktivit\u00e4ten im Winter:<\/strong> Ski, Schneeschuhwanderungen, Ski, Schneemobil, Trekking, Reiten, etc.<\/p>","protected":false},"excerpt":{"rendered":"<p>Die Nawelpi Lodge Reserva del Fuy geh\u00f6rt zum Bioreservat Huilo Huilo und befindet sich n\u00f6rdlich des Flusses Fuy inmitten urspr\u00fcnglicher Natur. Die Lodge bietet Ihnen ein besonderes Naturerlebnis inmitten der patagonischen W\u00e4lder und mit exklusiven Ausblicken auf den Fluss Fuy, &#8230;<\/p>\n","protected":false},"author":16,"featured_media":0,"parent":214,"menu_order":0,"comment_status":"open","ping_status":"open","template":"","meta":{"slim_seo":{"title":"Nawelpi Lodge Reserva del Fuy **** Nawelpi Lodge Reserva del Fuy **** - travelArt","description":"Nawelpi Lodge Cabin Nawelpi Lodge Double Cabin 1 Nawelpi Lodge Nawelpi Lodge Cabin Entrance Nawelpi Lodge Double Cabin 2 Nawelpi Lodge Cart Die Nawelpi Lodge Re"},"footnotes":""},"class_list":["post-366","page","type-page","status-publish","hentry"],"_links":{"self":[{"href":"https:\/\/www.chile-reise.com\/de\/wp-json\/wp\/v2\/pages\/366","targetHints":{"allow":["GET"]}}],"collection":[{"href":"https:\/\/www.chile-reise.com\/de\/wp-json\/wp\/v2\/pages"}],"about":[{"href":"https:\/\/www.chile-reise.com\/de\/wp-json\/wp\/v2\/types\/page"}],"author":[{"embeddable":true,"href":"https:\/\/www.chile-reise.com\/de\/wp-json\/wp\/v2\/users\/16"}],"replies":[{"embeddable":true,"href":"https:\/\/www.chile-reise.com\/de\/wp-json\/wp\/v2\/comments?post=366"}],"version-history":[{"count":0,"href":"https:\/\/www.chile-reise.com\/de\/wp-json\/wp\/v2\/pages\/366\/revisions"}],"up":[{"embeddable":true,"href":"https:\/\/www.chile-reise.com\/de\/wp-json\/wp\/v2\/pages\/214"}],"wp:attachment":[{"href":"https:\/\/www.chile-reise.com\/de\/wp-json\/wp\/v2\/media?parent=366"}],"curies":[{"name":"wp","href":"https:\/\/api.w.org\/{rel}","templated":true}]}}