{"id":363,"date":"2013-07-03T22:33:21","date_gmt":"2013-07-03T20:33:21","guid":{"rendered":"http:\/\/www.chile-reise.com\/wordpress\/?page_id=363"},"modified":"2013-10-14T16:19:11","modified_gmt":"2013-10-14T14:19:11","slug":"nothofagus-hotel-spa","status":"publish","type":"page","link":"https:\/\/www.chile-reise.com\/de\/hotels\/seengebiet\/nothofagus-hotel-spa\/","title":{"rendered":"Nothofagus Hotel &#038; Spa ****"},"content":{"rendered":"<p>\r\n        <style type='text\/css'>\r\n            #gallery-1 {\r\n                margin: auto;\r\n            }\r\n            #gallery-1 .gallery-item {\r\n                float: left;\r\n                margin-top: 10px;\r\n                text-align: center;\r\n                width: 33%;           }\r\n            #gallery-1 img {\r\n                border: 2px solid #cfcfcf;\r\n            }\r\n            #gallery-1 .gallery-caption {\r\n                margin-left: 0;\r\n            }\r\n        <\/style>\r\n        <!-- see gallery_shortcode() in wp-includes\/media.php -->\r\n        <div id='gallery-1' class='gallery-images gallery galleryid-363'><dl class='gallery-item'>\r\n            <dt class='gallery-icon'>\r\n                <a href='https:\/\/www.chile-reise.com\/wp-content\/uploads\/Nothofagus-Hotel-Spa.jpg'><img loading=\"lazy\" decoding=\"async\" width=\"240\" height=\"140\" src=\"https:\/\/www.chile-reise.com\/wp-content\/uploads\/Nothofagus-Hotel-Spa-240x140.jpg\" class=\"attachment-thumbnail size-thumbnail\" alt=\"Nothofagus Hotel &amp; Spa\" \/><\/a>\r\n            <\/dt>\r\n                <dd class='gallery-caption'>\r\n                Nothofagus Hotel &#038; Spa\r\n                <\/dd><\/dl><dl class='gallery-item'>\r\n            <dt class='gallery-icon'>\r\n                <a href='https:\/\/www.chile-reise.com\/wp-content\/uploads\/Nothofagus-Twin-Room.jpg'><img loading=\"lazy\" decoding=\"async\" width=\"240\" height=\"140\" src=\"https:\/\/www.chile-reise.com\/wp-content\/uploads\/Nothofagus-Twin-Room-240x140.jpg\" class=\"attachment-thumbnail size-thumbnail\" alt=\"Nothofagus Twin Room\" \/><\/a>\r\n            <\/dt>\r\n                <dd class='gallery-caption'>\r\n                Nothofagus Twin Room\r\n                <\/dd><\/dl><dl class='gallery-item'>\r\n            <dt class='gallery-icon'>\r\n                <a href='https:\/\/www.chile-reise.com\/wp-content\/uploads\/Nothofagus-View.jpg'><img loading=\"lazy\" decoding=\"async\" width=\"240\" height=\"140\" src=\"https:\/\/www.chile-reise.com\/wp-content\/uploads\/Nothofagus-View-240x140.jpg\" class=\"attachment-thumbnail size-thumbnail\" alt=\"Nothofagus View\" \/><\/a>\r\n            <\/dt>\r\n                <dd class='gallery-caption'>\r\n                Nothofagus View\r\n                <\/dd><\/dl><br style=\"clear: both\" \/><dl class='gallery-item'>\r\n            <dt class='gallery-icon'>\r\n                <a href='https:\/\/www.chile-reise.com\/wp-content\/uploads\/Nothofagus-Restaurant.jpg'><img loading=\"lazy\" decoding=\"async\" width=\"240\" height=\"140\" src=\"https:\/\/www.chile-reise.com\/wp-content\/uploads\/Nothofagus-Restaurant-240x140.jpg\" class=\"attachment-thumbnail size-thumbnail\" alt=\"Nothofagus Restaurant\" \/><\/a>\r\n            <\/dt>\r\n                <dd class='gallery-caption'>\r\n                Nothofagus Restaurant\r\n                <\/dd><\/dl><dl class='gallery-item'>\r\n            <dt class='gallery-icon'>\r\n                <a href='https:\/\/www.chile-reise.com\/wp-content\/uploads\/Nothofagus-Sitting-Area.jpg'><img loading=\"lazy\" decoding=\"async\" width=\"240\" height=\"140\" src=\"https:\/\/www.chile-reise.com\/wp-content\/uploads\/Nothofagus-Sitting-Area-240x140.jpg\" class=\"attachment-thumbnail size-thumbnail\" alt=\"Nothofagus Sitting Area\" \/><\/a>\r\n            <\/dt>\r\n                <dd class='gallery-caption'>\r\n                Nothofagus Sitting Area\r\n                <\/dd><\/dl><dl class='gallery-item'>\r\n            <dt class='gallery-icon'>\r\n                <a href='https:\/\/www.chile-reise.com\/wp-content\/uploads\/Lawenko-Spa.jpg'><img loading=\"lazy\" decoding=\"async\" width=\"240\" height=\"140\" src=\"https:\/\/www.chile-reise.com\/wp-content\/uploads\/Lawenko-Spa-240x140.jpg\" class=\"attachment-thumbnail size-thumbnail\" alt=\"Lawenko Spa\" \/><\/a>\r\n            <\/dt>\r\n                <dd class='gallery-caption'>\r\n                Lawenko Spa\r\n                <\/dd><\/dl><br style=\"clear: both\" \/>\r\n            <br style='clear: both;' \/>\r\n        <\/div>\n\n<div class=\"clear\"><\/div><div class=\"divider\"><\/div>\n<p>Durch seine Form eines auf der Spitze stehenden Kegels ist dieses Hotel das Gegenst\u00fcck zur benachbarten <a href=\"https:\/\/www.chile-reise.com\/hotels\/seengebiet\/la-montana-magica-lodge\/\" target=\"_blank\">Monta\u00f1a Magica Lodge<\/a>. Um zu einem der urgem\u00fctlichen Zimmer mit wundersch\u00f6ner Waldsicht aufzusteigen, k\u00f6nnen die G\u00e4ste zwischen einem Panoramaaufzug und einer Rampe w\u00e4hlen, die sich im Inneren des Geb\u00e4udes spiralf\u00f6rmig nach oben windet. Das mit viel Fantasie und Kreativit\u00e4t ausgestattete Hotel zaubert ein m\u00e4rchenhaftes Ambiente in den Urwald.<\/p>\n<p><strong>Zimmer:<\/strong> 55<br \/>\n<strong>Ausstattung:<\/strong> Zentralheizung, Safe, Restaurant, Bar, Minigolf, Konferenzraum , Spieleraum, Bibliothek mit Lesesaal, Hot Tubs, Sauna, Lawenko Spa, W\u00e4scheservice, Parkpl\u00e4tze<br \/>\n<strong>Aktivit\u00e4ten im Sommer:<\/strong> Canopy, Reiten, Mountain-Biking, Trekking, Fischen, etc.<br \/>\n<strong>Aktivit\u00e4ten im Winter:<\/strong> Ski, Schneeschuhwanderungen, Ski, Schneemobil, Trekking, Reiten, etc.<\/p>","protected":false},"excerpt":{"rendered":"<p>Durch seine Form eines auf der Spitze stehenden Kegels ist dieses Hotel das Gegenst\u00fcck zur benachbarten Monta\u00f1a Magica Lodge. Um zu einem der urgem\u00fctlichen Zimmer mit wundersch\u00f6ner Waldsicht aufzusteigen, k\u00f6nnen die G\u00e4ste zwischen einem Panoramaaufzug und einer Rampe w\u00e4hlen, die &#8230;<\/p>\n","protected":false},"author":16,"featured_media":0,"parent":214,"menu_order":0,"comment_status":"open","ping_status":"open","template":"","meta":{"slim_seo":{"title":"Nothofagus Hotel & Spa **** Nothofagus Hotel & Spa **** - travelArt","description":"Nothofagus Hotel &#038; Spa Nothofagus Twin Room Nothofagus View Nothofagus Restaurant Nothofagus Sitting Area Lawenko Spa Durch seine Form eines auf der Spitze"},"footnotes":""},"class_list":["post-363","page","type-page","status-publish","hentry"],"_links":{"self":[{"href":"https:\/\/www.chile-reise.com\/de\/wp-json\/wp\/v2\/pages\/363","targetHints":{"allow":["GET"]}}],"collection":[{"href":"https:\/\/www.chile-reise.com\/de\/wp-json\/wp\/v2\/pages"}],"about":[{"href":"https:\/\/www.chile-reise.com\/de\/wp-json\/wp\/v2\/types\/page"}],"author":[{"embeddable":true,"href":"https:\/\/www.chile-reise.com\/de\/wp-json\/wp\/v2\/users\/16"}],"replies":[{"embeddable":true,"href":"https:\/\/www.chile-reise.com\/de\/wp-json\/wp\/v2\/comments?post=363"}],"version-history":[{"count":0,"href":"https:\/\/www.chile-reise.com\/de\/wp-json\/wp\/v2\/pages\/363\/revisions"}],"up":[{"embeddable":true,"href":"https:\/\/www.chile-reise.com\/de\/wp-json\/wp\/v2\/pages\/214"}],"wp:attachment":[{"href":"https:\/\/www.chile-reise.com\/de\/wp-json\/wp\/v2\/media?parent=363"}],"curies":[{"name":"wp","href":"https:\/\/api.w.org\/{rel}","templated":true}]}}