{"id":360,"date":"2013-07-03T22:19:58","date_gmt":"2013-07-03T20:19:58","guid":{"rendered":"http:\/\/www.chile-reise.com\/wordpress\/?page_id=360"},"modified":"2014-02-28T20:25:04","modified_gmt":"2014-02-28T18:25:04","slug":"hotel-vientos-del-sur","status":"publish","type":"page","link":"https:\/\/www.chile-reise.com\/de\/hotels\/seengebiet\/hotel-vientos-del-sur\/","title":{"rendered":"Hotel Vientos del Sur ***"},"content":{"rendered":"<p>\r\n        <style type='text\/css'>\r\n            #gallery-1 {\r\n                margin: auto;\r\n            }\r\n            #gallery-1 .gallery-item {\r\n                float: left;\r\n                margin-top: 10px;\r\n                text-align: center;\r\n                width: 33%;           }\r\n            #gallery-1 img {\r\n                border: 2px solid #cfcfcf;\r\n            }\r\n            #gallery-1 .gallery-caption {\r\n                margin-left: 0;\r\n            }\r\n        <\/style>\r\n        <!-- see gallery_shortcode() in wp-includes\/media.php -->\r\n        <div id='gallery-1' class='gallery-images gallery galleryid-360'><dl class='gallery-item'>\r\n            <dt class='gallery-icon'>\r\n                <a href='https:\/\/www.chile-reise.com\/wp-content\/uploads\/Fachada_klein5.jpg'><img loading=\"lazy\" decoding=\"async\" width=\"240\" height=\"140\" src=\"https:\/\/www.chile-reise.com\/wp-content\/uploads\/Fachada_klein5-240x140.jpg\" class=\"attachment-thumbnail size-thumbnail\" alt=\"Fachada klein\" \/><\/a>\r\n            <\/dt>\r\n                <dd class='gallery-caption'>\r\n                Hotel Vientos del Sur\r\n                <\/dd><\/dl><dl class='gallery-item'>\r\n            <dt class='gallery-icon'>\r\n                <a href='https:\/\/www.chile-reise.com\/wp-content\/uploads\/Habitaci\u00f3n_klein6.jpg'><img loading=\"lazy\" decoding=\"async\" width=\"240\" height=\"140\" src=\"https:\/\/www.chile-reise.com\/wp-content\/uploads\/Habitaci\u00f3n_klein6-240x140.jpg\" class=\"attachment-thumbnail size-thumbnail\" alt=\"Habitaci\u00f3n klein\" \/><\/a>\r\n            <\/dt>\r\n                <dd class='gallery-caption'>\r\n                Hotel Vientos del Sur Room\r\n                <\/dd><\/dl>\r\n            <br style='clear: both;' \/>\r\n        <\/div>\n<div class=\"clear\"><\/div><div class=\"divider\"><\/div>\n<p>Das Hotel Vientos del Sur bietet eine einfache, aber einladende und gem\u00fctliche Unterkunft im Zentrum von Puc\u00f3n. Die modernen Zimmer sind zweckm\u00e4\u00dfig eingerichtet und versprechen eine erholsame Nacht nach einem spannenden Urlaubstag. Alle Transfers und Exkursionen k\u00f6nnen direkt im Hotel gebucht werden und die Attraktionen des Ortes sind zu Fu\u00df in wenigen Minuten erreichbar. In der  voll ausgestatteten K\u00fcche k\u00f6nnen die G\u00e4ste ihre eigenen Mahlzeiten zubereiten.<\/p>\n<p><strong>Zimmer:<\/strong> 24<br \/>\n<strong>Ausstattung:<\/strong> Heizung, Kabel-TV, Telefon, Safe, Wohnzimmer, Massageraum, W\u00e4scheservice, K\u00fcche f\u00fcr die G\u00e4ste, Parkpl\u00e4tze<br \/>\n<strong>Internet:<\/strong> Wi-Fi<\/p>","protected":false},"excerpt":{"rendered":"<p>Das Hotel Vientos del Sur bietet eine einfache, aber einladende und gem\u00fctliche Unterkunft im Zentrum von Puc\u00f3n. Die modernen Zimmer sind zweckm\u00e4\u00dfig eingerichtet und versprechen eine erholsame Nacht nach einem spannenden Urlaubstag. Alle Transfers und Exkursionen k\u00f6nnen direkt im Hotel &#8230;<\/p>\n","protected":false},"author":16,"featured_media":0,"parent":214,"menu_order":0,"comment_status":"open","ping_status":"open","template":"","meta":{"slim_seo":{"title":"Hotel Vientos del Sur *** Hotel Vientos del Sur *** - travelArt","description":"Hotel Vientos del Sur Hotel Vientos del Sur Room Das Hotel Vientos del Sur bietet eine einfache, aber einladende und gem\u00fctliche Unterkunft im Zentrum von Puc\u00f3n."},"footnotes":""},"class_list":["post-360","page","type-page","status-publish","hentry"],"_links":{"self":[{"href":"https:\/\/www.chile-reise.com\/de\/wp-json\/wp\/v2\/pages\/360","targetHints":{"allow":["GET"]}}],"collection":[{"href":"https:\/\/www.chile-reise.com\/de\/wp-json\/wp\/v2\/pages"}],"about":[{"href":"https:\/\/www.chile-reise.com\/de\/wp-json\/wp\/v2\/types\/page"}],"author":[{"embeddable":true,"href":"https:\/\/www.chile-reise.com\/de\/wp-json\/wp\/v2\/users\/16"}],"replies":[{"embeddable":true,"href":"https:\/\/www.chile-reise.com\/de\/wp-json\/wp\/v2\/comments?post=360"}],"version-history":[{"count":0,"href":"https:\/\/www.chile-reise.com\/de\/wp-json\/wp\/v2\/pages\/360\/revisions"}],"up":[{"embeddable":true,"href":"https:\/\/www.chile-reise.com\/de\/wp-json\/wp\/v2\/pages\/214"}],"wp:attachment":[{"href":"https:\/\/www.chile-reise.com\/de\/wp-json\/wp\/v2\/media?parent=360"}],"curies":[{"name":"wp","href":"https:\/\/api.w.org\/{rel}","templated":true}]}}