{"id":359,"date":"2013-07-03T22:18:48","date_gmt":"2013-07-03T20:18:48","guid":{"rendered":"http:\/\/www.chile-reise.com\/wordpress\/?page_id=359"},"modified":"2014-02-28T20:21:32","modified_gmt":"2014-02-28T18:21:32","slug":"landhaus-san-sebastian","status":"publish","type":"page","link":"https:\/\/www.chile-reise.com\/de\/hotels\/seengebiet\/landhaus-san-sebastian\/","title":{"rendered":"Landhaus San Sebastian ***"},"content":{"rendered":"<p>\r\n        <style type='text\/css'>\r\n            #gallery-1 {\r\n                margin: auto;\r\n            }\r\n            #gallery-1 .gallery-item {\r\n                float: left;\r\n                margin-top: 10px;\r\n                text-align: center;\r\n                width: 33%;           }\r\n            #gallery-1 img {\r\n                border: 2px solid #cfcfcf;\r\n            }\r\n            #gallery-1 .gallery-caption {\r\n                margin-left: 0;\r\n            }\r\n        <\/style>\r\n        <!-- see gallery_shortcode() in wp-includes\/media.php -->\r\n        <div id='gallery-1' class='gallery-images gallery galleryid-359'><dl class='gallery-item'>\r\n            <dt class='gallery-icon'>\r\n                <a href='https:\/\/www.chile-reise.com\/wp-content\/uploads\/Fachada_klein4.jpg'><img loading=\"lazy\" decoding=\"async\" width=\"240\" height=\"140\" src=\"https:\/\/www.chile-reise.com\/wp-content\/uploads\/Fachada_klein4-240x140.jpg\" class=\"attachment-thumbnail size-thumbnail\" alt=\"Fachada klein\" \/><\/a>\r\n            <\/dt>\r\n                <dd class='gallery-caption'>\r\n                Landhaus San Sebastian\r\n                <\/dd><\/dl><dl class='gallery-item'>\r\n            <dt class='gallery-icon'>\r\n                <a href='https:\/\/www.chile-reise.com\/wp-content\/uploads\/Habitaci\u00f3n_klein5.jpg'><img loading=\"lazy\" decoding=\"async\" width=\"240\" height=\"140\" src=\"https:\/\/www.chile-reise.com\/wp-content\/uploads\/Habitaci\u00f3n_klein5-240x140.jpg\" class=\"attachment-thumbnail size-thumbnail\" alt=\"Habitaci\u00f3n klein\" \/><\/a>\r\n            <\/dt>\r\n                <dd class='gallery-caption'>\r\n                Landhaus San Sebastian Room\r\n                <\/dd><\/dl><dl class='gallery-item'>\r\n            <dt class='gallery-icon'>\r\n                <a href='https:\/\/www.chile-reise.com\/wp-content\/uploads\/Comedor_klein3.jpg'><img loading=\"lazy\" decoding=\"async\" width=\"240\" height=\"140\" src=\"https:\/\/www.chile-reise.com\/wp-content\/uploads\/Comedor_klein3-240x140.jpg\" class=\"attachment-thumbnail size-thumbnail\" alt=\"Comedor klein\" \/><\/a>\r\n            <\/dt>\r\n                <dd class='gallery-caption'>\r\n                Landhaus San Sebastian Restaurant\r\n                <\/dd><\/dl><br style=\"clear: both\" \/>\r\n            <br style='clear: both;' \/>\r\n        <\/div>\n<div class=\"clear\"><\/div><div class=\"divider\"><\/div>\n<p>Das Landhaus San Sebastian liegt malerisch in einem Seitental nahe Puc\u00f3n und bietet einen freien Blick auf den Vulkan Villarrica. Eine Oase der Ruhe und gleichzeitig idealer Ausgangspunkt f\u00fcr Ausfl\u00fcge und Aktivit\u00e4ten aller Art in den umliegenden Nationalparks. Das Landhaus wurde unter Verwendung von vielen heimischen H\u00f6lzern errichtet und bietet freundliche, gem\u00fctliche Zimmer. Im Restaurant erwartet die G\u00e4ste eine gesunde, frische K\u00fcche, die vor allem \u00f6kologisch angebaute, regionale Produkte verwendet.<\/p>\n<p><strong>Zimmer:<\/strong> 13<br \/>\n<strong>Ausstattung:<\/strong> Zentralheizung, Wohnzimmer mit Kamin, Cafeteria, Restaurant, Garten, W\u00e4scheservice, Parkpl\u00e4tze<br \/>\n<strong>Internet:<\/strong> Breitbandanschluss<\/p>","protected":false},"excerpt":{"rendered":"<p>Das Landhaus San Sebastian liegt malerisch in einem Seitental nahe Puc\u00f3n und bietet einen freien Blick auf den Vulkan Villarrica. Eine Oase der Ruhe und gleichzeitig idealer Ausgangspunkt f\u00fcr Ausfl\u00fcge und Aktivit\u00e4ten aller Art in den umliegenden Nationalparks. Das Landhaus &#8230;<\/p>\n","protected":false},"author":16,"featured_media":0,"parent":214,"menu_order":0,"comment_status":"open","ping_status":"open","template":"","meta":{"slim_seo":{"title":"Landhaus San Sebastian *** Landhaus San Sebastian *** - travelArt","description":"Landhaus San Sebastian Landhaus San Sebastian Room Landhaus San Sebastian Restaurant Das Landhaus San Sebastian liegt malerisch in einem Seitental nahe Puc\u00f3n un"},"footnotes":""},"class_list":["post-359","page","type-page","status-publish","hentry"],"_links":{"self":[{"href":"https:\/\/www.chile-reise.com\/de\/wp-json\/wp\/v2\/pages\/359","targetHints":{"allow":["GET"]}}],"collection":[{"href":"https:\/\/www.chile-reise.com\/de\/wp-json\/wp\/v2\/pages"}],"about":[{"href":"https:\/\/www.chile-reise.com\/de\/wp-json\/wp\/v2\/types\/page"}],"author":[{"embeddable":true,"href":"https:\/\/www.chile-reise.com\/de\/wp-json\/wp\/v2\/users\/16"}],"replies":[{"embeddable":true,"href":"https:\/\/www.chile-reise.com\/de\/wp-json\/wp\/v2\/comments?post=359"}],"version-history":[{"count":0,"href":"https:\/\/www.chile-reise.com\/de\/wp-json\/wp\/v2\/pages\/359\/revisions"}],"up":[{"embeddable":true,"href":"https:\/\/www.chile-reise.com\/de\/wp-json\/wp\/v2\/pages\/214"}],"wp:attachment":[{"href":"https:\/\/www.chile-reise.com\/de\/wp-json\/wp\/v2\/media?parent=359"}],"curies":[{"name":"wp","href":"https:\/\/api.w.org\/{rel}","templated":true}]}}