{"id":357,"date":"2013-07-03T22:02:05","date_gmt":"2013-07-03T20:02:05","guid":{"rendered":"http:\/\/www.chile-reise.com\/wordpress\/?page_id=357"},"modified":"2013-10-17T17:00:03","modified_gmt":"2013-10-17T15:00:03","slug":"ecocamp-nevados-de-sollipulli","status":"publish","type":"page","link":"https:\/\/www.chile-reise.com\/de\/hotels\/seengebiet\/ecocamp-nevados-de-sollipulli\/","title":{"rendered":"Ecocamp Nevados de Sollipulli"},"content":{"rendered":"<p>\r\n        <style type='text\/css'>\r\n            #gallery-1 {\r\n                margin: auto;\r\n            }\r\n            #gallery-1 .gallery-item {\r\n                float: left;\r\n                margin-top: 10px;\r\n                text-align: center;\r\n                width: 33%;           }\r\n            #gallery-1 img {\r\n                border: 2px solid #cfcfcf;\r\n            }\r\n            #gallery-1 .gallery-caption {\r\n                margin-left: 0;\r\n            }\r\n        <\/style>\r\n        <!-- see gallery_shortcode() in wp-includes\/media.php -->\r\n        <div id='gallery-1' class='gallery-images gallery galleryid-357'><dl class='gallery-item'>\r\n            <dt class='gallery-icon'>\r\n                <a href='https:\/\/www.chile-reise.com\/wp-content\/uploads\/Ecocamp-Nevados-De-Sollipulli.jpg'><img loading=\"lazy\" decoding=\"async\" width=\"240\" height=\"140\" src=\"https:\/\/www.chile-reise.com\/wp-content\/uploads\/Ecocamp-Nevados-De-Sollipulli-240x140.jpg\" class=\"attachment-thumbnail size-thumbnail\" alt=\"Ecocamp Nevados De Sollipulli\" \/><\/a>\r\n            <\/dt>\r\n                <dd class='gallery-caption'>\r\n                Ecocamp Nevados de Sollipulli\r\n                <\/dd><\/dl><dl class='gallery-item'>\r\n            <dt class='gallery-icon'>\r\n                <a href='https:\/\/www.chile-reise.com\/wp-content\/uploads\/Nevados-De-Sollipulli-Domo-Tent-Interior.jpg'><img loading=\"lazy\" decoding=\"async\" width=\"240\" height=\"140\" src=\"https:\/\/www.chile-reise.com\/wp-content\/uploads\/Nevados-De-Sollipulli-Domo-Tent-Interior-240x140.jpg\" class=\"attachment-thumbnail size-thumbnail\" alt=\"Nevados De Sollipulli Domo Tent Interior\" \/><\/a>\r\n            <\/dt>\r\n                <dd class='gallery-caption'>\r\n                Nevados de Sollipulli Domo Tent Interior\r\n                <\/dd><\/dl><dl class='gallery-item'>\r\n            <dt class='gallery-icon'>\r\n                <a href='https:\/\/www.chile-reise.com\/wp-content\/uploads\/Nevados-De-Sollipulli-Living-Room.jpg'><img loading=\"lazy\" decoding=\"async\" width=\"240\" height=\"140\" src=\"https:\/\/www.chile-reise.com\/wp-content\/uploads\/Nevados-De-Sollipulli-Living-Room-240x140.jpg\" class=\"attachment-thumbnail size-thumbnail\" alt=\"Ecocamp Nevados De Sollipulli\" \/><\/a>\r\n            <\/dt>\r\n                <dd class='gallery-caption'>\r\n                Nevados de Sollipulli Living Room\r\n                <\/dd><\/dl><br style=\"clear: both\" \/>\r\n            <br style='clear: both;' \/>\r\n        <\/div>\n\n<div class=\"clear\"><\/div><div class=\"divider\"><\/div>\n<p>Mitten in der Reserva Nacional Villarrica liegen an einer einsamen Lagune mitten im Wald die Domo-Zelte des Ecocamps Nevados de Sollipulli. Der gr\u00f6\u00dfte \u00abDomo\u00bb ist das Aufenthalts- und Esszimmer, mit riesigen Fenstern  und mit einem Kamin ausgestattet, der wohlige W\u00e4rme verbreitet. Nach Wanderungen oder Reittouren laden Holzbadewannen dazu ein, unter dem Sternenhimmel bei einem hei\u00dfen Bad zu entspannen. Beheizt werden sie durch ein kleines campeigenes Wasserkraftwerk. In jedem Zelt gibt es eine Heizung und drei komfortable Betten mit Daunenbettw\u00e4sche sowie ein eigenes Bad mit Dusche\/WC im separaten Badehaus. Vom Camp aus k\u00f6nnen viele Wanderungen durch die Araukarienw\u00e4lder der Region unternommen werden. Auch Reittouren und Canyoning stehen auf dem Programm. Der Aufstieg zum Sollipulli-Krater, der von einem riesigen Gletscher ausgef\u00fcllt wird, ist sicherlich der H\u00f6hepunkt unter den Aktivit\u00e4ten hier. <\/p>\n<p><strong>Zimmer:<\/strong> 8 Domo-Zelte<br \/>\n<strong>Ausstattung:<\/strong> Heizung, Restaurant, Hot-Tubs, Ausr\u00fcstung f\u00fcr Wandertouren<\/p>","protected":false},"excerpt":{"rendered":"<p>Mitten in der Reserva Nacional Villarrica liegen an einer einsamen Lagune mitten im Wald die Domo-Zelte des Ecocamps Nevados de Sollipulli. Der gr\u00f6\u00dfte \u00abDomo\u00bb ist das Aufenthalts- und Esszimmer, mit riesigen Fenstern und mit einem Kamin ausgestattet, der wohlige W\u00e4rme &#8230;<\/p>\n","protected":false},"author":16,"featured_media":0,"parent":214,"menu_order":0,"comment_status":"open","ping_status":"open","template":"","meta":{"slim_seo":{"title":"Ecocamp Nevados de Sollipulli Ecocamp Nevados de Sollipulli - travelArt","description":"Ecocamp Nevados de Sollipulli Nevados de Sollipulli Domo Tent Interior Nevados de Sollipulli Living Room Mitten in der Reserva Nacional Villarrica liegen an ein"},"footnotes":""},"class_list":["post-357","page","type-page","status-publish","hentry"],"_links":{"self":[{"href":"https:\/\/www.chile-reise.com\/de\/wp-json\/wp\/v2\/pages\/357","targetHints":{"allow":["GET"]}}],"collection":[{"href":"https:\/\/www.chile-reise.com\/de\/wp-json\/wp\/v2\/pages"}],"about":[{"href":"https:\/\/www.chile-reise.com\/de\/wp-json\/wp\/v2\/types\/page"}],"author":[{"embeddable":true,"href":"https:\/\/www.chile-reise.com\/de\/wp-json\/wp\/v2\/users\/16"}],"replies":[{"embeddable":true,"href":"https:\/\/www.chile-reise.com\/de\/wp-json\/wp\/v2\/comments?post=357"}],"version-history":[{"count":0,"href":"https:\/\/www.chile-reise.com\/de\/wp-json\/wp\/v2\/pages\/357\/revisions"}],"up":[{"embeddable":true,"href":"https:\/\/www.chile-reise.com\/de\/wp-json\/wp\/v2\/pages\/214"}],"wp:attachment":[{"href":"https:\/\/www.chile-reise.com\/de\/wp-json\/wp\/v2\/media?parent=357"}],"curies":[{"name":"wp","href":"https:\/\/api.w.org\/{rel}","templated":true}]}}