{"id":356,"date":"2013-07-03T21:59:55","date_gmt":"2013-07-03T19:59:55","guid":{"rendered":"http:\/\/www.chile-reise.com\/wordpress\/?page_id=356"},"modified":"2015-04-10T22:24:38","modified_gmt":"2015-04-10T20:24:38","slug":"hostal-geronimo","status":"publish","type":"page","link":"https:\/\/www.chile-reise.com\/de\/hotels\/seengebiet\/hostal-geronimo\/","title":{"rendered":"Hostal Geronimo ***"},"content":{"rendered":"<p>\r\n        <style type='text\/css'>\r\n            #gallery-1 {\r\n                margin: auto;\r\n            }\r\n            #gallery-1 .gallery-item {\r\n                float: left;\r\n                margin-top: 10px;\r\n                text-align: center;\r\n                width: 33%;           }\r\n            #gallery-1 img {\r\n                border: 2px solid #cfcfcf;\r\n            }\r\n            #gallery-1 .gallery-caption {\r\n                margin-left: 0;\r\n            }\r\n        <\/style>\r\n        <!-- see gallery_shortcode() in wp-includes\/media.php -->\r\n        <div id='gallery-1' class='gallery-images gallery galleryid-356'><dl class='gallery-item'>\r\n            <dt class='gallery-icon'>\r\n                <a href='https:\/\/www.chile-reise.com\/wp-content\/uploads\/Hostal-Geronimo.jpg'><img loading=\"lazy\" decoding=\"async\" width=\"240\" height=\"140\" src=\"https:\/\/www.chile-reise.com\/wp-content\/uploads\/Hostal-Geronimo-240x140.jpg\" class=\"attachment-thumbnail size-thumbnail\" alt=\"Hostal Geronimo\" \/><\/a>\r\n            <\/dt>\r\n                <dd class='gallery-caption'>\r\n                hostal Geronimo\r\n                <\/dd><\/dl><dl class='gallery-item'>\r\n            <dt class='gallery-icon'>\r\n                <a href='https:\/\/www.chile-reise.com\/wp-content\/uploads\/Hostal-Geronimo-Twin-Room.jpg'><img loading=\"lazy\" decoding=\"async\" width=\"240\" height=\"140\" src=\"https:\/\/www.chile-reise.com\/wp-content\/uploads\/Hostal-Geronimo-Twin-Room-240x140.jpg\" class=\"attachment-thumbnail size-thumbnail\" alt=\"Hostal Geronimo Twin Room\" \/><\/a>\r\n            <\/dt>\r\n                <dd class='gallery-caption'>\r\n                Hostal Geronimo Twin Room\r\n                <\/dd><\/dl><dl class='gallery-item'>\r\n            <dt class='gallery-icon'>\r\n                <a href='https:\/\/www.chile-reise.com\/wp-content\/uploads\/Hostal-Geronimo-View-Balkony-1.jpg'><img loading=\"lazy\" decoding=\"async\" width=\"240\" height=\"140\" src=\"https:\/\/www.chile-reise.com\/wp-content\/uploads\/Hostal-Geronimo-View-Balkony-1-240x140.jpg\" class=\"attachment-thumbnail size-thumbnail\" alt=\"Hostal Geronimo View Balkony\" \/><\/a>\r\n            <\/dt>\r\n                <dd class='gallery-caption'>\r\n                Hostal Geronimo View\r\n                <\/dd><\/dl><br style=\"clear: both\" \/><dl class='gallery-item'>\r\n            <dt class='gallery-icon'>\r\n                <a href='https:\/\/www.chile-reise.com\/wp-content\/uploads\/Hostal-Geronimo-Lobby.jpg'><img loading=\"lazy\" decoding=\"async\" width=\"240\" height=\"140\" src=\"https:\/\/www.chile-reise.com\/wp-content\/uploads\/Hostal-Geronimo-Lobby-240x140.jpg\" class=\"attachment-thumbnail size-thumbnail\" alt=\"Hostal Geronimo Lobby\" \/><\/a>\r\n            <\/dt>\r\n                <dd class='gallery-caption'>\r\n                Hostal Geronimo Lobby\r\n                <\/dd><\/dl><dl class='gallery-item'>\r\n            <dt class='gallery-icon'>\r\n                <a href='https:\/\/www.chile-reise.com\/wp-content\/uploads\/Hostal-Geronimo-View-Balkony-2.jpg'><img loading=\"lazy\" decoding=\"async\" width=\"240\" height=\"140\" src=\"https:\/\/www.chile-reise.com\/wp-content\/uploads\/Hostal-Geronimo-View-Balkony-2-240x140.jpg\" class=\"attachment-thumbnail size-thumbnail\" alt=\"Hostal Geronimo View Balkony\" \/><\/a>\r\n            <\/dt>\r\n                <dd class='gallery-caption'>\r\n                Hostal Geronimo Balkony\r\n                <\/dd><\/dl><dl class='gallery-item'>\r\n            <dt class='gallery-icon'>\r\n                <a href='https:\/\/www.chile-reise.com\/wp-content\/uploads\/Hostal-Geronimo-Bar.jpg'><img loading=\"lazy\" decoding=\"async\" width=\"240\" height=\"140\" src=\"https:\/\/www.chile-reise.com\/wp-content\/uploads\/Hostal-Geronimo-Bar-240x140.jpg\" class=\"attachment-thumbnail size-thumbnail\" alt=\"Hostal Geronimo Bar\" \/><\/a>\r\n            <\/dt>\r\n                <dd class='gallery-caption'>\r\n                Hostal Geronimo Bar\r\n                <\/dd><\/dl><br style=\"clear: both\" \/>\r\n            <br style='clear: both;' \/>\r\n        <\/div>\n\n<div class=\"clear\"><\/div><div class=\"divider\"><\/div>\n<p>Das einfache, aber sehr angenehme Hostal Geronimo im Zentrum Puc\u00f3ns ist eine gute Option f\u00fcr preisbewusste G\u00e4ste. Die Zimmer sind ansprechend eingerichtet und die Aufenthaltsbereiche verstr\u00f6men eine gem\u00fctliche Wohnzimmeratmosph\u00e4re.<\/p>\n<p><strong>Zimmer:<\/strong> 34<br \/>\n<strong>Ausstattung:<\/strong> Kabel-TV, Minibar, Safe, Haartrockner, Restaurant, Bar, Cafeteria, Wohnzimmer, Versammlungsraum, Terrasse, Kamin, W\u00e4scheservice, Parkpl\u00e4tze<br \/>\n<strong>Internet:<\/strong> Wi-Fi<\/p>","protected":false},"excerpt":{"rendered":"<p>Das einfache, aber sehr angenehme Hostal Geronimo im Zentrum Puc\u00f3ns ist eine gute Option f\u00fcr preisbewusste G\u00e4ste. Die Zimmer sind ansprechend eingerichtet und die Aufenthaltsbereiche verstr\u00f6men eine gem\u00fctliche Wohnzimmeratmosph\u00e4re. Zimmer: 34 Ausstattung: Kabel-TV, Minibar, Safe, Haartrockner, Restaurant, Bar, Cafeteria, Wohnzimmer, &#8230;<\/p>\n","protected":false},"author":16,"featured_media":0,"parent":214,"menu_order":0,"comment_status":"open","ping_status":"open","template":"","meta":{"slim_seo":{"title":"Hostal Geronimo *** Hostal Geronimo *** - travelArt","description":"hostal Geronimo Hostal Geronimo Twin Room Hostal Geronimo View Hostal Geronimo Lobby Hostal Geronimo Balkony Hostal Geronimo Bar Das einfache, aber sehr angeneh"},"footnotes":""},"class_list":["post-356","page","type-page","status-publish","hentry"],"_links":{"self":[{"href":"https:\/\/www.chile-reise.com\/de\/wp-json\/wp\/v2\/pages\/356","targetHints":{"allow":["GET"]}}],"collection":[{"href":"https:\/\/www.chile-reise.com\/de\/wp-json\/wp\/v2\/pages"}],"about":[{"href":"https:\/\/www.chile-reise.com\/de\/wp-json\/wp\/v2\/types\/page"}],"author":[{"embeddable":true,"href":"https:\/\/www.chile-reise.com\/de\/wp-json\/wp\/v2\/users\/16"}],"replies":[{"embeddable":true,"href":"https:\/\/www.chile-reise.com\/de\/wp-json\/wp\/v2\/comments?post=356"}],"version-history":[{"count":0,"href":"https:\/\/www.chile-reise.com\/de\/wp-json\/wp\/v2\/pages\/356\/revisions"}],"up":[{"embeddable":true,"href":"https:\/\/www.chile-reise.com\/de\/wp-json\/wp\/v2\/pages\/214"}],"wp:attachment":[{"href":"https:\/\/www.chile-reise.com\/de\/wp-json\/wp\/v2\/media?parent=356"}],"curies":[{"name":"wp","href":"https:\/\/api.w.org\/{rel}","templated":true}]}}