{"id":354,"date":"2013-07-03T21:42:52","date_gmt":"2013-07-03T19:42:52","guid":{"rendered":"http:\/\/www.chile-reise.com\/wordpress\/?page_id=354"},"modified":"2015-04-10T22:24:11","modified_gmt":"2015-04-10T20:24:11","slug":"hotel-malalhue","status":"publish","type":"page","link":"https:\/\/www.chile-reise.com\/de\/hotels\/seengebiet\/hotel-malalhue\/","title":{"rendered":"Hotel Malalhue ****"},"content":{"rendered":"<p>\r\n        <style type='text\/css'>\r\n            #gallery-1 {\r\n                margin: auto;\r\n            }\r\n            #gallery-1 .gallery-item {\r\n                float: left;\r\n                margin-top: 10px;\r\n                text-align: center;\r\n                width: 33%;           }\r\n            #gallery-1 img {\r\n                border: 2px solid #cfcfcf;\r\n            }\r\n            #gallery-1 .gallery-caption {\r\n                margin-left: 0;\r\n            }\r\n        <\/style>\r\n        <!-- see gallery_shortcode() in wp-includes\/media.php -->\r\n        <div id='gallery-1' class='gallery-images gallery galleryid-354'><dl class='gallery-item'>\r\n            <dt class='gallery-icon'>\r\n                <a href='https:\/\/www.chile-reise.com\/wp-content\/uploads\/Malalhue.jpg'><img loading=\"lazy\" decoding=\"async\" width=\"240\" height=\"140\" src=\"https:\/\/www.chile-reise.com\/wp-content\/uploads\/Malalhue-240x140.jpg\" class=\"attachment-thumbnail size-thumbnail\" alt=\"Malalhue\" \/><\/a>\r\n            <\/dt>\r\n                <dd class='gallery-caption'>\r\n                Hotel Malalhue\r\n                <\/dd><\/dl><dl class='gallery-item'>\r\n            <dt class='gallery-icon'>\r\n                <a href='https:\/\/www.chile-reise.com\/wp-content\/uploads\/Malalhue-Double-Room-1.jpg'><img loading=\"lazy\" decoding=\"async\" width=\"240\" height=\"140\" src=\"https:\/\/www.chile-reise.com\/wp-content\/uploads\/Malalhue-Double-Room-1-240x140.jpg\" class=\"attachment-thumbnail size-thumbnail\" alt=\"Malalhue Double Room\" \/><\/a>\r\n            <\/dt>\r\n                <dd class='gallery-caption'>\r\n                Malalhue Double Room 1\r\n                <\/dd><\/dl><dl class='gallery-item'>\r\n            <dt class='gallery-icon'>\r\n                <a href='https:\/\/www.chile-reise.com\/wp-content\/uploads\/Malalhue-Restaurant.jpg'><img loading=\"lazy\" decoding=\"async\" width=\"240\" height=\"140\" src=\"https:\/\/www.chile-reise.com\/wp-content\/uploads\/Malalhue-Restaurant-240x140.jpg\" class=\"attachment-thumbnail size-thumbnail\" alt=\"Malalhue\" \/><\/a>\r\n            <\/dt>\r\n                <dd class='gallery-caption'>\r\n                Malalhue Restaurant\r\n                <\/dd><\/dl><br style=\"clear: both\" \/><dl class='gallery-item'>\r\n            <dt class='gallery-icon'>\r\n                <a href='https:\/\/www.chile-reise.com\/wp-content\/uploads\/Malalhue-Double-Room-2.jpg'><img loading=\"lazy\" decoding=\"async\" width=\"240\" height=\"140\" src=\"https:\/\/www.chile-reise.com\/wp-content\/uploads\/Malalhue-Double-Room-2-240x140.jpg\" class=\"attachment-thumbnail size-thumbnail\" alt=\"Malalhue Double Room\" \/><\/a>\r\n            <\/dt>\r\n                <dd class='gallery-caption'>\r\n                Malalhue Double Room 2\r\n                <\/dd><\/dl><dl class='gallery-item'>\r\n            <dt class='gallery-icon'>\r\n                <a href='https:\/\/www.chile-reise.com\/wp-content\/uploads\/Malalhue-Living-Room.jpg'><img loading=\"lazy\" decoding=\"async\" width=\"240\" height=\"140\" src=\"https:\/\/www.chile-reise.com\/wp-content\/uploads\/Malalhue-Living-Room-240x140.jpg\" class=\"attachment-thumbnail size-thumbnail\" alt=\"Malalhue Living Room\" \/><\/a>\r\n            <\/dt>\r\n                <dd class='gallery-caption'>\r\n                Malalhue Living\r\n                <\/dd><\/dl>\r\n            <br style='clear: both;' \/>\r\n        <\/div>\n\n<div class=\"clear\"><\/div><div class=\"divider\"><\/div>\n<p>Das urgem\u00fctliche Hotel Malalhue liegt etwas au\u00dferhalb des Zentrums von Puc\u00f3n. Viele Zimmer haben einen sch\u00f6nen Blick auf den Vulkan Villarrica. Das ganze Haus verstr\u00f6mt eine famili\u00e4re Atmosph\u00e4re und in den liebevoll eingerichteten Superior-Zimmern f\u00fchlt man sich schnell wie zu Hause. Der Ortskern von Puc\u00f3n ist in zu Fu\u00df in 15 Minuten erreichbar.<\/p>\n<p><strong>Zimmer:<\/strong> 24<br \/>\n<strong>Ausstattung:<\/strong> Heizung, Sat-TV, Telefon, Haartrockner, Restaurant, Bar, Safe, Wohnzimmer mit Kamin, Schwimmbecken, eigene Bierherstellung, Souvenirshop, W\u00e4scheservice, Parkpl\u00e4tze<br \/>\n<strong>Internet:<\/strong> Wi-Fi<\/p>","protected":false},"excerpt":{"rendered":"<p>Das urgem\u00fctliche Hotel Malalhue liegt etwas au\u00dferhalb des Zentrums von Puc\u00f3n. Viele Zimmer haben einen sch\u00f6nen Blick auf den Vulkan Villarrica. Das ganze Haus verstr\u00f6mt eine famili\u00e4re Atmosph\u00e4re und in den liebevoll eingerichteten Superior-Zimmern f\u00fchlt man sich schnell wie zu &#8230;<\/p>\n","protected":false},"author":16,"featured_media":0,"parent":214,"menu_order":0,"comment_status":"open","ping_status":"open","template":"","meta":{"slim_seo":{"title":"Hotel Malalhue **** Hotel Malalhue **** - travelArt","description":"Hotel Malalhue Malalhue Double Room 1 Malalhue Restaurant Malalhue Double Room 2 Malalhue Living Das urgem\u00fctliche Hotel Malalhue liegt etwas au\u00dferhalb des Zentr"},"footnotes":""},"class_list":["post-354","page","type-page","status-publish","hentry"],"_links":{"self":[{"href":"https:\/\/www.chile-reise.com\/de\/wp-json\/wp\/v2\/pages\/354","targetHints":{"allow":["GET"]}}],"collection":[{"href":"https:\/\/www.chile-reise.com\/de\/wp-json\/wp\/v2\/pages"}],"about":[{"href":"https:\/\/www.chile-reise.com\/de\/wp-json\/wp\/v2\/types\/page"}],"author":[{"embeddable":true,"href":"https:\/\/www.chile-reise.com\/de\/wp-json\/wp\/v2\/users\/16"}],"replies":[{"embeddable":true,"href":"https:\/\/www.chile-reise.com\/de\/wp-json\/wp\/v2\/comments?post=354"}],"version-history":[{"count":0,"href":"https:\/\/www.chile-reise.com\/de\/wp-json\/wp\/v2\/pages\/354\/revisions"}],"up":[{"embeddable":true,"href":"https:\/\/www.chile-reise.com\/de\/wp-json\/wp\/v2\/pages\/214"}],"wp:attachment":[{"href":"https:\/\/www.chile-reise.com\/de\/wp-json\/wp\/v2\/media?parent=354"}],"curies":[{"name":"wp","href":"https:\/\/api.w.org\/{rel}","templated":true}]}}