{"id":353,"date":"2013-07-03T21:41:43","date_gmt":"2013-07-03T19:41:43","guid":{"rendered":"http:\/\/www.chile-reise.com\/wordpress\/?page_id=353"},"modified":"2015-04-10T22:23:12","modified_gmt":"2015-04-10T20:23:12","slug":"hotel-monte-verde","status":"publish","type":"page","link":"https:\/\/www.chile-reise.com\/de\/hotels\/seengebiet\/hotel-monte-verde\/","title":{"rendered":"Hotel Monte Verde ****"},"content":{"rendered":"<p>\r\n        <style type='text\/css'>\r\n            #gallery-1 {\r\n                margin: auto;\r\n            }\r\n            #gallery-1 .gallery-item {\r\n                float: left;\r\n                margin-top: 10px;\r\n                text-align: center;\r\n                width: 33%;           }\r\n            #gallery-1 img {\r\n                border: 2px solid #cfcfcf;\r\n            }\r\n            #gallery-1 .gallery-caption {\r\n                margin-left: 0;\r\n            }\r\n        <\/style>\r\n        <!-- see gallery_shortcode() in wp-includes\/media.php -->\r\n        <div id='gallery-1' class='gallery-images gallery galleryid-353'><dl class='gallery-item'>\r\n            <dt class='gallery-icon'>\r\n                <a href='https:\/\/www.chile-reise.com\/wp-content\/uploads\/Monte-Verde.jpg'><img loading=\"lazy\" decoding=\"async\" width=\"240\" height=\"140\" src=\"https:\/\/www.chile-reise.com\/wp-content\/uploads\/Monte-Verde-240x140.jpg\" class=\"attachment-thumbnail size-thumbnail\" alt=\"Monte Verde\" \/><\/a>\r\n            <\/dt>\r\n                <dd class='gallery-caption'>\r\n                Hotel Monte Verde\r\n                <\/dd><\/dl><dl class='gallery-item'>\r\n            <dt class='gallery-icon'>\r\n                <a href='https:\/\/www.chile-reise.com\/wp-content\/uploads\/Monte-Verde-Room-1.jpg'><img loading=\"lazy\" decoding=\"async\" width=\"240\" height=\"140\" src=\"https:\/\/www.chile-reise.com\/wp-content\/uploads\/Monte-Verde-Room-1-240x140.jpg\" class=\"attachment-thumbnail size-thumbnail\" alt=\"Monte Verde Room\" \/><\/a>\r\n            <\/dt>\r\n                <dd class='gallery-caption'>\r\n                Monte Verde Room 1\r\n                <\/dd><\/dl><dl class='gallery-item'>\r\n            <dt class='gallery-icon'>\r\n                <a href='https:\/\/www.chile-reise.com\/wp-content\/uploads\/Monte-Verde-Pool.jpg'><img loading=\"lazy\" decoding=\"async\" width=\"240\" height=\"140\" src=\"https:\/\/www.chile-reise.com\/wp-content\/uploads\/Monte-Verde-Pool-240x140.jpg\" class=\"attachment-thumbnail size-thumbnail\" alt=\"Monte Verde Pool\" \/><\/a>\r\n            <\/dt>\r\n                <dd class='gallery-caption'>\r\n                Monte Verde Pool\r\n                <\/dd><\/dl><br style=\"clear: both\" \/><dl class='gallery-item'>\r\n            <dt class='gallery-icon'>\r\n                <a href='https:\/\/www.chile-reise.com\/wp-content\/uploads\/Monte-Verde-Living-Room.jpg'><img loading=\"lazy\" decoding=\"async\" width=\"240\" height=\"140\" src=\"https:\/\/www.chile-reise.com\/wp-content\/uploads\/Monte-Verde-Living-Room-240x140.jpg\" class=\"attachment-thumbnail size-thumbnail\" alt=\"Monte Verde Living Room\" \/><\/a>\r\n            <\/dt>\r\n                <dd class='gallery-caption'>\r\n                Monte Verde Living Room\r\n                <\/dd><\/dl><dl class='gallery-item'>\r\n            <dt class='gallery-icon'>\r\n                <a href='https:\/\/www.chile-reise.com\/wp-content\/uploads\/Monte-Verde-Room-2.jpg'><img loading=\"lazy\" decoding=\"async\" width=\"240\" height=\"140\" src=\"https:\/\/www.chile-reise.com\/wp-content\/uploads\/Monte-Verde-Room-2-240x140.jpg\" class=\"attachment-thumbnail size-thumbnail\" alt=\"Monte Verde Room\" \/><\/a>\r\n            <\/dt>\r\n                <dd class='gallery-caption'>\r\n                Monte Verde Room 2\r\n                <\/dd><\/dl><dl class='gallery-item'>\r\n            <dt class='gallery-icon'>\r\n                <a href='https:\/\/www.chile-reise.com\/wp-content\/uploads\/Monte-Verde-View.jpg'><img loading=\"lazy\" decoding=\"async\" width=\"240\" height=\"140\" src=\"https:\/\/www.chile-reise.com\/wp-content\/uploads\/Monte-Verde-View-240x140.jpg\" class=\"attachment-thumbnail size-thumbnail\" alt=\"Hotel Monte Verde\" \/><\/a>\r\n            <\/dt>\r\n                <dd class='gallery-caption'>\r\n                Monte Verde View\r\n                <\/dd><\/dl><br style=\"clear: both\" \/>\r\n            <br style='clear: both;' \/>\r\n        <\/div>\n\n<div class=\"clear\"><\/div><div class=\"divider\"><\/div>\n<p>Das h\u00fcbsche kleine Hotel Monte Verde mit wunderbarem Blick auf den Villarrica-See ist ein Familienbetrieb und befindet sich zwischen Villarrica und Puc\u00f3n. Neben liebevoll und nach unterschiedlichen Themen dekorierten Zimmern stehen auch gem\u00fctlich eingerichtete, rustikale Holz-Bungalows unterschiedlicher Gr\u00f6\u00dfe zur Verf\u00fcgung. Sie verf\u00fcgen \u00fcber Terrasse mit Grillm\u00f6glichkeit. Im Hotelgarten mit Sonnenterrasse und Schwimmbecken k\u00f6nnen es sich die G\u00e4ste an sch\u00f6nen Sommertagen gut gehen lassen.<\/p>\n<p><strong>Zimmer:<\/strong> 6 Zimmer und 14 Bungalows<br \/>\n<strong>Ausstattung:<\/strong> Heizung, Haartrockner, Safe, Sat-TV in den Blockh\u00e4usern, Seeblick, Telefon an der Rezeption, Cafeteria,  Terrasse, Schwimmbecken, Sauna, Hot Tub, Aufenthaltsraum mit Kamin und TV, Konferenzraum, Parkpl\u00e4tze<br \/>\n<strong>Internet:<\/strong> Wi-Fi <\/p>","protected":false},"excerpt":{"rendered":"<p>Das h\u00fcbsche kleine Hotel Monte Verde mit wunderbarem Blick auf den Villarrica-See ist ein Familienbetrieb und befindet sich zwischen Villarrica und Puc\u00f3n. Neben liebevoll und nach unterschiedlichen Themen dekorierten Zimmern stehen auch gem\u00fctlich eingerichtete, rustikale Holz-Bungalows unterschiedlicher Gr\u00f6\u00dfe zur Verf\u00fcgung. &#8230;<\/p>\n","protected":false},"author":16,"featured_media":0,"parent":214,"menu_order":0,"comment_status":"open","ping_status":"open","template":"","meta":{"slim_seo":{"title":"Hotel Monte Verde **** Hotel Monte Verde **** - travelArt","description":"Hotel Monte Verde Monte Verde Room 1 Monte Verde Pool Monte Verde Living Room Monte Verde Room 2 Monte Verde View Das h\u00fcbsche kleine Hotel Monte Verde mit wunde"},"footnotes":""},"class_list":["post-353","page","type-page","status-publish","hentry"],"_links":{"self":[{"href":"https:\/\/www.chile-reise.com\/de\/wp-json\/wp\/v2\/pages\/353","targetHints":{"allow":["GET"]}}],"collection":[{"href":"https:\/\/www.chile-reise.com\/de\/wp-json\/wp\/v2\/pages"}],"about":[{"href":"https:\/\/www.chile-reise.com\/de\/wp-json\/wp\/v2\/types\/page"}],"author":[{"embeddable":true,"href":"https:\/\/www.chile-reise.com\/de\/wp-json\/wp\/v2\/users\/16"}],"replies":[{"embeddable":true,"href":"https:\/\/www.chile-reise.com\/de\/wp-json\/wp\/v2\/comments?post=353"}],"version-history":[{"count":0,"href":"https:\/\/www.chile-reise.com\/de\/wp-json\/wp\/v2\/pages\/353\/revisions"}],"up":[{"embeddable":true,"href":"https:\/\/www.chile-reise.com\/de\/wp-json\/wp\/v2\/pages\/214"}],"wp:attachment":[{"href":"https:\/\/www.chile-reise.com\/de\/wp-json\/wp\/v2\/media?parent=353"}],"curies":[{"name":"wp","href":"https:\/\/api.w.org\/{rel}","templated":true}]}}