{"id":350,"date":"2013-07-03T21:39:10","date_gmt":"2013-07-03T19:39:10","guid":{"rendered":"http:\/\/www.chile-reise.com\/wordpress\/?page_id=350"},"modified":"2013-10-17T17:31:05","modified_gmt":"2013-10-17T15:31:05","slug":"hotel-pucon-green-park","status":"publish","type":"page","link":"https:\/\/www.chile-reise.com\/de\/hotels\/seengebiet\/hotel-pucon-green-park\/","title":{"rendered":"Hotel Puc\u00f3n Green Park ****"},"content":{"rendered":"<p>\r\n        <style type='text\/css'>\r\n            #gallery-1 {\r\n                margin: auto;\r\n            }\r\n            #gallery-1 .gallery-item {\r\n                float: left;\r\n                margin-top: 10px;\r\n                text-align: center;\r\n                width: 33%;           }\r\n            #gallery-1 img {\r\n                border: 2px solid #cfcfcf;\r\n            }\r\n            #gallery-1 .gallery-caption {\r\n                margin-left: 0;\r\n            }\r\n        <\/style>\r\n        <!-- see gallery_shortcode() in wp-includes\/media.php -->\r\n        <div id='gallery-1' class='gallery-images gallery galleryid-350'><dl class='gallery-item'>\r\n            <dt class='gallery-icon'>\r\n                <a href='https:\/\/www.chile-reise.com\/wp-content\/uploads\/Pucon-Green-Park-Garden-and-Pool.jpg'><img loading=\"lazy\" decoding=\"async\" width=\"240\" height=\"140\" src=\"https:\/\/www.chile-reise.com\/wp-content\/uploads\/Pucon-Green-Park-Garden-and-Pool-240x140.jpg\" class=\"attachment-thumbnail size-thumbnail\" alt=\"Pucon Green Park\" \/><\/a>\r\n            <\/dt>\r\n                <dd class='gallery-caption'>\r\n                Puc\u00f3n Green Park Garden and Pool\r\n                <\/dd><\/dl><dl class='gallery-item'>\r\n            <dt class='gallery-icon'>\r\n                <a href='https:\/\/www.chile-reise.com\/wp-content\/uploads\/Pucon-Green-Park.jpg'><img loading=\"lazy\" decoding=\"async\" width=\"240\" height=\"138\" src=\"https:\/\/www.chile-reise.com\/wp-content\/uploads\/Pucon-Green-Park-240x138.jpg\" class=\"attachment-thumbnail size-thumbnail\" alt=\"Pucon Green Park\" \/><\/a>\r\n            <\/dt>\r\n                <dd class='gallery-caption'>\r\n                Hotel Puc\u00f3n Green Park\r\n                <\/dd><\/dl><dl class='gallery-item'>\r\n            <dt class='gallery-icon'>\r\n                <a href='https:\/\/www.chile-reise.com\/wp-content\/uploads\/Pucon-Green-Park-Double-Room.jpg'><img loading=\"lazy\" decoding=\"async\" width=\"240\" height=\"140\" src=\"https:\/\/www.chile-reise.com\/wp-content\/uploads\/Pucon-Green-Park-Double-Room-240x140.jpg\" class=\"attachment-thumbnail size-thumbnail\" alt=\"Pucon Green Park Double Room\" \/><\/a>\r\n            <\/dt>\r\n                <dd class='gallery-caption'>\r\n                Puc\u00f3n Green Prk Double Room\r\n                <\/dd><\/dl><br style=\"clear: both\" \/>\r\n            <br style='clear: both;' \/>\r\n        <\/div>\n\n<div class=\"clear\"><\/div><div class=\"divider\"><\/div>\n<p>Das Hotel Green Park liegt 3 km vom Zentrum Puc\u00f3n entfernt in wunderbarer Umgebung und bietet einen beeindruckenden Blick auf den Vulkan Villarrica und die Anden. Sehr viel Holz, Natursteinb\u00f6den und dezente Dekoration verleihen dem Hotel eine angenehme Atmosph\u00e4re. Eine sch\u00f6ne, weitl\u00e4ufige Gartenanlage mit Schwimmbecken l\u00e4dt im Sommer zum Entspannen ein. Im Winter und an den Abendenden w\u00e4rmt der offene Kamin im gem\u00fctlichen Wohnzimmer des Hotels.<\/p>\n<p><strong>Zimmer:<\/strong> 50<br \/>\n<strong>Ausstattung:<\/strong> Heizung, Telefon, Minibar, Safe, Kabel-TV, Massagedusche, Restaurant, Bar, Veranstaltungsraum, Gartenanlagen, Quincho-Grill, Massageraum, Leesesaal, Spielesaal, Schwimmbecken, W\u00e4scheservice, Parkpl\u00e4tze<br \/>\n<strong>Internet:<\/strong> Wi-Fi<\/p>","protected":false},"excerpt":{"rendered":"<p>Das Hotel Green Park liegt 3 km vom Zentrum Puc\u00f3n entfernt in wunderbarer Umgebung und bietet einen beeindruckenden Blick auf den Vulkan Villarrica und die Anden. Sehr viel Holz, Natursteinb\u00f6den und dezente Dekoration verleihen dem Hotel eine angenehme Atmosph\u00e4re. Eine &#8230;<\/p>\n","protected":false},"author":16,"featured_media":0,"parent":214,"menu_order":0,"comment_status":"open","ping_status":"open","template":"","meta":{"slim_seo":{"title":"Hotel Puc\u00f3n Green Park **** Hotel Puc\u00f3n Green Park **** - travelArt","description":"Puc\u00f3n Green Park Garden and Pool Hotel Puc\u00f3n Green Park Puc\u00f3n Green Prk Double Room Das Hotel Green Park liegt 3 km vom Zentrum Puc\u00f3n entfernt in wunderbarer Um"},"footnotes":""},"class_list":["post-350","page","type-page","status-publish","hentry"],"_links":{"self":[{"href":"https:\/\/www.chile-reise.com\/de\/wp-json\/wp\/v2\/pages\/350","targetHints":{"allow":["GET"]}}],"collection":[{"href":"https:\/\/www.chile-reise.com\/de\/wp-json\/wp\/v2\/pages"}],"about":[{"href":"https:\/\/www.chile-reise.com\/de\/wp-json\/wp\/v2\/types\/page"}],"author":[{"embeddable":true,"href":"https:\/\/www.chile-reise.com\/de\/wp-json\/wp\/v2\/users\/16"}],"replies":[{"embeddable":true,"href":"https:\/\/www.chile-reise.com\/de\/wp-json\/wp\/v2\/comments?post=350"}],"version-history":[{"count":0,"href":"https:\/\/www.chile-reise.com\/de\/wp-json\/wp\/v2\/pages\/350\/revisions"}],"up":[{"embeddable":true,"href":"https:\/\/www.chile-reise.com\/de\/wp-json\/wp\/v2\/pages\/214"}],"wp:attachment":[{"href":"https:\/\/www.chile-reise.com\/de\/wp-json\/wp\/v2\/media?parent=350"}],"curies":[{"name":"wp","href":"https:\/\/api.w.org\/{rel}","templated":true}]}}