{"id":349,"date":"2013-07-03T21:37:34","date_gmt":"2013-07-03T19:37:34","guid":{"rendered":"http:\/\/www.chile-reise.com\/wordpress\/?page_id=349"},"modified":"2013-10-17T19:12:38","modified_gmt":"2013-10-17T17:12:38","slug":"hotel-antumalal","status":"publish","type":"page","link":"https:\/\/www.chile-reise.com\/de\/hotels\/seengebiet\/hotel-antumalal\/","title":{"rendered":"Hotel Antumalal ****"},"content":{"rendered":"<p>\r\n        <style type='text\/css'>\r\n            #gallery-1 {\r\n                margin: auto;\r\n            }\r\n            #gallery-1 .gallery-item {\r\n                float: left;\r\n                margin-top: 10px;\r\n                text-align: center;\r\n                width: 33%;           }\r\n            #gallery-1 img {\r\n                border: 2px solid #cfcfcf;\r\n            }\r\n            #gallery-1 .gallery-caption {\r\n                margin-left: 0;\r\n            }\r\n        <\/style>\r\n        <!-- see gallery_shortcode() in wp-includes\/media.php -->\r\n        <div id='gallery-1' class='gallery-images gallery galleryid-349'><dl class='gallery-item'>\r\n            <dt class='gallery-icon'>\r\n                <a href='https:\/\/www.chile-reise.com\/wp-content\/uploads\/Antumalal.jpg'><img loading=\"lazy\" decoding=\"async\" width=\"240\" height=\"140\" src=\"https:\/\/www.chile-reise.com\/wp-content\/uploads\/Antumalal-240x140.jpg\" class=\"attachment-thumbnail size-thumbnail\" alt=\"Antumalal\" \/><\/a>\r\n            <\/dt>\r\n                <dd class='gallery-caption'>\r\n                Hotel Antumalal\r\n                <\/dd><\/dl><dl class='gallery-item'>\r\n            <dt class='gallery-icon'>\r\n                <a href='https:\/\/www.chile-reise.com\/wp-content\/uploads\/Antumalal-Double-Room.jpg'><img loading=\"lazy\" decoding=\"async\" width=\"240\" height=\"140\" src=\"https:\/\/www.chile-reise.com\/wp-content\/uploads\/Antumalal-Double-Room-240x140.jpg\" class=\"attachment-thumbnail size-thumbnail\" alt=\"Antumalal\" \/><\/a>\r\n            <\/dt>\r\n                <dd class='gallery-caption'>\r\n                Antumalal Double Room\r\n                <\/dd><\/dl><dl class='gallery-item'>\r\n            <dt class='gallery-icon'>\r\n                <a href='https:\/\/www.chile-reise.com\/wp-content\/uploads\/Antumalal-Sitting-Area.jpg'><img loading=\"lazy\" decoding=\"async\" width=\"240\" height=\"140\" src=\"https:\/\/www.chile-reise.com\/wp-content\/uploads\/Antumalal-Sitting-Area-240x140.jpg\" class=\"attachment-thumbnail size-thumbnail\" alt=\"Antumalal Sitting Area\" \/><\/a>\r\n            <\/dt>\r\n                <dd class='gallery-caption'>\r\n                Antumalal Sitting Area\r\n                <\/dd><\/dl><br style=\"clear: both\" \/><dl class='gallery-item'>\r\n            <dt class='gallery-icon'>\r\n                <a href='https:\/\/www.chile-reise.com\/wp-content\/uploads\/Antumalal-Living-Room.jpg'><img loading=\"lazy\" decoding=\"async\" width=\"240\" height=\"140\" src=\"https:\/\/www.chile-reise.com\/wp-content\/uploads\/Antumalal-Living-Room-240x140.jpg\" class=\"attachment-thumbnail size-thumbnail\" alt=\"Antumalal Living Room\" \/><\/a>\r\n            <\/dt>\r\n                <dd class='gallery-caption'>\r\n                Antumalal Living Room\r\n                <\/dd><\/dl><dl class='gallery-item'>\r\n            <dt class='gallery-icon'>\r\n                <a href='https:\/\/www.chile-reise.com\/wp-content\/uploads\/Antumalal-Suite.jpg'><img loading=\"lazy\" decoding=\"async\" width=\"240\" height=\"140\" src=\"https:\/\/www.chile-reise.com\/wp-content\/uploads\/Antumalal-Suite-240x140.jpg\" class=\"attachment-thumbnail size-thumbnail\" alt=\"Antumalal Suite\" \/><\/a>\r\n            <\/dt>\r\n                <dd class='gallery-caption'>\r\n                Antumalal Suite\r\n                <\/dd><\/dl><dl class='gallery-item'>\r\n            <dt class='gallery-icon'>\r\n                <a href='https:\/\/www.chile-reise.com\/wp-content\/uploads\/Antumalal-Terrace.jpg'><img loading=\"lazy\" decoding=\"async\" width=\"240\" height=\"140\" src=\"https:\/\/www.chile-reise.com\/wp-content\/uploads\/Antumalal-Terrace-240x140.jpg\" class=\"attachment-thumbnail size-thumbnail\" alt=\"Antumalal Terrace\" srcset=\"https:\/\/www.chile-reise.com\/wp-content\/uploads\/Antumalal-Terrace-240x140.jpg 240w, https:\/\/www.chile-reise.com\/wp-content\/uploads\/Antumalal-Terrace-562x330.jpg 562w, https:\/\/www.chile-reise.com\/wp-content\/uploads\/Antumalal-Terrace.jpg 1024w\" sizes=\"auto, (max-width: 240px) 100vw, 240px\" \/><\/a>\r\n            <\/dt>\r\n                <dd class='gallery-caption'>\r\n                Antumalal Terrace\r\n                <\/dd><\/dl><br style=\"clear: both\" \/>\r\n            <br style='clear: both;' \/>\r\n        <\/div>\n\n<div class=\"clear\"><\/div><div class=\"divider\"><\/div>\n<p>Das Hotel Antumalal ist das wohl bekannteste Traditionshotel in Puc\u00f3n. Schon K\u00f6nigin Elisabeth hat hier \u00fcbernachtet. Es liegt ca. 2 km au\u00dferhalb von Puc\u00f3n in einem riesigen Park und verf\u00fcgt \u00fcber Zugang zum See und einen eigenen Bootsanleger. Das Hotel ist gem\u00fctlich mit Holzarbeiten und Textilien eingerichtet und die Zimmer verf\u00fcgen \u00fcber einen eigenen Kamin. Das Geb\u00e4ude f\u00fcgt sich perfekt in die Landschaft ein und die gro\u00dfen Panoramafenster lassen Wald und See immer pr\u00e4sent sein.<\/p>\n<p><strong>Zimmer:<\/strong> 22<br \/>\n<strong>Ausstattung:<\/strong> Heizung, Safe, Badem\u00e4ntel, Haartrockner, Telefon, TV, Kamin auf den Zimmern, Restaurant, Bar, Parkanlage, Spa mit Sauna, Schwimmbecken, Whirpool, W\u00e4scheservice, Parkpl\u00e4tze<br \/>\n<strong>Internet:<\/strong> Wi-Fi<\/p>","protected":false},"excerpt":{"rendered":"<p>Das Hotel Antumalal ist das wohl bekannteste Traditionshotel in Puc\u00f3n. Schon K\u00f6nigin Elisabeth hat hier \u00fcbernachtet. Es liegt ca. 2 km au\u00dferhalb von Puc\u00f3n in einem riesigen Park und verf\u00fcgt \u00fcber Zugang zum See und einen eigenen Bootsanleger. Das Hotel &#8230;<\/p>\n","protected":false},"author":16,"featured_media":0,"parent":214,"menu_order":0,"comment_status":"open","ping_status":"open","template":"","meta":{"slim_seo":{"title":"Hotel Antumalal **** Hotel Antumalal **** - travelArt","description":"Hotel Antumalal Antumalal Double Room Antumalal Sitting Area Antumalal Living Room Antumalal Suite Antumalal Terrace Das Hotel Antumalal ist das wohl bekanntest"},"footnotes":""},"class_list":["post-349","page","type-page","status-publish","hentry"],"_links":{"self":[{"href":"https:\/\/www.chile-reise.com\/de\/wp-json\/wp\/v2\/pages\/349","targetHints":{"allow":["GET"]}}],"collection":[{"href":"https:\/\/www.chile-reise.com\/de\/wp-json\/wp\/v2\/pages"}],"about":[{"href":"https:\/\/www.chile-reise.com\/de\/wp-json\/wp\/v2\/types\/page"}],"author":[{"embeddable":true,"href":"https:\/\/www.chile-reise.com\/de\/wp-json\/wp\/v2\/users\/16"}],"replies":[{"embeddable":true,"href":"https:\/\/www.chile-reise.com\/de\/wp-json\/wp\/v2\/comments?post=349"}],"version-history":[{"count":0,"href":"https:\/\/www.chile-reise.com\/de\/wp-json\/wp\/v2\/pages\/349\/revisions"}],"up":[{"embeddable":true,"href":"https:\/\/www.chile-reise.com\/de\/wp-json\/wp\/v2\/pages\/214"}],"wp:attachment":[{"href":"https:\/\/www.chile-reise.com\/de\/wp-json\/wp\/v2\/media?parent=349"}],"curies":[{"name":"wp","href":"https:\/\/api.w.org\/{rel}","templated":true}]}}