{"id":348,"date":"2013-07-03T21:35:59","date_gmt":"2013-07-03T19:35:59","guid":{"rendered":"http:\/\/www.chile-reise.com\/wordpress\/?page_id=348"},"modified":"2017-02-23T22:16:28","modified_gmt":"2017-02-23T20:16:28","slug":"hotel-villarrica-park-lake","status":"publish","type":"page","link":"https:\/\/www.chile-reise.com\/de\/hotels\/seengebiet\/hotel-villarrica-park-lake\/","title":{"rendered":"Hotel Enjoy Park Lake Villarrica *****"},"content":{"rendered":"<style type='text\/css'>\r\n            #gallery-1 {\r\n                margin: auto;\r\n            }\r\n            #gallery-1 .gallery-item {\r\n                float: left;\r\n                margin-top: 10px;\r\n                text-align: center;\r\n                width: 33%;           }\r\n            #gallery-1 img {\r\n                border: 2px solid #cfcfcf;\r\n            }\r\n            #gallery-1 .gallery-caption {\r\n                margin-left: 0;\r\n            }\r\n        <\/style>\r\n        <!-- see gallery_shortcode() in wp-includes\/media.php -->\r\n        <div id='gallery-1' class='gallery-images gallery galleryid-348'><dl class='gallery-item'>\r\n            <dt class='gallery-icon'>\r\n                <a href='https:\/\/www.chile-reise.com\/wp-content\/uploads\/Villarrica-Park-Lake.jpg'><img loading=\"lazy\" decoding=\"async\" width=\"240\" height=\"140\" src=\"https:\/\/www.chile-reise.com\/wp-content\/uploads\/Villarrica-Park-Lake-240x140.jpg\" class=\"attachment-thumbnail size-thumbnail\" alt=\"Villarrica Park Lake\" \/><\/a>\r\n            <\/dt>\r\n                <dd class='gallery-caption'>\r\n                Villarrica Park Lake\r\n                <\/dd><\/dl><dl class='gallery-item'>\r\n            <dt class='gallery-icon'>\r\n                <a href='https:\/\/www.chile-reise.com\/wp-content\/uploads\/Villarica-Park-Lake-Double-Room-Superior.jpg'><img loading=\"lazy\" decoding=\"async\" width=\"240\" height=\"140\" src=\"https:\/\/www.chile-reise.com\/wp-content\/uploads\/Villarica-Park-Lake-Double-Room-Superior-240x140.jpg\" class=\"attachment-thumbnail size-thumbnail\" alt=\"Villarica Park Lake Double Room Superior\" \/><\/a>\r\n            <\/dt>\r\n                <dd class='gallery-caption'>\r\n                Villarrica Park Lake Double Room Superior\r\n                <\/dd><\/dl><dl class='gallery-item'>\r\n            <dt class='gallery-icon'>\r\n                <a href='https:\/\/www.chile-reise.com\/wp-content\/uploads\/Villarica-Park-Indoor-Pool.jpg'><img loading=\"lazy\" decoding=\"async\" width=\"240\" height=\"140\" src=\"https:\/\/www.chile-reise.com\/wp-content\/uploads\/Villarica-Park-Indoor-Pool-240x140.jpg\" class=\"attachment-thumbnail size-thumbnail\" alt=\"Villarica Park Lake\" \/><\/a>\r\n            <\/dt>\r\n                <dd class='gallery-caption'>\r\n                Villarrica Park Lake Indoor Pool\r\n                <\/dd><\/dl><br style=\"clear: both\" \/><dl class='gallery-item'>\r\n            <dt class='gallery-icon'>\r\n                <a href='https:\/\/www.chile-reise.com\/wp-content\/uploads\/Villarica-Park-Lake-Exterior-Pool.jpg'><img loading=\"lazy\" decoding=\"async\" width=\"240\" height=\"140\" src=\"https:\/\/www.chile-reise.com\/wp-content\/uploads\/Villarica-Park-Lake-Exterior-Pool-240x140.jpg\" class=\"attachment-thumbnail size-thumbnail\" alt=\"Villarica Park Lake Exterior Pool\" \/><\/a>\r\n            <\/dt>\r\n                <dd class='gallery-caption'>\r\n                Villarrica Park Lake Exterior Pool\r\n                <\/dd><\/dl><dl class='gallery-item'>\r\n            <dt class='gallery-icon'>\r\n                <a href='https:\/\/www.chile-reise.com\/wp-content\/uploads\/Villarica-Park-Lake-Lobby.jpg'><img loading=\"lazy\" decoding=\"async\" width=\"240\" height=\"140\" src=\"https:\/\/www.chile-reise.com\/wp-content\/uploads\/Villarica-Park-Lake-Lobby-240x140.jpg\" class=\"attachment-thumbnail size-thumbnail\" alt=\"Villarica Park Lake Lobby\" \/><\/a>\r\n            <\/dt>\r\n                <dd class='gallery-caption'>\r\n                Villarrica Park Lake Lobby\r\n                <\/dd><\/dl><dl class='gallery-item'>\r\n            <dt class='gallery-icon'>\r\n                <a href='https:\/\/www.chile-reise.com\/wp-content\/uploads\/Villarica-Park-Lake-Restaurant.jpg'><img loading=\"lazy\" decoding=\"async\" width=\"240\" height=\"140\" src=\"https:\/\/www.chile-reise.com\/wp-content\/uploads\/Villarica-Park-Lake-Restaurant-240x140.jpg\" class=\"attachment-thumbnail size-thumbnail\" alt=\"Villarica Park Lake Restaurant\" \/><\/a>\r\n            <\/dt>\r\n                <dd class='gallery-caption'>\r\n                Villarrica Park Lake Restaurant\r\n                <\/dd><\/dl><br style=\"clear: both\" \/>\r\n            <br style='clear: both;' \/>\r\n        <\/div>\n\n<div class=\"clear\"><\/div><div class=\"divider\"><\/div>\n<p>Das gut ausgestattete Hotel Enjoy Park Lake Villarrica liegt direkt am Ufer des Villarrica-Sees unter dem gleichnamigen und ist von sch\u00f6nen, gro\u00dfen Gartenanlagen umgeben. Alle Zimmer und Suites haben einen Balkon mit Seeblick. Die hervorragende Ausstattung und Umgebung des Hotels lassen keinen Wunsch offen und seine Lage macht es zu einem idealen Ausgangspunkt f\u00fcr Ausfl\u00fcge in die vielen Nationalparks der Umgebung.<\/p>\n<p><strong>Zimmer:<\/strong> 70<br \/>\n<strong>Ausstattung:<\/strong> Heizung, Telefon, Haartrockner, Sat-TV, Safe, Klimaanlage, B\u00fcgeleisen und -brett, Restaurant, Bar, Cafeteria, Garten, Bibliothek, Brettspiele, Spa, Au\u00dfenschwimmbecken, Innenschwimmbecken, Whirlpool, Fitnessraum, Solarium, Konferenzr\u00e4ume, Kinderbetreuung, Souvenirshop, Wechselstube, W\u00e4scheservice, Parkpl\u00e4tze<br \/>\nEin Zimmer ist behindertengerecht eingerichtet.<br \/>\n<strong>Internet:<\/strong> Wi-Fi","protected":false},"excerpt":{"rendered":"<p>Das gut ausgestattete Hotel Enjoy Park Lake Villarrica liegt direkt am Ufer des Villarrica-Sees unter dem gleichnamigen und ist von sch\u00f6nen, gro\u00dfen Gartenanlagen umgeben. Alle Zimmer und Suites haben einen Balkon mit Seeblick. Die hervorragende Ausstattung und Umgebung des Hotels &#8230;<\/p>\n","protected":false},"author":16,"featured_media":0,"parent":214,"menu_order":0,"comment_status":"open","ping_status":"open","template":"","meta":{"slim_seo":{"title":"Hotel Enjoy Park Lake Villarrica ***** - travelArt","description":"[:de] Villarrica Park Lake Villarrica Park Lake Double Room Superior Villarrica Park Lake Indoor Pool Villarrica Park Lake Exterior Pool Villarrica Park Lake Lo"},"footnotes":""},"class_list":["post-348","page","type-page","status-publish","hentry"],"_links":{"self":[{"href":"https:\/\/www.chile-reise.com\/de\/wp-json\/wp\/v2\/pages\/348","targetHints":{"allow":["GET"]}}],"collection":[{"href":"https:\/\/www.chile-reise.com\/de\/wp-json\/wp\/v2\/pages"}],"about":[{"href":"https:\/\/www.chile-reise.com\/de\/wp-json\/wp\/v2\/types\/page"}],"author":[{"embeddable":true,"href":"https:\/\/www.chile-reise.com\/de\/wp-json\/wp\/v2\/users\/16"}],"replies":[{"embeddable":true,"href":"https:\/\/www.chile-reise.com\/de\/wp-json\/wp\/v2\/comments?post=348"}],"version-history":[{"count":0,"href":"https:\/\/www.chile-reise.com\/de\/wp-json\/wp\/v2\/pages\/348\/revisions"}],"up":[{"embeddable":true,"href":"https:\/\/www.chile-reise.com\/de\/wp-json\/wp\/v2\/pages\/214"}],"wp:attachment":[{"href":"https:\/\/www.chile-reise.com\/de\/wp-json\/wp\/v2\/media?parent=348"}],"curies":[{"name":"wp","href":"https:\/\/api.w.org\/{rel}","templated":true}]}}