{"id":345,"date":"2013-07-03T21:31:33","date_gmt":"2013-07-03T19:31:33","guid":{"rendered":"http:\/\/www.chile-reise.com\/wordpress\/?page_id=345"},"modified":"2013-10-18T16:21:06","modified_gmt":"2013-10-18T14:21:06","slug":"hotel-regal-pacific","status":"publish","type":"page","link":"https:\/\/www.chile-reise.com\/de\/hotels\/santiago-zentralchile-und-pazifikkueste\/hotel-regal-pacific\/","title":{"rendered":"Hotel Regal Pacific *****"},"content":{"rendered":"<p>\r\n        <style type='text\/css'>\r\n            #gallery-1 {\r\n                margin: auto;\r\n            }\r\n            #gallery-1 .gallery-item {\r\n                float: left;\r\n                margin-top: 10px;\r\n                text-align: center;\r\n                width: 33%;           }\r\n            #gallery-1 img {\r\n                border: 2px solid #cfcfcf;\r\n            }\r\n            #gallery-1 .gallery-caption {\r\n                margin-left: 0;\r\n            }\r\n        <\/style>\r\n        <!-- see gallery_shortcode() in wp-includes\/media.php -->\r\n        <div id='gallery-1' class='gallery-images gallery galleryid-345'><dl class='gallery-item'>\r\n            <dt class='gallery-icon'>\r\n                <a href='https:\/\/www.chile-reise.com\/wp-content\/uploads\/Regal-Pacific.jpg'><img loading=\"lazy\" decoding=\"async\" width=\"240\" height=\"140\" src=\"https:\/\/www.chile-reise.com\/wp-content\/uploads\/Regal-Pacific-240x140.jpg\" class=\"attachment-thumbnail size-thumbnail\" alt=\"Regal Pacific\" \/><\/a>\r\n            <\/dt>\r\n                <dd class='gallery-caption'>\r\n                Regal Pacific\r\n                <\/dd><\/dl><dl class='gallery-item'>\r\n            <dt class='gallery-icon'>\r\n                <a href='https:\/\/www.chile-reise.com\/wp-content\/uploads\/Regal-Pacific-Double-Room.jpg'><img loading=\"lazy\" decoding=\"async\" width=\"240\" height=\"140\" src=\"https:\/\/www.chile-reise.com\/wp-content\/uploads\/Regal-Pacific-Double-Room-240x140.jpg\" class=\"attachment-thumbnail size-thumbnail\" alt=\"Regal Pacific Double Room\" \/><\/a>\r\n            <\/dt>\r\n                <dd class='gallery-caption'>\r\n                RegalPacific Double Room\r\n                <\/dd><\/dl><dl class='gallery-item'>\r\n            <dt class='gallery-icon'>\r\n                <a href='https:\/\/www.chile-reise.com\/wp-content\/uploads\/Regal-Pacific-Pool.jpg'><img loading=\"lazy\" decoding=\"async\" width=\"240\" height=\"140\" src=\"https:\/\/www.chile-reise.com\/wp-content\/uploads\/Regal-Pacific-Pool-240x140.jpg\" class=\"attachment-thumbnail size-thumbnail\" alt=\"Regal Pacific Pool\" \/><\/a>\r\n            <\/dt>\r\n                <dd class='gallery-caption'>\r\n                Regal Pacific Pool\r\n                <\/dd><\/dl><br style=\"clear: both\" \/>\r\n            <br style='clear: both;' \/>\r\n        <\/div>\n\n<div class=\"clear\"><\/div><div class=\"divider\"><\/div>\n<p>In bester Lage nahe des Gesch\u00e4ftszentrums Las Condes mit hochklassigen Restaurants und Gesch\u00e4ften bietet dieses Hotel einen guten Ausgangspunkt um die Stadt zu entdecken. Auch das Stadtzentrum und zahlreiche Attraktionen sind innerhalb k\u00fcrzester Zeit zu erreichen. Das Regal Pacific bietet Ihnen ein erstklassiges Ambiente mit klassischer, hochwertiger Ausstattung und hochmoderner Technik. Das Restaurant La Fattoria serviert eine gro\u00dfe Vielfalt an mediterranen, italienischen und lokalen Speisen, sowie exzellente Meeresfr\u00fcchte von der Pazifikk\u00fcste.<\/p>\n<p><strong>Zimmer:<\/strong> 104<br \/>\n<strong>Ausstattung:<\/strong> Klimaanlage, Kabel-TV, Radio, Haartrockner, Safe, Cafeteria, Bar, Telefon, Spa, Jacuzzi, Massageraum, Fitnessraum, Squash- und Racquetballpl\u00e4tze, Business-Center, Geldwechsel, W\u00e4scheservice, Souvenirshop, W\u00e4scheservice, P\u00e4rkpl\u00e4tze, Behindertengerechte Zimmer verf\u00fcgbar<br \/>\n<strong>Internet:<\/strong> Wi-Fi <\/p>","protected":false},"excerpt":{"rendered":"<p>In bester Lage nahe des Gesch\u00e4ftszentrums Las Condes mit hochklassigen Restaurants und Gesch\u00e4ften bietet dieses Hotel einen guten Ausgangspunkt um die Stadt zu entdecken. Auch das Stadtzentrum und zahlreiche Attraktionen sind innerhalb k\u00fcrzester Zeit zu erreichen. Das Regal Pacific bietet &#8230;<\/p>\n","protected":false},"author":16,"featured_media":0,"parent":210,"menu_order":0,"comment_status":"open","ping_status":"open","template":"","meta":{"slim_seo":{"title":"Hotel Regal Pacific ***** Hotel Regal Pacific ***** - travelArt","description":"Regal Pacific RegalPacific Double Room Regal Pacific Pool In bester Lage nahe des Gesch\u00e4ftszentrums Las Condes mit hochklassigen Restaurants und Gesch\u00e4ften biet"},"footnotes":""},"class_list":["post-345","page","type-page","status-publish","hentry"],"_links":{"self":[{"href":"https:\/\/www.chile-reise.com\/de\/wp-json\/wp\/v2\/pages\/345","targetHints":{"allow":["GET"]}}],"collection":[{"href":"https:\/\/www.chile-reise.com\/de\/wp-json\/wp\/v2\/pages"}],"about":[{"href":"https:\/\/www.chile-reise.com\/de\/wp-json\/wp\/v2\/types\/page"}],"author":[{"embeddable":true,"href":"https:\/\/www.chile-reise.com\/de\/wp-json\/wp\/v2\/users\/16"}],"replies":[{"embeddable":true,"href":"https:\/\/www.chile-reise.com\/de\/wp-json\/wp\/v2\/comments?post=345"}],"version-history":[{"count":0,"href":"https:\/\/www.chile-reise.com\/de\/wp-json\/wp\/v2\/pages\/345\/revisions"}],"up":[{"embeddable":true,"href":"https:\/\/www.chile-reise.com\/de\/wp-json\/wp\/v2\/pages\/210"}],"wp:attachment":[{"href":"https:\/\/www.chile-reise.com\/de\/wp-json\/wp\/v2\/media?parent=345"}],"curies":[{"name":"wp","href":"https:\/\/api.w.org\/{rel}","templated":true}]}}